{"id":781818,"date":"2026-01-30T04:19:53","date_gmt":"2026-01-30T01:19:53","guid":{"rendered":"https:\/\/roveyayinevi.com.tr\/index.php\/urun\/disney-winnie-the-pooh-yaz-oykulerim\/"},"modified":"2026-04-15T03:46:03","modified_gmt":"2026-04-15T00:46:03","slug":"disney-winnie-the-pooh-yaz-oykulerim","status":"publish","type":"product","link":"https:\/\/roveyayinevi.com.tr\/index.php\/urun\/disney-winnie-the-pooh-yaz-oykulerim\/","title":{"rendered":"Disney  Winnie The Pooh &#8211; Yaz \u00d6yk\u00fclerim"},"content":{"rendered":"<p>G\u00fcne\u015fli g\u00fcnler macera ve kahkahayla dolup ta\u015f\u0131yor. Winnie the Pooh\u2019un d\u00fcnyas\u0131ndan d\u00f6rt yaz \u00f6yk\u00fcs\u00fc seni bekliyor.<\/p>\n","protected":false},"excerpt":{"rendered":"<p>G\u00fcne\u015fli g\u00fcnler macera ve kahkahayla dolup ta\u015f\u0131yor. Winnie the Pooh\u2019un d\u00fcnyas\u0131ndan d\u00f6rt yaz \u00f6yk\u00fcs\u00fc seni bekliyor.<\/p>\n","protected":false},"featured_media":0,"template":"","meta":{"_monsterinsights_skip_tracking":false,"_monsterinsights_sitenote_active":false,"_monsterinsights_sitenote_note":"","_monsterinsights_sitenote_category":0},"product_brand":[],"product_cat":[12274,12284],"product_tag":[],"class_list":{"0":"post-781818","1":"product","2":"type-product","3":"status-publish","5":"product_cat-cocuk-ve-genclik-kitaplari","6":"product_cat-hikayeler","7":"pa_cilt-ciltsiz","8":"pa_tur-kitap","9":"pa_yayinevi-dogan-cocuk","10":"pa_yazar-kolektif","12":"first","13":"instock","14":"sale","15":"shipping-taxable","16":"purchasable","17":"product-type-simple"},"_links":{"self":[{"href":"https:\/\/roveyayinevi.com.tr\/index.php\/wp-json\/wp\/v2\/product\/781818","targetHints":{"allow":["GET"]}}],"collection":[{"href":"https:\/\/roveyayinevi.com.tr\/index.php\/wp-json\/wp\/v2\/product"}],"about":[{"href":"https:\/\/roveyayinevi.com.tr\/index.php\/wp-json\/wp\/v2\/types\/product"}],"wp:attachment":[{"href":"https:\/\/roveyayinevi.com.tr\/index.php\/wp-json\/wp\/v2\/media?parent=781818"}],"wp:term":[{"taxonomy":"product_brand","embeddable":true,"href":"https:\/\/roveyayinevi.com.tr\/index.php\/wp-json\/wp\/v2\/product_brand?post=781818"},{"taxonomy":"product_cat","embeddable":true,"href":"https:\/\/roveyayinevi.com.tr\/index.php\/wp-json\/wp\/v2\/product_cat?post=781818"},{"taxonomy":"product_tag","embeddable":true,"href":"https:\/\/roveyayinevi.com.tr\/index.php\/wp-json\/wp\/v2\/product_tag?post=781818"}],"curies":[{"name":"wp","href":"https:\/\/api.w.org\/{rel}","templated":true}]}}