{"id":781813,"date":"2026-01-30T04:19:43","date_gmt":"2026-01-30T01:19:43","guid":{"rendered":"https:\/\/roveyayinevi.com.tr\/index.php\/urun\/schopenhouer\/"},"modified":"2026-04-15T03:46:02","modified_gmt":"2026-04-15T00:46:02","slug":"schopenhouer","status":"publish","type":"product","link":"https:\/\/roveyayinevi.com.tr\/index.php\/urun\/schopenhouer\/","title":{"rendered":"Schopenhouer"},"content":{"rendered":"<p>K\u00f6r bir istemenin y\u0131k\u0131c\u0131 g\u00fcc\u00fc kar\u015f\u0131s\u0131nda insan ne yapabilir ki? Kant\u2019\u0131n projesini temel alarak geli\u015ftirdi\u011fi ba\u015fyap\u0131t\u0131 \u0130steme ve Tasavvur Olarak D\u00fcnya\u2019da Arthur Schopenhauer, bir yandan karamsar bir evren anlay\u0131\u015f\u0131ndan bahsederken, di\u011fer yandan sanat sayesinde kurtulu\u015f olana\u011f\u0131na y\u00f6nelik bir umudu ye\u015fertir. Elinizdeki bu kapsaml\u0131 incelemede Julian Young, isteme kavram\u0131n\u0131n metafizik stat\u00fcs\u00fcnden sanat\u0131n kurtar\u0131c\u0131 rol\u00fcne, etik a\u00e7mazlardan kadim Do\u011fu bilgeliklerine dek Schopenhauer felsefesine b\u00fct\u00fcnl\u00fckl\u00fc bir yakla\u015f\u0131m geli\u015ftiriyor. \u00d6zellikle filozofun Platon, Kant ve Hint felsefesiyle ili\u015fkilerini, s\u0131k\u0131 diyaloglar \u00fczerinden yeniden ele al\u0131p betimleyici bir Schopenhauer portresi sunuyor. Young\u2019\u0131n ele\u015ftirel yorumlar\u0131n\u0131 da i\u00e7eren kitap, b\u00f6ylece alternatif okumalara yer a\u00e7arak Schopenhauer\u2019\u0131n metafizik, etik ve estetik iddialar\u0131yla yeni tan\u0131\u015facak okura farkl\u0131 bak\u0131\u015f a\u00e7\u0131lar\u0131 kazand\u0131rmakta. Kendisinden sonraki felsefe ve sanat alan\u0131nda ba\u015fta Nietzsche, Freud, Wagner, Tolstoy gibi b\u00fcy\u00fck isimleri etkileyen Schopenhauer\u2019\u0131n d\u00fc\u015f\u00fcnceleri, Young\u2019\u0131n berrak dili sayesinde her okurun zihninde canlanacak bir netli\u011fe kavu\u015facak.<\/p>\n","protected":false},"excerpt":{"rendered":"<p>K\u00f6r bir istemenin y\u0131k\u0131c\u0131 g\u00fcc\u00fc kar\u015f\u0131s\u0131nda insan ne yapabilir ki? Kant\u2019\u0131n projesini temel alarak geli\u015ftirdi\u011fi ba\u015fyap\u0131t\u0131 \u0130steme ve Tasavvur Olarak D\u00fcnya\u2019da Arthur Schopenhauer, bir yandan karamsar<span class=\"excerpt-hellip\"> [\u2026]<\/span><\/p>\n","protected":false},"featured_media":0,"template":"","meta":{"_monsterinsights_skip_tracking":false,"_monsterinsights_sitenote_active":false,"_monsterinsights_sitenote_note":"","_monsterinsights_sitenote_category":0},"product_brand":[],"product_cat":[12388,26788],"product_tag":[],"class_list":{"0":"post-781813","1":"product","2":"type-product","3":"status-publish","5":"product_cat-felsefe","6":"product_cat-filozoflar","7":"pa_cilt-ciltsiz","8":"pa_tur-kitap","9":"pa_yayinevi-alfa-yayinlari","10":"pa_yazar-julian-young","12":"first","13":"instock","14":"sale","15":"shipping-taxable","16":"purchasable","17":"product-type-simple"},"_links":{"self":[{"href":"https:\/\/roveyayinevi.com.tr\/index.php\/wp-json\/wp\/v2\/product\/781813","targetHints":{"allow":["GET"]}}],"collection":[{"href":"https:\/\/roveyayinevi.com.tr\/index.php\/wp-json\/wp\/v2\/product"}],"about":[{"href":"https:\/\/roveyayinevi.com.tr\/index.php\/wp-json\/wp\/v2\/types\/product"}],"wp:attachment":[{"href":"https:\/\/roveyayinevi.com.tr\/index.php\/wp-json\/wp\/v2\/media?parent=781813"}],"wp:term":[{"taxonomy":"product_brand","embeddable":true,"href":"https:\/\/roveyayinevi.com.tr\/index.php\/wp-json\/wp\/v2\/product_brand?post=781813"},{"taxonomy":"product_cat","embeddable":true,"href":"https:\/\/roveyayinevi.com.tr\/index.php\/wp-json\/wp\/v2\/product_cat?post=781813"},{"taxonomy":"product_tag","embeddable":true,"href":"https:\/\/roveyayinevi.com.tr\/index.php\/wp-json\/wp\/v2\/product_tag?post=781813"}],"curies":[{"name":"wp","href":"https:\/\/api.w.org\/{rel}","templated":true}]}}