{"id":781811,"date":"2026-01-30T04:18:48","date_gmt":"2026-01-30T01:18:48","guid":{"rendered":"https:\/\/roveyayinevi.com.tr\/index.php\/urun\/hitit-krali-iv-tudhaliya\/"},"modified":"2026-04-15T03:45:27","modified_gmt":"2026-04-15T00:45:27","slug":"hitit-krali-iv-tudhaliya","status":"publish","type":"product","link":"https:\/\/roveyayinevi.com.tr\/index.php\/urun\/hitit-krali-iv-tudhaliya\/","title":{"rendered":"Hitit Kral\u0131 IV. Tudhaliya"},"content":{"rendered":"<p>Almanya ve \u0130ngiltere\u2019de yapt\u0131\u011f\u0131 \u00e7al\u0131\u015fmalardan elde etti\u011fi bulgular\u0131 da ekleyerek kitab\u0131 haz\u0131rlayan Prof. Ta\u015f, M\u00d6 13. y\u00fczy\u0131lda h\u00fck\u00fcm s\u00fcren Hitit kral\u0131 IV. Tudhaliya\u2019n\u0131n yaln\u0131zca imparatorluk i\u00e7indeki politikalar\u0131 de\u011fil, \u00fclkesini \u00e7evreleyen kom\u015fular\u0131yla kurdu\u011fu ili\u015fkileri de ustal\u0131kla ele al\u0131yor. Askeri, siyasi ve diplomatik eylemlerin \u015fekillendirdi\u011fi d\u0131\u015f politikayla birlikte, Hititlerin Anadolu merkezli imparatorlu\u011funun etki alan\u0131n\u0131n s\u0131n\u0131rlar\u0131 Suriye ve Mezopotamya\u2019ya kadar geni\u015fledi. \u00c7ivi yaz\u0131l\u0131 tabletlerin transkripsiyonunu da i\u00e7eren bu tez, d\u00f6nem \u00e7al\u0131\u015fmalar\u0131 i\u00e7in bir ba\u015fvuru kitab\u0131 niteli\u011fi de ta\u015f\u0131yor. B\u00fct\u00fcn bu s\u00fcrecin anlat\u0131ld\u0131\u011f\u0131 \u00e7al\u0131\u015fmada g\u00fcncel akademik bulgular, \u0130lknur Ta\u015f\u2019\u0131n yal\u0131n ve a\u00e7\u0131k anlat\u0131m\u0131yla birle\u015ferek \u00fczerinde ya\u015fad\u0131\u011f\u0131m\u0131z topraklar\u0131n kadim tarihinin arka planda kalm\u0131\u015f bir d\u00f6nemine mercek tutuyor.<\/p>\n","protected":false},"excerpt":{"rendered":"<p>Almanya ve \u0130ngiltere\u2019de yapt\u0131\u011f\u0131 \u00e7al\u0131\u015fmalardan elde etti\u011fi bulgular\u0131 da ekleyerek kitab\u0131 haz\u0131rlayan Prof. Ta\u015f, M\u00d6 13. y\u00fczy\u0131lda h\u00fck\u00fcm s\u00fcren Hitit kral\u0131 IV. Tudhaliya\u2019n\u0131n yaln\u0131zca imparatorluk i\u00e7indeki<span class=\"excerpt-hellip\"> [\u2026]<\/span><\/p>\n","protected":false},"featured_media":0,"template":"","meta":{"_monsterinsights_skip_tracking":false,"_monsterinsights_sitenote_active":false,"_monsterinsights_sitenote_note":"","_monsterinsights_sitenote_category":0},"product_brand":[],"product_cat":[12370,12304],"product_tag":[],"class_list":{"0":"post-781811","1":"product","2":"type-product","3":"status-publish","5":"product_cat-arastirma-inceleme","6":"product_cat-tarih","7":"pa_cilt-ciltsiz","8":"pa_tur-kitap","9":"pa_yayinevi-alfa-yayinlari","10":"pa_yazar-ilknur-tas","12":"first","13":"instock","14":"sale","15":"shipping-taxable","16":"purchasable","17":"product-type-simple"},"_links":{"self":[{"href":"https:\/\/roveyayinevi.com.tr\/index.php\/wp-json\/wp\/v2\/product\/781811","targetHints":{"allow":["GET"]}}],"collection":[{"href":"https:\/\/roveyayinevi.com.tr\/index.php\/wp-json\/wp\/v2\/product"}],"about":[{"href":"https:\/\/roveyayinevi.com.tr\/index.php\/wp-json\/wp\/v2\/types\/product"}],"wp:attachment":[{"href":"https:\/\/roveyayinevi.com.tr\/index.php\/wp-json\/wp\/v2\/media?parent=781811"}],"wp:term":[{"taxonomy":"product_brand","embeddable":true,"href":"https:\/\/roveyayinevi.com.tr\/index.php\/wp-json\/wp\/v2\/product_brand?post=781811"},{"taxonomy":"product_cat","embeddable":true,"href":"https:\/\/roveyayinevi.com.tr\/index.php\/wp-json\/wp\/v2\/product_cat?post=781811"},{"taxonomy":"product_tag","embeddable":true,"href":"https:\/\/roveyayinevi.com.tr\/index.php\/wp-json\/wp\/v2\/product_tag?post=781811"}],"curies":[{"name":"wp","href":"https:\/\/api.w.org\/{rel}","templated":true}]}}