{"id":781809,"date":"2026-01-30T04:06:42","date_gmt":"2026-01-30T01:06:42","guid":{"rendered":"https:\/\/roveyayinevi.com.tr\/index.php\/urun\/adanin-sevimli-ailesi\/"},"modified":"2026-04-15T03:35:40","modified_gmt":"2026-04-15T00:35:40","slug":"adanin-sevimli-ailesi","status":"publish","type":"product","link":"https:\/\/roveyayinevi.com.tr\/index.php\/urun\/adanin-sevimli-ailesi\/","title":{"rendered":"Ada\u2019n\u0131n Sevimli Ailesi"},"content":{"rendered":"<p>Bug\u00fcn evde \u015fenlik var. Ada\u2019n\u0131n akrabalar\u0131 ziyarete geliyor. Annesi leziz bir kek pi\u015firiyor, babas\u0131 da masay\u0131 kuruyor. Ada ise kap\u0131ya bak\u0131p misafirleri kar\u015f\u0131l\u0131yor. \u00d6nce ninesi ve dedesi geliyor. Sonra kuzenleri Lara ve Lina, Berk ve Kaan, day\u0131s\u0131 Tolga ve teyzesi Elif geliyor. \u00dcstelik teyzesi Ada\u2019ya hediye bile getirmi\u015f!   Erken \u00e7ocukluk d\u00f6nemindeki \u00e7ocuklar i\u00e7in keyifli bir aile bulu\u015fmas\u0131n\u0131 anlatan e\u011flenceli bir \u00f6yk\u00fc. <\/p>\n","protected":false},"excerpt":{"rendered":"<p>Bug\u00fcn evde \u015fenlik var. Ada\u2019n\u0131n akrabalar\u0131 ziyarete geliyor. Annesi leziz bir kek pi\u015firiyor, babas\u0131 da masay\u0131 kuruyor. Ada ise kap\u0131ya bak\u0131p misafirleri kar\u015f\u0131l\u0131yor. \u00d6nce ninesi ve<span class=\"excerpt-hellip\"> [\u2026]<\/span><\/p>\n","protected":false},"featured_media":0,"template":"","meta":{"_monsterinsights_skip_tracking":false,"_monsterinsights_sitenote_active":false,"_monsterinsights_sitenote_note":"","_monsterinsights_sitenote_category":0},"product_brand":[],"product_cat":[12274,12284],"product_tag":[],"class_list":{"0":"post-781809","1":"product","2":"type-product","3":"status-publish","5":"product_cat-cocuk-ve-genclik-kitaplari","6":"product_cat-hikayeler","7":"pa_cilt-ciltsiz","8":"pa_tur-kitap","9":"pa_yayinevi-dogan-cocuk","10":"pa_yazar-kathleen-amant","12":"first","13":"instock","14":"sale","15":"shipping-taxable","16":"purchasable","17":"product-type-simple"},"_links":{"self":[{"href":"https:\/\/roveyayinevi.com.tr\/index.php\/wp-json\/wp\/v2\/product\/781809","targetHints":{"allow":["GET"]}}],"collection":[{"href":"https:\/\/roveyayinevi.com.tr\/index.php\/wp-json\/wp\/v2\/product"}],"about":[{"href":"https:\/\/roveyayinevi.com.tr\/index.php\/wp-json\/wp\/v2\/types\/product"}],"wp:attachment":[{"href":"https:\/\/roveyayinevi.com.tr\/index.php\/wp-json\/wp\/v2\/media?parent=781809"}],"wp:term":[{"taxonomy":"product_brand","embeddable":true,"href":"https:\/\/roveyayinevi.com.tr\/index.php\/wp-json\/wp\/v2\/product_brand?post=781809"},{"taxonomy":"product_cat","embeddable":true,"href":"https:\/\/roveyayinevi.com.tr\/index.php\/wp-json\/wp\/v2\/product_cat?post=781809"},{"taxonomy":"product_tag","embeddable":true,"href":"https:\/\/roveyayinevi.com.tr\/index.php\/wp-json\/wp\/v2\/product_tag?post=781809"}],"curies":[{"name":"wp","href":"https:\/\/api.w.org\/{rel}","templated":true}]}}