{"id":781808,"date":"2026-01-30T04:00:38","date_gmt":"2026-01-30T01:00:38","guid":{"rendered":"https:\/\/roveyayinevi.com.tr\/index.php\/urun\/sayilarin-gizemi-kabala-numerolojisine-giris\/"},"modified":"2026-01-30T04:00:38","modified_gmt":"2026-01-30T01:00:38","slug":"sayilarin-gizemi-kabala-numerolojisine-giris","status":"publish","type":"product","link":"https:\/\/roveyayinevi.com.tr\/index.php\/urun\/sayilarin-gizemi-kabala-numerolojisine-giris\/","title":{"rendered":"Say\u0131lar\u0131n Gizemi-Kabala N\u00fcmerolojisine Giri\u015f"},"content":{"rendered":"<p>Say\u0131lar\u0131n incelenmesi en derin s\u0131rlar\u0131m\u0131zdan baz\u0131lar\u0131n\u0131 a\u00e7\u0131\u011fa \u00e7\u0131karabilir. Kabala, burada say\u0131larla ili\u015fkisi son derece iyi bir \u015fekilde ele al\u0131nan eski bir \u0130brani mistik gelene\u011fidir, ancak bu kitap Kabala&#8217;n\u0131n \u00f6tesine de ge\u00e7mektedir. Say\u0131lar\u0131n gizli bilimi hakk\u0131nda bilmek isteyece\u011finiz her \u015fey burada a\u00e7\u0131klanmaktad\u0131r. Ki\u015fi kadim mistik gelenekler hakk\u0131nda ne kadar \u00e7ok \u015fey bilirse, bu kitab\u0131 okumaktan o kadar \u00e7ok \u015fey kazanacakt\u0131r. Sepharial numerolojinin derinliklerine iniyor. M\u0131s\u0131rl\u0131lar\u0131n, Yunanl\u0131lar\u0131n ve Aryanlar\u0131n \u00f6\u011fretilerini inceleyerek say\u0131lar\u0131n ger\u00e7ek \u00f6nemini ve anlamlar\u0131n\u0131 ke\u015ffetmi\u015ftir. Bulgular\u0131n\u0131 bu \u00e7\u0131\u011f\u0131r a\u00e7an kitapta payla\u015f\u0131yor. Sepharial, Numeroloji ve Astroloji aras\u0131ndaki ili\u015fkiyi ortaya koyuyor. Ayr\u0131ca do\u011fan\u0131n i\u015fleyi\u015finin ses, renk, do\u011fal d\u00f6ng\u00fcler ve gezegen hareketleri alanlar\u0131nda say\u0131lara nas\u0131l ba\u011fl\u0131 oldu\u011funu g\u00f6steriyor. E\u011fer say\u0131lar\u0131 ya da d\u00fcnyan\u0131n gizli anahtarlar\u0131n\u0131 \u00e7\u00f6zmeyi seviyorsan\u0131z, bu kitap tam size g\u00f6re.<\/p>\n","protected":false},"excerpt":{"rendered":"<p>Say\u0131lar\u0131n incelenmesi en derin s\u0131rlar\u0131m\u0131zdan baz\u0131lar\u0131n\u0131 a\u00e7\u0131\u011fa \u00e7\u0131karabilir. Kabala, burada say\u0131larla ili\u015fkisi son derece iyi bir \u015fekilde ele al\u0131nan eski bir \u0130brani mistik gelene\u011fidir, ancak bu<span class=\"excerpt-hellip\"> [\u2026]<\/span><\/p>\n","protected":false},"featured_media":0,"template":"","meta":{"_monsterinsights_skip_tracking":false,"_monsterinsights_sitenote_active":false,"_monsterinsights_sitenote_note":"","_monsterinsights_sitenote_category":0},"product_brand":[],"product_cat":[12364,16154],"product_tag":[],"class_list":{"0":"post-781808","1":"product","2":"type-product","3":"status-publish","5":"product_cat-genel-konular","6":"product_cat-parapsikoloji","7":"pa_cilt-ciltsiz","8":"pa_tur-kitap","9":"pa_yayinevi-mitra-yayincilik","10":"pa_yazar-walter-gornold-sepharial","12":"first","13":"instock","14":"sale","15":"shipping-taxable","16":"purchasable","17":"product-type-simple"},"_links":{"self":[{"href":"https:\/\/roveyayinevi.com.tr\/index.php\/wp-json\/wp\/v2\/product\/781808","targetHints":{"allow":["GET"]}}],"collection":[{"href":"https:\/\/roveyayinevi.com.tr\/index.php\/wp-json\/wp\/v2\/product"}],"about":[{"href":"https:\/\/roveyayinevi.com.tr\/index.php\/wp-json\/wp\/v2\/types\/product"}],"wp:attachment":[{"href":"https:\/\/roveyayinevi.com.tr\/index.php\/wp-json\/wp\/v2\/media?parent=781808"}],"wp:term":[{"taxonomy":"product_brand","embeddable":true,"href":"https:\/\/roveyayinevi.com.tr\/index.php\/wp-json\/wp\/v2\/product_brand?post=781808"},{"taxonomy":"product_cat","embeddable":true,"href":"https:\/\/roveyayinevi.com.tr\/index.php\/wp-json\/wp\/v2\/product_cat?post=781808"},{"taxonomy":"product_tag","embeddable":true,"href":"https:\/\/roveyayinevi.com.tr\/index.php\/wp-json\/wp\/v2\/product_tag?post=781808"}],"curies":[{"name":"wp","href":"https:\/\/api.w.org\/{rel}","templated":true}]}}