{"id":781806,"date":"2026-01-30T03:36:15","date_gmt":"2026-01-30T00:36:15","guid":{"rendered":"https:\/\/roveyayinevi.com.tr\/index.php\/urun\/disney-sonsuz-oyku-mickey-farenin-kulup-evi\/"},"modified":"2026-04-16T03:03:55","modified_gmt":"2026-04-16T00:03:55","slug":"disney-sonsuz-oyku-mickey-farenin-kulup-evi","status":"publish","type":"product","link":"https:\/\/roveyayinevi.com.tr\/index.php\/urun\/disney-sonsuz-oyku-mickey-farenin-kulup-evi\/","title":{"rendered":"Disney Sonsuz \u00d6yk\u00fc Mickey Farenin Kul\u00fcp Evi"},"content":{"rendered":"<p>Bu kitap heyecan dolu! \u00d6nce Mickey ve arkada\u015flar\u0131n\u0131n ne\u015feli maceras\u0131n\u0131 oku. Sonra&#8230; \u00f6yk\u00fc bitmesin!   3D hayal g\u00fcc\u00fc sahnesini kur, en sevdi\u011fin kahramanlarla \u00f6yk\u00fcy\u00fc devam ettir. Fig\u00fcrlerini ilgin\u00e7 yerlere g\u00f6t\u00fcr, s\u0131cak hava balonuyla gezdir, hayal g\u00fcc\u00fcn\u00fc g\u00f6ster!   D\u0130KKAT: BU K\u0130TAP \u00c7OCU\u011eUNUZUN K\u00dc\u00c7\u00dcK MOTOR BECER\u0130LER\u0130N\u0130N, HAYAL G\u00dcC\u00dcN\u00dcN VE YARATICILI\u011eININ GEL\u0130\u015e\u0130M\u0130NE DESTEK OLAB\u0130L\u0130R! <\/p>\n","protected":false},"excerpt":{"rendered":"<p>Bu kitap heyecan dolu! \u00d6nce Mickey ve arkada\u015flar\u0131n\u0131n ne\u015feli maceras\u0131n\u0131 oku. Sonra&#8230; \u00f6yk\u00fc bitmesin! 3D hayal g\u00fcc\u00fc sahnesini kur, en sevdi\u011fin kahramanlarla \u00f6yk\u00fcy\u00fc devam ettir. Fig\u00fcrlerini<span class=\"excerpt-hellip\"> [\u2026]<\/span><\/p>\n","protected":false},"featured_media":0,"template":"","meta":{"_monsterinsights_skip_tracking":false,"_monsterinsights_sitenote_active":false,"_monsterinsights_sitenote_note":"","_monsterinsights_sitenote_category":0},"product_brand":[],"product_cat":[12913,12274],"product_tag":[],"class_list":{"0":"post-781806","1":"product","2":"type-product","3":"status-publish","5":"product_cat-3-6-yas-kitaplari","6":"product_cat-cocuk-ve-genclik-kitaplari","7":"pa_cilt-ciltsiz","8":"pa_tur-kitap","9":"pa_yayinevi-dogan-cocuk","10":"pa_yazar-kolektif","12":"first","13":"instock","14":"sale","15":"shipping-taxable","16":"purchasable","17":"product-type-simple"},"_links":{"self":[{"href":"https:\/\/roveyayinevi.com.tr\/index.php\/wp-json\/wp\/v2\/product\/781806","targetHints":{"allow":["GET"]}}],"collection":[{"href":"https:\/\/roveyayinevi.com.tr\/index.php\/wp-json\/wp\/v2\/product"}],"about":[{"href":"https:\/\/roveyayinevi.com.tr\/index.php\/wp-json\/wp\/v2\/types\/product"}],"wp:attachment":[{"href":"https:\/\/roveyayinevi.com.tr\/index.php\/wp-json\/wp\/v2\/media?parent=781806"}],"wp:term":[{"taxonomy":"product_brand","embeddable":true,"href":"https:\/\/roveyayinevi.com.tr\/index.php\/wp-json\/wp\/v2\/product_brand?post=781806"},{"taxonomy":"product_cat","embeddable":true,"href":"https:\/\/roveyayinevi.com.tr\/index.php\/wp-json\/wp\/v2\/product_cat?post=781806"},{"taxonomy":"product_tag","embeddable":true,"href":"https:\/\/roveyayinevi.com.tr\/index.php\/wp-json\/wp\/v2\/product_tag?post=781806"}],"curies":[{"name":"wp","href":"https:\/\/api.w.org\/{rel}","templated":true}]}}