{"id":781805,"date":"2026-01-30T03:33:45","date_gmt":"2026-01-30T00:33:45","guid":{"rendered":"https:\/\/roveyayinevi.com.tr\/index.php\/urun\/belladonna\/"},"modified":"2026-03-26T15:38:41","modified_gmt":"2026-03-26T12:38:41","slug":"belladonna","status":"publish","type":"product","link":"https:\/\/roveyayinevi.com.tr\/index.php\/urun\/belladonna\/","title":{"rendered":"Belladonna"},"content":{"rendered":"<p>En \u0130yi Gen\u00e7 Yeti\u015fkin Fantastik &amp; Bilim Kurgu Dal\u0131nda 2022 Goodreads Okur \u00d6d\u00fclleri Aday\u0131 New York Times&#8217;\u0131n \u00e7ok satan yazar\u0131 Adalyn Grace, son derece romantik, Gotik esintiler ta\u015f\u0131yan, zenginlik, tutku ve ihanet dolu bir d\u00fcnyan\u0131n kap\u0131lar\u0131n\u0131 okuyucular\u0131 i\u00e7in aral\u0131yor.  Bebekken \u00f6ks\u00fcz kalan Signa, on dokuz ya\u015f\u0131na kadar iyili\u011finden \u00e7ok ona kalacak miras\u0131 d\u00fc\u015f\u00fcnen vasiler taraf\u0131ndan b\u00fcy\u00fct\u00fcl\u00fcr ve bu vasilerden her biri, k\u00f6t\u00fc bir sonla kar\u015f\u0131 kar\u015f\u0131ya kal\u0131r. Signa\u2019n\u0131n son dura\u011f\u0131, Thorn Grove&#8217;da ya\u015fayan, hayatta kalan son akrabalar\u0131 olan Hawthornelard\u0131r. Ailenin babas\u0131, \u00e7\u0131lg\u0131n partilerle \u00f6len kar\u0131s\u0131n\u0131n yas\u0131n\u0131 tutarken o\u011flu, kaybetmekte olduklar\u0131 itibarlar\u0131n\u0131 geri kazanmak i\u00e7in u\u011fra\u015f\u0131r. Ailenin k\u0131z\u0131 ise gizemli bir hastal\u0131\u011fa yakalanm\u0131\u015ft\u0131r. Evin annesinin ruhu, Signa ile ileti\u015fim kurar ve birileri taraf\u0131ndan zehirlenerek \u00f6ld\u00fcr\u00fcld\u00fc\u011f\u00fcn\u00fc iddia eder. Signa, s\u0131\u011f\u0131nd\u0131\u011f\u0131 bu yeni ailenin b\u00fcy\u00fck bir tehlikede olabilece\u011fini fark eder ve katili yakalamak i\u00e7in huysuz bir seyisten yard\u0131m istemek zorunda kal\u0131r.  Ancak Signa&#8217;n\u0131n katili ortaya \u00e7\u0131karmak i\u00e7in tek \u015fans\u0131, ondan hi\u00e7 uzakla\u015famayan, b\u00fcy\u00fcleyici ve tehlikeli bir g\u00f6lge olan \u00d6l\u00fcm\u2019le ittifak yapmas\u0131d\u0131r. \u00d6l\u00fcm, onun hayat\u0131n\u0131 cehenneme \u00e7evirmi\u015f olsa da aralar\u0131nda Signa\u2019n\u0131n hayal edemeyece\u011fi kadar g\u00fc\u00e7lenen ve b\u00fcy\u00fcyen, kar\u015f\u0131 konulamaz ba\u011f olu\u015facakt\u0131r.<\/p>\n","protected":false},"excerpt":{"rendered":"<p>En \u0130yi Gen\u00e7 Yeti\u015fkin Fantastik &amp; Bilim Kurgu Dal\u0131nda 2022 Goodreads Okur \u00d6d\u00fclleri Aday\u0131 New York Times&#8217;\u0131n \u00e7ok satan yazar\u0131 Adalyn Grace, son derece romantik, Gotik<span class=\"excerpt-hellip\"> [\u2026]<\/span><\/p>\n","protected":false},"featured_media":0,"template":"","meta":{"_monsterinsights_skip_tracking":false,"_monsterinsights_sitenote_active":false,"_monsterinsights_sitenote_note":"","_monsterinsights_sitenote_category":0},"product_brand":[],"product_cat":[12540,12291],"product_tag":[],"class_list":{"0":"post-781805","1":"product","2":"type-product","3":"status-publish","5":"product_cat-bilim-kurgu","6":"product_cat-edebiyat","7":"pa_cilt-ciltsiz","8":"pa_tur-kitap","9":"pa_yayinevi-artemis-yayinlari","10":"pa_yazar-adalyn-grace","12":"first","13":"instock","14":"sale","15":"shipping-taxable","16":"purchasable","17":"product-type-simple"},"_links":{"self":[{"href":"https:\/\/roveyayinevi.com.tr\/index.php\/wp-json\/wp\/v2\/product\/781805","targetHints":{"allow":["GET"]}}],"collection":[{"href":"https:\/\/roveyayinevi.com.tr\/index.php\/wp-json\/wp\/v2\/product"}],"about":[{"href":"https:\/\/roveyayinevi.com.tr\/index.php\/wp-json\/wp\/v2\/types\/product"}],"wp:attachment":[{"href":"https:\/\/roveyayinevi.com.tr\/index.php\/wp-json\/wp\/v2\/media?parent=781805"}],"wp:term":[{"taxonomy":"product_brand","embeddable":true,"href":"https:\/\/roveyayinevi.com.tr\/index.php\/wp-json\/wp\/v2\/product_brand?post=781805"},{"taxonomy":"product_cat","embeddable":true,"href":"https:\/\/roveyayinevi.com.tr\/index.php\/wp-json\/wp\/v2\/product_cat?post=781805"},{"taxonomy":"product_tag","embeddable":true,"href":"https:\/\/roveyayinevi.com.tr\/index.php\/wp-json\/wp\/v2\/product_tag?post=781805"}],"curies":[{"name":"wp","href":"https:\/\/api.w.org\/{rel}","templated":true}]}}