{"id":781803,"date":"2026-01-30T03:24:56","date_gmt":"2026-01-30T00:24:56","guid":{"rendered":"https:\/\/roveyayinevi.com.tr\/index.php\/urun\/babamin-baglamasi\/"},"modified":"2026-01-30T03:24:56","modified_gmt":"2026-01-30T00:24:56","slug":"babamin-baglamasi","status":"publish","type":"product","link":"https:\/\/roveyayinevi.com.tr\/index.php\/urun\/babamin-baglamasi\/","title":{"rendered":"Babam\u0131n Ba\u011flamas\u0131"},"content":{"rendered":"<p>Beni bir \u00f6m\u00fcr sekiz k\u00f6\u015feli \u015fapkas\u0131n\u0131n g\u00f6z\u00fcnde ta\u015f\u0131yan babam\u0131 ba\u015f\u0131m\u0131n \u00fcst\u00fcnde ta\u015f\u0131mak i\u00e7in yeniden uzun ve karl\u0131 yollara d\u00fc\u015ft\u00fcm. Yirmi be\u015f y\u0131l sonra bir gece yar\u0131s\u0131 kap\u0131s\u0131n\u0131 \u00e7al\u0131p ona \u00fc\u00e7 g\u00fcnl\u00fck bir yolculuk ve \u00f6m\u00fcrl\u00fck sorular b\u0131rakan Heves Ali\u2019yi \u00e2\u015f\u0131klar\u0131n bayram\u0131na yeti\u015ftiren Yusuf, arabas\u0131n\u0131n bagaj\u0131nda babas\u0131n\u0131n eski bavulu, \u00f6n koltu\u011funda \u00fc\u00e7 telli ba\u011flamas\u0131 ve port bagaj\u0131nda tabutuyla bu kez topra\u011f\u0131na, evine, kendine do\u011fru yol al\u0131yor&#8230; Babam\u0131n Ba\u011flamas\u0131\u2019yla \u00c2\u015f\u0131klar Bayram\u0131\u2019n\u0131n ikinci perdesi a\u00e7\u0131l\u0131yor, Yusuf o derin kuyudan \u00e7\u0131k\u0131yor: Upuzun bir yolda, ge\u00e7mi\u015fin s\u0131rlar\u0131yla, gelece\u011fin belirsizli\u011fiyle ve hevesinden arta kalanlarla y\u00fczle\u015fen Yusuf, a\u015fka, ayr\u0131l\u0131\u011fa, \u00f6l\u00fcme ve yaln\u0131zl\u0131\u011fa yak\u0131lm\u0131\u015f yepyeni bir t\u00fcrk\u00fcye kulak veriyor. Cevdet Kudret Roman \u00d6d\u00fcl\u00fc, Attil\u00e2 \u0130lhan Roman \u00d6d\u00fcl\u00fc, Fransa-T\u00fcrkiye Edebiyat \u00d6d\u00fcl\u00fc ve Sait Faik Hik\u00e2ye Arma\u011fan\u0131 sahibi Kemal Varol, sinemaya da uyarlanan roman\u0131 \u00c2\u015f\u0131klar Bayram\u0131\u2019n\u0131n devam\u0131 olan Babam\u0131n Ba\u011flamas\u0131\u2019nda, merhaba ile ho\u015f\u00e7a kal aras\u0131ndaki derin vadide yank\u0131lananlarla yine ak\u0131llardan \u00e7\u0131kmayacak bir yolculu\u011fa \u00e7a\u011f\u0131r\u0131yor. \u00c7\u00fcnk\u00fc ayr\u0131l\u0131k, sadece bir insandan de\u011fil, art\u0131k i\u00e7inde olmad\u0131\u011f\u0131m\u0131z bir hik\u00e2yeden de mahrum kalmak demekti.<\/p>\n","protected":false},"excerpt":{"rendered":"<p>Beni bir \u00f6m\u00fcr sekiz k\u00f6\u015feli \u015fapkas\u0131n\u0131n g\u00f6z\u00fcnde ta\u015f\u0131yan babam\u0131 ba\u015f\u0131m\u0131n \u00fcst\u00fcnde ta\u015f\u0131mak i\u00e7in yeniden uzun ve karl\u0131 yollara d\u00fc\u015ft\u00fcm. Yirmi be\u015f y\u0131l sonra bir gece yar\u0131s\u0131<span class=\"excerpt-hellip\"> [\u2026]<\/span><\/p>\n","protected":false},"featured_media":0,"template":"","meta":{"_monsterinsights_skip_tracking":false,"_monsterinsights_sitenote_active":false,"_monsterinsights_sitenote_note":"","_monsterinsights_sitenote_category":0},"product_brand":[],"product_cat":[12291,12711],"product_tag":[],"class_list":{"0":"post-781803","1":"product","2":"type-product","3":"status-publish","5":"product_cat-edebiyat","6":"product_cat-roman-oyku","7":"pa_cilt-ciltsiz","8":"pa_tur-kitap","9":"pa_yayinevi-everest-yayinlari","10":"pa_yazar-kemal-varol","12":"first","13":"instock","14":"sale","15":"shipping-taxable","16":"purchasable","17":"product-type-simple"},"_links":{"self":[{"href":"https:\/\/roveyayinevi.com.tr\/index.php\/wp-json\/wp\/v2\/product\/781803","targetHints":{"allow":["GET"]}}],"collection":[{"href":"https:\/\/roveyayinevi.com.tr\/index.php\/wp-json\/wp\/v2\/product"}],"about":[{"href":"https:\/\/roveyayinevi.com.tr\/index.php\/wp-json\/wp\/v2\/types\/product"}],"wp:attachment":[{"href":"https:\/\/roveyayinevi.com.tr\/index.php\/wp-json\/wp\/v2\/media?parent=781803"}],"wp:term":[{"taxonomy":"product_brand","embeddable":true,"href":"https:\/\/roveyayinevi.com.tr\/index.php\/wp-json\/wp\/v2\/product_brand?post=781803"},{"taxonomy":"product_cat","embeddable":true,"href":"https:\/\/roveyayinevi.com.tr\/index.php\/wp-json\/wp\/v2\/product_cat?post=781803"},{"taxonomy":"product_tag","embeddable":true,"href":"https:\/\/roveyayinevi.com.tr\/index.php\/wp-json\/wp\/v2\/product_tag?post=781803"}],"curies":[{"name":"wp","href":"https:\/\/api.w.org\/{rel}","templated":true}]}}