{"id":781800,"date":"2026-01-30T03:10:42","date_gmt":"2026-01-30T00:10:42","guid":{"rendered":"https:\/\/roveyayinevi.com.tr\/index.php\/urun\/yazinin-dansi\/"},"modified":"2026-04-16T02:41:36","modified_gmt":"2026-04-15T23:41:36","slug":"yazinin-dansi","status":"publish","type":"product","link":"https:\/\/roveyayinevi.com.tr\/index.php\/urun\/yazinin-dansi\/","title":{"rendered":"Yaz\u0131n\u0131n Dans\u0131"},"content":{"rendered":"<p>Ka\u015flar\u0131 \u00e7at\u0131k, s\u0131k\u0131nt\u0131yla okuma kitab\u0131n\u0131 a\u00e7t\u0131. Resimdeki \u00e7ocu\u011fa bo\u015f bo\u015f bakt\u0131. \u00c7i\u00e7e\u011fi suluyordu k\u0131z. Can\u0131 yazl\u0131k evlerinin bah\u00e7esine gitmek istedi. Yaz ne g\u00fczeldi. Her \u015fey serbest&#8230; G\u00f6zleri dalg\u0131nla\u015ft\u0131. Bakt\u0131k\u00e7a, sulanan \u00e7i\u00e7e\u011fin yan\u0131nda gibi hisseti kendini. K\u0131za seslense, sesini duyuracakt\u0131 sanki. Bu s\u0131rada&#8230; resmin alt\u0131ndaki harfler, yaz\u0131ld\u0131klar\u0131 yerde k\u0131m\u0131ldan\u0131p duruyordu&#8230; Yazar, senarist Yasemin Yaz\u0131c\u0131 k\u00fc\u00e7\u00fck okurlar i\u00e7in yazd\u0131\u011f\u0131 ilk kitab\u0131nda, okuma ser\u00fcveninin ba\u015flang\u0131c\u0131ndaki bir \u00e7ocu\u011fun yaz\u0131yla kurdu\u011fu ilk ili\u015fkiyi \u00f6yk\u00fcle\u015ftirirken; harfler ve noktalama i\u015faretleri, G\u00f6zde Bitir Tufan\u2019\u0131n resimlerinde reng\u00e2renk karakterlere d\u00f6n\u00fc\u015f\u00fcyor.<\/p>\n","protected":false},"excerpt":{"rendered":"<p>Ka\u015flar\u0131 \u00e7at\u0131k, s\u0131k\u0131nt\u0131yla okuma kitab\u0131n\u0131 a\u00e7t\u0131. Resimdeki \u00e7ocu\u011fa bo\u015f bo\u015f bakt\u0131. \u00c7i\u00e7e\u011fi suluyordu k\u0131z. Can\u0131 yazl\u0131k evlerinin bah\u00e7esine gitmek istedi. Yaz ne g\u00fczeldi. Her \u015fey serbest&#8230;<span class=\"excerpt-hellip\"> [\u2026]<\/span><\/p>\n","protected":false},"featured_media":0,"template":"","meta":{"_monsterinsights_skip_tracking":false,"_monsterinsights_sitenote_active":false,"_monsterinsights_sitenote_note":"","_monsterinsights_sitenote_category":0},"product_brand":[],"product_cat":[12275,12274],"product_tag":[],"class_list":{"0":"post-781800","1":"product","2":"type-product","3":"status-publish","5":"product_cat-6-12-yas-kitaplari","6":"product_cat-cocuk-ve-genclik-kitaplari","7":"pa_cilt-ciltsiz","8":"pa_tur-kitap","9":"pa_yayinevi-can-cocuk-yayinlari","10":"pa_yazar-yasemin-yazici","12":"first","13":"instock","14":"sale","15":"shipping-taxable","16":"purchasable","17":"product-type-simple"},"_links":{"self":[{"href":"https:\/\/roveyayinevi.com.tr\/index.php\/wp-json\/wp\/v2\/product\/781800","targetHints":{"allow":["GET"]}}],"collection":[{"href":"https:\/\/roveyayinevi.com.tr\/index.php\/wp-json\/wp\/v2\/product"}],"about":[{"href":"https:\/\/roveyayinevi.com.tr\/index.php\/wp-json\/wp\/v2\/types\/product"}],"wp:attachment":[{"href":"https:\/\/roveyayinevi.com.tr\/index.php\/wp-json\/wp\/v2\/media?parent=781800"}],"wp:term":[{"taxonomy":"product_brand","embeddable":true,"href":"https:\/\/roveyayinevi.com.tr\/index.php\/wp-json\/wp\/v2\/product_brand?post=781800"},{"taxonomy":"product_cat","embeddable":true,"href":"https:\/\/roveyayinevi.com.tr\/index.php\/wp-json\/wp\/v2\/product_cat?post=781800"},{"taxonomy":"product_tag","embeddable":true,"href":"https:\/\/roveyayinevi.com.tr\/index.php\/wp-json\/wp\/v2\/product_tag?post=781800"}],"curies":[{"name":"wp","href":"https:\/\/api.w.org\/{rel}","templated":true}]}}