{"id":781799,"date":"2026-01-30T03:08:46","date_gmt":"2026-01-30T00:08:46","guid":{"rendered":"https:\/\/roveyayinevi.com.tr\/index.php\/urun\/filozof-baran\/"},"modified":"2026-04-16T02:40:47","modified_gmt":"2026-04-15T23:40:47","slug":"filozof-baran","status":"publish","type":"product","link":"https:\/\/roveyayinevi.com.tr\/index.php\/urun\/filozof-baran\/","title":{"rendered":"Filozof Baran"},"content":{"rendered":"<p>\u2022 Farkl\u0131 A\u00e7\u0131lardan De\u011ferler \u2022 Her b\u00f6l\u00fcm i\u00e7in haz\u0131rlanm\u0131\u015f FELSEFE ETK\u0130NL\u0130K DOSYASI!   Filozof Baran sordu\u011fu sorularla ve ele ald\u0131\u011f\u0131 ikilemlerle d\u00f6rt evrensel de\u011fere, d\u00f6rt farkl\u0131 bak\u0131\u015f a\u00e7\u0131s\u0131 getiriyor! Filozof Baran\u2019\u0131 okurken Farkl\u0131l\u0131klara Sayg\u0131, Empati, Ho\u015fg\u00f6r\u00fc, \u00d6zg\u00fcrl\u00fck hakk\u0131nda bilgilerini sorgulayacak, \u00f6\u011frendiklerine \u00e7ok \u015fa\u015f\u0131racak ve yeni d\u00fc\u015f\u00fcnceler geli\u015ftireceksin. <\/p>\n","protected":false},"excerpt":{"rendered":"<p>\u2022 Farkl\u0131 A\u00e7\u0131lardan De\u011ferler \u2022 Her b\u00f6l\u00fcm i\u00e7in haz\u0131rlanm\u0131\u015f FELSEFE ETK\u0130NL\u0130K DOSYASI! Filozof Baran sordu\u011fu sorularla ve ele ald\u0131\u011f\u0131 ikilemlerle d\u00f6rt evrensel de\u011fere, d\u00f6rt farkl\u0131 bak\u0131\u015f<span class=\"excerpt-hellip\"> [\u2026]<\/span><\/p>\n","protected":false},"featured_media":0,"template":"","meta":{"_monsterinsights_skip_tracking":false,"_monsterinsights_sitenote_active":false,"_monsterinsights_sitenote_note":"","_monsterinsights_sitenote_category":0},"product_brand":[],"product_cat":[12275,12274],"product_tag":[],"class_list":{"0":"post-781799","1":"product","2":"type-product","3":"status-publish","5":"product_cat-6-12-yas-kitaplari","6":"product_cat-cocuk-ve-genclik-kitaplari","7":"pa_cilt-ciltsiz","8":"pa_tur-kitap","9":"pa_yayinevi-dogan-egmont-yayincilik","10":"pa_yazar-ozgur-sinan","12":"first","13":"instock","14":"sale","15":"shipping-taxable","16":"purchasable","17":"product-type-simple"},"_links":{"self":[{"href":"https:\/\/roveyayinevi.com.tr\/index.php\/wp-json\/wp\/v2\/product\/781799","targetHints":{"allow":["GET"]}}],"collection":[{"href":"https:\/\/roveyayinevi.com.tr\/index.php\/wp-json\/wp\/v2\/product"}],"about":[{"href":"https:\/\/roveyayinevi.com.tr\/index.php\/wp-json\/wp\/v2\/types\/product"}],"wp:attachment":[{"href":"https:\/\/roveyayinevi.com.tr\/index.php\/wp-json\/wp\/v2\/media?parent=781799"}],"wp:term":[{"taxonomy":"product_brand","embeddable":true,"href":"https:\/\/roveyayinevi.com.tr\/index.php\/wp-json\/wp\/v2\/product_brand?post=781799"},{"taxonomy":"product_cat","embeddable":true,"href":"https:\/\/roveyayinevi.com.tr\/index.php\/wp-json\/wp\/v2\/product_cat?post=781799"},{"taxonomy":"product_tag","embeddable":true,"href":"https:\/\/roveyayinevi.com.tr\/index.php\/wp-json\/wp\/v2\/product_tag?post=781799"}],"curies":[{"name":"wp","href":"https:\/\/api.w.org\/{rel}","templated":true}]}}