{"id":781798,"date":"2026-01-30T03:02:41","date_gmt":"2026-01-30T00:02:41","guid":{"rendered":"https:\/\/roveyayinevi.com.tr\/index.php\/urun\/canakkale-gezisi\/"},"modified":"2026-04-12T02:43:58","modified_gmt":"2026-04-11T23:43:58","slug":"canakkale-gezisi","status":"publish","type":"product","link":"https:\/\/roveyayinevi.com.tr\/index.php\/urun\/canakkale-gezisi\/","title":{"rendered":"\u00c7anakkale Gezisi"},"content":{"rendered":"<p>&#8220;GE\u00c7M\u0130\u015eE YOLCULUK BA\u015eLIYOR, OKUL GEZ\u0130S\u0130 B\u0130R SER\u00dcVENE D\u00d6N\u00dc\u015e\u00dcYOR\u2026&#8221; \u201cBo\u011faz\u2019\u0131n ak\u0131nt\u0131s\u0131nda s\u00fcr\u00fcklenen zaman, tarihi geri sarm\u0131\u015ft\u0131 bir anl\u0131\u011f\u0131na&#8230; Bu karanl\u0131k, bug\u00fcne ait de\u011fildi sanki&#8230; I\u015f\u0131klar yava\u015f yava\u015f solup giderken \u00c7anakkale\u2019nin eski zamanlar\u0131 geri geliyordu. \u201dSezgin, Nehir ve Ali, hi\u00e7 ummad\u0131klar\u0131 bir \u015fekilde, tarihin ak\u0131\u015f\u0131n\u0131 de\u011fi\u015ftiren bir zaferin i\u00e7inde buldular kendilerini. \u00c7anakkale Zaferi&#8217;ydi bu zafer. 1923 y\u0131l\u0131nda kurulacak T\u00fcrkiye Cumhuriyeti\u2019nin ilk k\u0131v\u0131lc\u0131mlar\u0131 \u00e7ak\u0131yordu g\u00f6zlerinin \u00f6n\u00fcnde. Okul gezisiyle gittikleri \u00c7anakkale&#8217;de tarihin ger\u00e7ekleriyle y\u00fczle\u015ftikleri, \u015fa\u015f\u0131rt\u0131c\u0131 ve heyecan verici bir macera bekliyordu onlar\u0131. Seneler \u00f6nce ya\u015fanan sava\u015f\u0131n kahramanlar\u0131 onlard\u0131 sanki. Nusret May\u0131n Gemisi\u2019yle, Seyit Onba\u015f\u0131\u2019yla, Mustafa Kemal Atat\u00fcrk\u2019le, y\u00fcz binlerce kahraman askerle omuz omuza, bir vatan\u0131n kurtulu\u015funa tan\u0131kl\u0131k ediyorlard\u0131. Onlar, \u00c7anakkale\u2019nin neden ge\u00e7ilmez oldu\u011funu adeta ya\u015fayarak \u00f6\u011freniyorlard\u0131! <\/p>\n","protected":false},"excerpt":{"rendered":"<p>&#8220;GE\u00c7M\u0130\u015eE YOLCULUK BA\u015eLIYOR, OKUL GEZ\u0130S\u0130 B\u0130R SER\u00dcVENE D\u00d6N\u00dc\u015e\u00dcYOR\u2026&#8221; \u201cBo\u011faz\u2019\u0131n ak\u0131nt\u0131s\u0131nda s\u00fcr\u00fcklenen zaman, tarihi geri sarm\u0131\u015ft\u0131 bir anl\u0131\u011f\u0131na&#8230; Bu karanl\u0131k, bug\u00fcne ait de\u011fildi sanki&#8230; I\u015f\u0131klar yava\u015f yava\u015f<span class=\"excerpt-hellip\"> [\u2026]<\/span><\/p>\n","protected":false},"featured_media":0,"template":"","meta":{"_monsterinsights_skip_tracking":false,"_monsterinsights_sitenote_active":false,"_monsterinsights_sitenote_note":"","_monsterinsights_sitenote_category":0},"product_brand":[],"product_cat":[12275,12274],"product_tag":[],"class_list":{"0":"post-781798","1":"product","2":"type-product","3":"status-publish","5":"product_cat-6-12-yas-kitaplari","6":"product_cat-cocuk-ve-genclik-kitaplari","7":"pa_cilt-ciltsiz","8":"pa_tur-kitap","9":"pa_yayinevi-dogan-egmont-yayincilik","10":"pa_yazar-ferhat-uludere","12":"first","13":"instock","14":"sale","15":"shipping-taxable","16":"purchasable","17":"product-type-simple"},"_links":{"self":[{"href":"https:\/\/roveyayinevi.com.tr\/index.php\/wp-json\/wp\/v2\/product\/781798","targetHints":{"allow":["GET"]}}],"collection":[{"href":"https:\/\/roveyayinevi.com.tr\/index.php\/wp-json\/wp\/v2\/product"}],"about":[{"href":"https:\/\/roveyayinevi.com.tr\/index.php\/wp-json\/wp\/v2\/types\/product"}],"wp:attachment":[{"href":"https:\/\/roveyayinevi.com.tr\/index.php\/wp-json\/wp\/v2\/media?parent=781798"}],"wp:term":[{"taxonomy":"product_brand","embeddable":true,"href":"https:\/\/roveyayinevi.com.tr\/index.php\/wp-json\/wp\/v2\/product_brand?post=781798"},{"taxonomy":"product_cat","embeddable":true,"href":"https:\/\/roveyayinevi.com.tr\/index.php\/wp-json\/wp\/v2\/product_cat?post=781798"},{"taxonomy":"product_tag","embeddable":true,"href":"https:\/\/roveyayinevi.com.tr\/index.php\/wp-json\/wp\/v2\/product_tag?post=781798"}],"curies":[{"name":"wp","href":"https:\/\/api.w.org\/{rel}","templated":true}]}}