{"id":781795,"date":"2026-01-30T02:29:44","date_gmt":"2026-01-29T23:29:44","guid":{"rendered":"https:\/\/roveyayinevi.com.tr\/index.php\/urun\/ataturkun-izinde-2\/"},"modified":"2026-02-03T02:28:46","modified_gmt":"2026-02-02T23:28:46","slug":"ataturkun-izinde-2","status":"publish","type":"product","link":"https:\/\/roveyayinevi.com.tr\/index.php\/urun\/ataturkun-izinde-2\/","title":{"rendered":"Atat\u00fcrk\u2019\u00fcn \u0130zinde"},"content":{"rendered":"<p>Haz\u0131r m\u0131s\u0131n yolculu\u011fa \u00e7\u0131kmaya? Okumaya, d\u00fc\u015f\u00fcnmeye, yazmaya ve \u00fcretmeye\u2026 Arkada\u015f\u0131ma Veda Roman\u0131ndan B\u00f6l\u00fcmler E\u015fli\u011finde Yarat\u0131c\u0131 D\u00fc\u015f\u00fcnme, Okuma ve Yazma Kitab\u0131 \u015eimdi unutamayaca\u011f\u0131n bir yolculu\u011fa \u00e7\u0131kacaks\u0131n, yan\u0131nda da Atat\u00fcrk olacak; onun hayat\u0131 ve fikirleri sana yol g\u00f6sterecek. Atat\u00fcrk\u2019\u00fcn \u00e7ok yak\u0131n arkada\u015f\u0131n oldu\u011funu ve onun ya\u015fam\u0131na tan\u0131kl\u0131k etti\u011fini hayal et. Bu ya\u015fad\u0131klar\u0131n sana neler katard\u0131, neler yazard\u0131n onun hakk\u0131nda? Atat\u00fcrk\u2019\u00fcn \u0130zinde, hayalindeki Atat\u00fcrk hik\u00e2yesini yazman i\u00e7in tasarland\u0131. Atat\u00fcrk\u2019e e\u015flik etmen, onu anlaman, yazman ve onun verdi\u011fi ilhamla yeni d\u00fc\u015f\u00fcnceler geli\u015ftirmen i\u00e7in&#8230; Bunlar\u0131 yaparken, olumlu d\u00fc\u015f\u00fcnme teknikleri, yarat\u0131c\u0131 yazma etkinlikleri, pek \u00e7ok edebi t\u00fcr ve e\u011flenceli oyunlar sana yard\u0131mc\u0131 olacak. <\/p>\n","protected":false},"excerpt":{"rendered":"<p>Haz\u0131r m\u0131s\u0131n yolculu\u011fa \u00e7\u0131kmaya? Okumaya, d\u00fc\u015f\u00fcnmeye, yazmaya ve \u00fcretmeye\u2026 Arkada\u015f\u0131ma Veda Roman\u0131ndan B\u00f6l\u00fcmler E\u015fli\u011finde Yarat\u0131c\u0131 D\u00fc\u015f\u00fcnme, Okuma ve Yazma Kitab\u0131 \u015eimdi unutamayaca\u011f\u0131n bir yolculu\u011fa \u00e7\u0131kacaks\u0131n, yan\u0131nda<span class=\"excerpt-hellip\"> [\u2026]<\/span><\/p>\n","protected":false},"featured_media":0,"template":"","meta":{"_monsterinsights_skip_tracking":false,"_monsterinsights_sitenote_active":false,"_monsterinsights_sitenote_note":"","_monsterinsights_sitenote_category":0},"product_brand":[],"product_cat":[12275,12274],"product_tag":[],"class_list":{"0":"post-781795","1":"product","2":"type-product","3":"status-publish","5":"product_cat-6-12-yas-kitaplari","6":"product_cat-cocuk-ve-genclik-kitaplari","7":"pa_cilt-ciltsiz","8":"pa_tur-kitap","9":"pa_yayinevi-dogan-egmont-yayincilik","10":"pa_yazar-zulfu-livaneli","12":"first","13":"instock","14":"sale","15":"shipping-taxable","16":"purchasable","17":"product-type-simple"},"_links":{"self":[{"href":"https:\/\/roveyayinevi.com.tr\/index.php\/wp-json\/wp\/v2\/product\/781795","targetHints":{"allow":["GET"]}}],"collection":[{"href":"https:\/\/roveyayinevi.com.tr\/index.php\/wp-json\/wp\/v2\/product"}],"about":[{"href":"https:\/\/roveyayinevi.com.tr\/index.php\/wp-json\/wp\/v2\/types\/product"}],"wp:attachment":[{"href":"https:\/\/roveyayinevi.com.tr\/index.php\/wp-json\/wp\/v2\/media?parent=781795"}],"wp:term":[{"taxonomy":"product_brand","embeddable":true,"href":"https:\/\/roveyayinevi.com.tr\/index.php\/wp-json\/wp\/v2\/product_brand?post=781795"},{"taxonomy":"product_cat","embeddable":true,"href":"https:\/\/roveyayinevi.com.tr\/index.php\/wp-json\/wp\/v2\/product_cat?post=781795"},{"taxonomy":"product_tag","embeddable":true,"href":"https:\/\/roveyayinevi.com.tr\/index.php\/wp-json\/wp\/v2\/product_tag?post=781795"}],"curies":[{"name":"wp","href":"https:\/\/api.w.org\/{rel}","templated":true}]}}