{"id":781794,"date":"2026-01-30T02:26:37","date_gmt":"2026-01-29T23:26:37","guid":{"rendered":"https:\/\/roveyayinevi.com.tr\/index.php\/urun\/benin-gemisi-ciltli\/"},"modified":"2026-02-27T02:17:54","modified_gmt":"2026-02-26T23:17:54","slug":"benin-gemisi-ciltli","status":"publish","type":"product","link":"https:\/\/roveyayinevi.com.tr\/index.php\/urun\/benin-gemisi-ciltli\/","title":{"rendered":"Ben&#8217;in Gemisi (Ciltli)"},"content":{"rendered":"<p>\u00d6d\u00fcll\u00fc yazar Pieter Koolwijk&#8217;ten insana ve insan\u0131n kay\u0131plarla m\u00fccadelesine dair b\u00fcy\u00fcl\u00fc ve mizah dolu bir \u00f6yk\u00fc\u2026Giel, evlerinin arka bah\u00e7esinde bir mezar olmas\u0131n\u0131n pek \u201cnormal\u201d g\u00f6r\u00fclmedi\u011fini biliyor bilmesine, ama b\u00f6yle mutlu i\u015fte&#8230; Kar\u015f\u0131dan kar\u015f\u0131ya ge\u00e7erken yola bakmay\u0131 unutan a\u011fabeyi Ben&#8217;in mezar\u0131 bu. Giel ve ailesi, Ben h\u00e2l\u00e2 onlar\u0131n yak\u0131n\u0131nda oldu\u011fu i\u00e7in memnun. Hi\u00e7 de\u011filse Giel, \u015fehrin \u00f6teki ucundaki o so\u011fuk ve karanl\u0131k yere gitmek zorunda kalm\u0131yor. Ben&#8217;i \u00f6zledi\u011finde bah\u00e7eye bakmas\u0131 yetiyor. Fakat kom\u015fular\u0131, Sirke ailesi ve Kulakkurdu ailesi \u00f6yle d\u00fc\u015f\u00fcnm\u00fcyor. Giel ve ailesinin duygular\u0131 da zerre kadar umurlar\u0131nda de\u011fil. Ancak Giel&#8217;in babas\u0131 tepkiler kar\u015f\u0131s\u0131nda pes etmiyor ve evlerini ba\u015ftan in\u015fa ediyor. Belli ki, Giel&#8217;in babas\u0131n\u0131n bir plan\u0131 var!..Ben&#8217;in Gemisi, toplumun \u201ckat\u0131\u201d kurallar\u0131n\u0131 sorgularken, birbirlerine s\u0131ms\u0131k\u0131 sar\u0131lan bir ailenin ac\u0131-tatl\u0131 iyile\u015fme hikayesi. <\/p>\n","protected":false},"excerpt":{"rendered":"<p>\u00d6d\u00fcll\u00fc yazar Pieter Koolwijk&#8217;ten insana ve insan\u0131n kay\u0131plarla m\u00fccadelesine dair b\u00fcy\u00fcl\u00fc ve mizah dolu bir \u00f6yk\u00fc\u2026Giel, evlerinin arka bah\u00e7esinde bir mezar olmas\u0131n\u0131n pek \u201cnormal\u201d g\u00f6r\u00fclmedi\u011fini biliyor<span class=\"excerpt-hellip\"> [\u2026]<\/span><\/p>\n","protected":false},"featured_media":0,"template":"","meta":{"_monsterinsights_skip_tracking":false,"_monsterinsights_sitenote_active":false,"_monsterinsights_sitenote_note":"","_monsterinsights_sitenote_category":0},"product_brand":[],"product_cat":[12275,12274],"product_tag":[],"class_list":{"0":"post-781794","1":"product","2":"type-product","3":"status-publish","5":"product_cat-6-12-yas-kitaplari","6":"product_cat-cocuk-ve-genclik-kitaplari","7":"pa_cilt-ciltli","8":"pa_tur-kitap","9":"pa_yayinevi-can-cocuk-yayinlari","10":"pa_yazar-pieter-koolwijk","12":"first","13":"instock","14":"sale","15":"shipping-taxable","16":"purchasable","17":"product-type-simple"},"_links":{"self":[{"href":"https:\/\/roveyayinevi.com.tr\/index.php\/wp-json\/wp\/v2\/product\/781794","targetHints":{"allow":["GET"]}}],"collection":[{"href":"https:\/\/roveyayinevi.com.tr\/index.php\/wp-json\/wp\/v2\/product"}],"about":[{"href":"https:\/\/roveyayinevi.com.tr\/index.php\/wp-json\/wp\/v2\/types\/product"}],"wp:attachment":[{"href":"https:\/\/roveyayinevi.com.tr\/index.php\/wp-json\/wp\/v2\/media?parent=781794"}],"wp:term":[{"taxonomy":"product_brand","embeddable":true,"href":"https:\/\/roveyayinevi.com.tr\/index.php\/wp-json\/wp\/v2\/product_brand?post=781794"},{"taxonomy":"product_cat","embeddable":true,"href":"https:\/\/roveyayinevi.com.tr\/index.php\/wp-json\/wp\/v2\/product_cat?post=781794"},{"taxonomy":"product_tag","embeddable":true,"href":"https:\/\/roveyayinevi.com.tr\/index.php\/wp-json\/wp\/v2\/product_tag?post=781794"}],"curies":[{"name":"wp","href":"https:\/\/api.w.org\/{rel}","templated":true}]}}