{"id":781793,"date":"2026-01-30T02:23:48","date_gmt":"2026-01-29T23:23:48","guid":{"rendered":"https:\/\/roveyayinevi.com.tr\/index.php\/urun\/hayal-takimi-usta-kalemlerden-masallar\/"},"modified":"2026-04-16T02:14:03","modified_gmt":"2026-04-15T23:14:03","slug":"hayal-takimi-usta-kalemlerden-masallar","status":"publish","type":"product","link":"https:\/\/roveyayinevi.com.tr\/index.php\/urun\/hayal-takimi-usta-kalemlerden-masallar\/","title":{"rendered":"Hayal Tak\u0131m\u0131 &#8211; Usta Kalemlerden Masallar"},"content":{"rendered":"<p>Mina ve arkadaslar\u0131 Sonsuzluk Bah\u00e7esi\u2019ne yapt\u0131klar\u0131 yolculukla ailelerinin ge\u00e7misine hakim oluyor, doga, sevgi ve dostluk hakk\u0131nda pek \u00e7ok sey \u00f6greniyorlar. Nermin Bezmen\u2019in \u00f6zenli kaleminden, 60\u2019l\u0131 y\u0131llarda ge\u00e7en unutulmaz bir ser\u00fcven sizleri bekliyor. \ufffcTan\u0131t\u0131m Metni<\/p>\n","protected":false},"excerpt":{"rendered":"<p>Mina ve arkadaslar\u0131 Sonsuzluk Bah\u00e7esi\u2019ne yapt\u0131klar\u0131 yolculukla ailelerinin ge\u00e7misine hakim oluyor, doga, sevgi ve dostluk hakk\u0131nda pek \u00e7ok sey \u00f6greniyorlar. Nermin Bezmen\u2019in \u00f6zenli kaleminden, 60\u2019l\u0131 y\u0131llarda<span class=\"excerpt-hellip\"> [\u2026]<\/span><\/p>\n","protected":false},"featured_media":0,"template":"","meta":{"_monsterinsights_skip_tracking":false,"_monsterinsights_sitenote_active":false,"_monsterinsights_sitenote_note":"","_monsterinsights_sitenote_category":0},"product_brand":[],"product_cat":[12291,12711],"product_tag":[],"class_list":{"0":"post-781793","1":"product","2":"type-product","3":"status-publish","5":"product_cat-edebiyat","6":"product_cat-roman-oyku","7":"pa_cilt-ciltsiz","8":"pa_tur-kitap","9":"pa_yayinevi-dogan-egmont-yayincilik","10":"pa_yazar-nermin-bezmen","12":"first","13":"instock","14":"sale","15":"shipping-taxable","16":"purchasable","17":"product-type-simple"},"_links":{"self":[{"href":"https:\/\/roveyayinevi.com.tr\/index.php\/wp-json\/wp\/v2\/product\/781793","targetHints":{"allow":["GET"]}}],"collection":[{"href":"https:\/\/roveyayinevi.com.tr\/index.php\/wp-json\/wp\/v2\/product"}],"about":[{"href":"https:\/\/roveyayinevi.com.tr\/index.php\/wp-json\/wp\/v2\/types\/product"}],"wp:attachment":[{"href":"https:\/\/roveyayinevi.com.tr\/index.php\/wp-json\/wp\/v2\/media?parent=781793"}],"wp:term":[{"taxonomy":"product_brand","embeddable":true,"href":"https:\/\/roveyayinevi.com.tr\/index.php\/wp-json\/wp\/v2\/product_brand?post=781793"},{"taxonomy":"product_cat","embeddable":true,"href":"https:\/\/roveyayinevi.com.tr\/index.php\/wp-json\/wp\/v2\/product_cat?post=781793"},{"taxonomy":"product_tag","embeddable":true,"href":"https:\/\/roveyayinevi.com.tr\/index.php\/wp-json\/wp\/v2\/product_tag?post=781793"}],"curies":[{"name":"wp","href":"https:\/\/api.w.org\/{rel}","templated":true}]}}