{"id":781788,"date":"2026-01-29T04:22:28","date_gmt":"2026-01-29T01:22:28","guid":{"rendered":"https:\/\/roveyayinevi.com.tr\/index.php\/urun\/camdan-zihinler\/"},"modified":"2026-04-15T03:46:08","modified_gmt":"2026-04-15T00:46:08","slug":"camdan-zihinler","status":"publish","type":"product","link":"https:\/\/roveyayinevi.com.tr\/index.php\/urun\/camdan-zihinler\/","title":{"rendered":"Camdan Zihinler"},"content":{"rendered":"<p>Zek\u00e2 Bir Kalkan De\u011filse, \u00c7ocu\u011funuzu Zorbal\u0131\u011fa Kar\u015f\u0131 Ne Koruyacak? \u00dcst\u00fcn yetenekli \u00e7ocuklar, genellikle bili\u015fsel becerileriyle \u00f6n plana \u00e7\u0131ksalar da, sosyal ve duygusal d\u00fcnyalar\u0131 \u00e7o\u011fu zaman zihinsel parlakl\u0131klar\u0131n\u0131n g\u00f6lgesinde kalm\u0131\u015f bir aland\u0131r. Y\u00fcksek hassasiyetleri, yo\u011fun duygusal tepkileri ve farkl\u0131 d\u00fc\u015f\u00fcnce yap\u0131lar\u0131, onlar\u0131 okul ve arkada\u015f ortam\u0131nda akran zorbal\u0131\u011f\u0131na kar\u015f\u0131 hem hedef hem de kimi zaman da zorba haline getirebilir. Bu kitap, \u00fcst\u00fcn yetenek, akran zorbal\u0131\u011f\u0131 ve duygu d\u00fczenleme aras\u0131ndaki kritik ili\u015fkiyi ayd\u0131nlat\u0131yor. Psikoloji alan\u0131ndaki derinlemesine ara\u015ft\u0131rmalardan yola \u00e7\u0131karak, zorbal\u0131kla ba\u015fa \u00e7\u0131kmada duygu d\u00fczenleme becerilerinin temel belirleyicilerden oldu\u011funu bilimsel verilerle ortaya koyuyor. Bu Kitapta Neler Bulacaks\u0131n\u0131z? \u00dcst\u00fcn yetenekli \u00e7ocuklar\u0131n zorbal\u0131k durumlar\u0131na verdikleri duygusal tepkileri Duygu reg\u00fclasyonunun zorbal\u0131k ma\u011fduriyeti ve zorbal\u0131k davran\u0131\u015f\u0131 \u00fczerindeki etkileri. \u00c7ocu\u011funuzun duygusal z\u0131rh\u0131n\u0131 g\u00fc\u00e7lendirmek i\u00e7in bilimsel temelli, uygulanabilir y\u00f6ntemler. \u00dcst\u00fcn potansiyelli \u00e7ocuklar\u0131n duygusal dayan\u0131kl\u0131l\u0131\u011f\u0131n\u0131 art\u0131rarak sosyal d\u00fcnyada kendilerini g\u00fcvende hissetmelerini sa\u011flaman\u0131n yollar\u0131. Bu kitap, ebeveynler, e\u011fitimciler ve ruh sa\u011fl\u0131\u011f\u0131 uzmanlar\u0131 i\u00e7in bir kaynak niteli\u011findedir. \u00c7ocu\u011funuzun gelece\u011fini sadece zek\u00e2s\u0131 de\u011fil, duygular\u0131n\u0131 y\u00f6netme becerisi de belirleyecektir. Onlar\u0131n potansiyelini koruman\u0131n anahtar\u0131, duygusal zek\u00e2lar\u0131na yat\u0131r\u0131m yapmaktan ge\u00e7iyor.<\/p>\n","protected":false},"excerpt":{"rendered":"<p>Zek\u00e2 Bir Kalkan De\u011filse, \u00c7ocu\u011funuzu Zorbal\u0131\u011fa Kar\u015f\u0131 Ne Koruyacak? \u00dcst\u00fcn yetenekli \u00e7ocuklar, genellikle bili\u015fsel becerileriyle \u00f6n plana \u00e7\u0131ksalar da, sosyal ve duygusal d\u00fcnyalar\u0131 \u00e7o\u011fu zaman zihinsel<span class=\"excerpt-hellip\"> [\u2026]<\/span><\/p>\n","protected":false},"featured_media":0,"template":"","meta":{"_monsterinsights_skip_tracking":false,"_monsterinsights_sitenote_active":false,"_monsterinsights_sitenote_note":"","_monsterinsights_sitenote_category":0},"product_brand":[],"product_cat":[12567,12566],"product_tag":[],"class_list":{"0":"post-781788","1":"product","2":"type-product","3":"status-publish","5":"product_cat-diger-egitim","6":"product_cat-egitim","7":"pa_cilt-ciltsiz","8":"pa_tur-kitap","9":"pa_yayinevi-zet-akademi-yayinlari","10":"pa_yazar-selda-timurkaynak","12":"first","13":"instock","14":"sale","15":"shipping-taxable","16":"purchasable","17":"product-type-simple"},"_links":{"self":[{"href":"https:\/\/roveyayinevi.com.tr\/index.php\/wp-json\/wp\/v2\/product\/781788","targetHints":{"allow":["GET"]}}],"collection":[{"href":"https:\/\/roveyayinevi.com.tr\/index.php\/wp-json\/wp\/v2\/product"}],"about":[{"href":"https:\/\/roveyayinevi.com.tr\/index.php\/wp-json\/wp\/v2\/types\/product"}],"wp:attachment":[{"href":"https:\/\/roveyayinevi.com.tr\/index.php\/wp-json\/wp\/v2\/media?parent=781788"}],"wp:term":[{"taxonomy":"product_brand","embeddable":true,"href":"https:\/\/roveyayinevi.com.tr\/index.php\/wp-json\/wp\/v2\/product_brand?post=781788"},{"taxonomy":"product_cat","embeddable":true,"href":"https:\/\/roveyayinevi.com.tr\/index.php\/wp-json\/wp\/v2\/product_cat?post=781788"},{"taxonomy":"product_tag","embeddable":true,"href":"https:\/\/roveyayinevi.com.tr\/index.php\/wp-json\/wp\/v2\/product_tag?post=781788"}],"curies":[{"name":"wp","href":"https:\/\/api.w.org\/{rel}","templated":true}]}}