{"id":781787,"date":"2026-01-29T04:22:26","date_gmt":"2026-01-29T01:22:26","guid":{"rendered":"https:\/\/roveyayinevi.com.tr\/index.php\/urun\/spor-ve-diplomasi\/"},"modified":"2026-04-15T03:46:08","modified_gmt":"2026-04-15T00:46:08","slug":"spor-ve-diplomasi","status":"publish","type":"product","link":"https:\/\/roveyayinevi.com.tr\/index.php\/urun\/spor-ve-diplomasi\/","title":{"rendered":"Spor ve Diplomasi"},"content":{"rendered":"<p>D\u00fcnya h\u0131zla de\u011fi\u015fiyor. Uluslararas\u0131 ili\u015fkiler art\u0131k sadece diplomasi masalar\u0131nda de\u011fil; stadyumlarda, spor salonlar\u0131nda, gen\u00e7lik kamplar\u0131nda, olimpiyat k\u00f6ylerinde ve k\u00fcresel dijital platformlarda \u015fekilleniyor. Spor, 21. y\u00fczy\u0131l diplomasisinin en etkili dili h\u00e2line gelirken, toplumlar\u0131 birle\u015ftiren, devletleri yak\u0131nla\u015ft\u0131ran, bar\u0131\u015f\u0131 g\u00fc\u00e7lendiren ve k\u00fcresel istikrar\u0131 destekleyen bir ara\u00e7 olarak yeni bir rol \u00fcstleniyor. Bu kitap, sporun diplomatik g\u00fcc\u00fcn\u00fc tarihsel, sosyolojik, siyasi ve ekonomik boyutlar\u0131yla ele alan kapsaml\u0131 bir eserdir. Olimpiyatlardan D\u00fcnya Kupas\u0131\u2019na, spor ekonomisinden k\u00fclt\u00fcrel diplomasiye, sporcular\u0131n yumu\u015fak g\u00fc\u00e7 etkisinden devletlerin spor politikalar\u0131na kadar geni\u015f bir alan\u0131 kapsayan bu \u00e7al\u0131\u015fma; sporun yaln\u0131zca bir rekabet de\u011fil, ayn\u0131 zamanda k\u00fcresel bir bar\u0131\u015f projesi oldu\u011funu ortaya koyuyor. Bekir Ayaz, y\u0131llard\u0131r uluslararas\u0131 spor projelerinde aktif rol alan bir lider olarak, spor diplomasisinin gelece\u011fine dair \u00f6zg\u00fcn bir vizyon sunuyor. Bu kitapta sporun: \u00b7         bar\u0131\u015f in\u015fa etme kapasitesi, \u00b7         ulus-devletlerin imaj politikalar\u0131ndaki rol\u00fc, \u00b7         uluslararas\u0131 kurulu\u015flarla ili\u015fkisi, \u00b7         gen\u00e7lik ve toplum \u00fczerindeki etkisi, \u00b7         dijital \u00e7a\u011fdaki d\u00f6n\u00fc\u015f\u00fcm\u00fc \u00b7         bilimsel bir perspektifle analiz ediliyor. \u201cSpor, insanl\u0131\u011f\u0131n ortak paydas\u0131d\u0131r; bu ortak payda gelece\u011fin diplomasisini \u015fekillendirecek en g\u00fc\u00e7l\u00fc ara\u00e7t\u0131r.\u201d Bekir Ayaz Bu eser, devlet y\u00f6neticilerine, diplomatlara, akademisyenlere, spor federasyonlar\u0131na, gen\u00e7lik \u00f6rg\u00fctlerine ve sporun birle\u015ftirici g\u00fcc\u00fcne inanan herkese rehber olacak nitelikte bir ba\u015fvuru kayna\u011f\u0131d\u0131r.<\/p>\n","protected":false},"excerpt":{"rendered":"<p>D\u00fcnya h\u0131zla de\u011fi\u015fiyor. Uluslararas\u0131 ili\u015fkiler art\u0131k sadece diplomasi masalar\u0131nda de\u011fil; stadyumlarda, spor salonlar\u0131nda, gen\u00e7lik kamplar\u0131nda, olimpiyat k\u00f6ylerinde ve k\u00fcresel dijital platformlarda \u015fekilleniyor. Spor, 21. y\u00fczy\u0131l diplomasisinin<span class=\"excerpt-hellip\"> [\u2026]<\/span><\/p>\n","protected":false},"featured_media":0,"template":"","meta":{"_monsterinsights_skip_tracking":false,"_monsterinsights_sitenote_active":false,"_monsterinsights_sitenote_note":"","_monsterinsights_sitenote_category":0},"product_brand":[],"product_cat":[12337],"product_tag":[],"class_list":{"0":"post-781787","1":"product","2":"type-product","3":"status-publish","5":"product_cat-politika-siyaset","6":"pa_cilt-ciltsiz","7":"pa_tur-kitap","8":"pa_yayinevi-zet-akademi-yayinlari","9":"pa_yazar-bekir-ayaz","11":"first","12":"instock","13":"sale","14":"shipping-taxable","15":"purchasable","16":"product-type-simple"},"_links":{"self":[{"href":"https:\/\/roveyayinevi.com.tr\/index.php\/wp-json\/wp\/v2\/product\/781787","targetHints":{"allow":["GET"]}}],"collection":[{"href":"https:\/\/roveyayinevi.com.tr\/index.php\/wp-json\/wp\/v2\/product"}],"about":[{"href":"https:\/\/roveyayinevi.com.tr\/index.php\/wp-json\/wp\/v2\/types\/product"}],"wp:attachment":[{"href":"https:\/\/roveyayinevi.com.tr\/index.php\/wp-json\/wp\/v2\/media?parent=781787"}],"wp:term":[{"taxonomy":"product_brand","embeddable":true,"href":"https:\/\/roveyayinevi.com.tr\/index.php\/wp-json\/wp\/v2\/product_brand?post=781787"},{"taxonomy":"product_cat","embeddable":true,"href":"https:\/\/roveyayinevi.com.tr\/index.php\/wp-json\/wp\/v2\/product_cat?post=781787"},{"taxonomy":"product_tag","embeddable":true,"href":"https:\/\/roveyayinevi.com.tr\/index.php\/wp-json\/wp\/v2\/product_tag?post=781787"}],"curies":[{"name":"wp","href":"https:\/\/api.w.org\/{rel}","templated":true}]}}