{"id":781784,"date":"2026-01-29T04:22:17","date_gmt":"2026-01-29T01:22:17","guid":{"rendered":"https:\/\/roveyayinevi.com.tr\/index.php\/urun\/hadrianopolis-sivama-cilt\/"},"modified":"2026-04-15T03:46:06","modified_gmt":"2026-04-15T00:46:06","slug":"hadrianopolis-sivama-cilt","status":"publish","type":"product","link":"https:\/\/roveyayinevi.com.tr\/index.php\/urun\/hadrianopolis-sivama-cilt\/","title":{"rendered":"Hadrianopolis (S\u0131vama Cilt)"},"content":{"rendered":"<p>\u201cHadrianopolis Hamaml\u0131 Yap\u0131 Kompleksi: Depo Buluntular\u0131\u201d ba\u015fl\u0131kl\u0131 kitap, Paphlagonia B\u00f6lgesi kenti olan Hadrianopolis\u2019te, 2023-2025 y\u0131llar\u0131 aras\u0131nda ger\u00e7ekle\u015ftirilen kaz\u0131 \u00e7al\u0131\u015fmalar\u0131 neticesinde Hamaml\u0131 Yap\u0131 Kompleksi\u2019nde ortaya \u00e7\u0131kan depo b\u00f6l\u00fcm\u00fc i\u00e7erisinde g\u00fcn\u00fcm\u00fcze ula\u015fan buluntular\u0131 konu almaktad\u0131r. Depoda ele ge\u00e7en seramik kaplar, sikkeler, hububat, metal eserler ve tekstil kal\u0131nt\u0131lar\u0131 arkeolojik a\u00e7\u0131dan incelenmi\u015f ve yorumlanm\u0131\u015ft\u0131r. Depo b\u00f6l\u00fcm\u00fcnde ele ge\u00e7en t\u00fcm buluntular \u201cSeramikler\u201d, \u201cMetal Eserler\u201d, \u201cHamaml\u0131 Yap\u0131 Kompleksi Kaz\u0131lar\u0131\u201d, \u201cSikkeler\u201d, \u201cAntik Hububatlar\u0131n Canl\u0131l\u0131klar\u0131n\u0131n Belirlenmesi\u201d, \u201cKarbonize Tekstil Liflerinin Karakterizasyonu\u201d, \u201cHadrianopolis Hamaml\u0131 Yap\u0131 Kompleksinde Ortaya \u00c7\u0131kar\u0131lan Eserlerin K\u00fclt\u00fcrel ve Sanatsal Ba\u011flamda De\u011ferlendirilmesi\u201d, \u201cBak\u0131r Kap \u00dczerine De\u011ferlendirme: Malzeme, Bozulma ve Koruma, Seramiklerin \u00dcretimine Dair De\u011ferlendirme\u201d ba\u015fl\u0131klar\u0131 alt\u0131nda detayl\u0131ca ele al\u0131nm\u0131\u015ft\u0131r. Konular\u0131n uzmanlar\u0131 taraf\u0131ndan kaleme al\u0131nan eserlerin tarihlendirilmesinde stratigrafik veriler, stilistik, tipolojik ve sanatsal de\u011ferlendirmelerin yan\u0131 s\u0131ra C14 analizlerini de i\u00e7eren bilimsel y\u00f6ntemlerden yararlan\u0131lm\u0131\u015ft\u0131r. Kaz\u0131 alan\u0131nda ele ge\u00e7en eserlerin tan\u0131t\u0131m\u0131 foto\u011fraf ve katalog \u00e7al\u0131\u015fmalar\u0131yla desteklenmi\u015ftir.<\/p>\n","protected":false},"excerpt":{"rendered":"<p>\u201cHadrianopolis Hamaml\u0131 Yap\u0131 Kompleksi: Depo Buluntular\u0131\u201d ba\u015fl\u0131kl\u0131 kitap, Paphlagonia B\u00f6lgesi kenti olan Hadrianopolis\u2019te, 2023-2025 y\u0131llar\u0131 aras\u0131nda ger\u00e7ekle\u015ftirilen kaz\u0131 \u00e7al\u0131\u015fmalar\u0131 neticesinde Hamaml\u0131 Yap\u0131 Kompleksi\u2019nde ortaya \u00e7\u0131kan depo<span class=\"excerpt-hellip\"> [\u2026]<\/span><\/p>\n","protected":false},"featured_media":0,"template":"","meta":{"_monsterinsights_skip_tracking":false,"_monsterinsights_sitenote_active":false,"_monsterinsights_sitenote_note":"","_monsterinsights_sitenote_category":0},"product_brand":[],"product_cat":[52477,52478],"product_tag":[],"class_list":{"0":"post-781784","1":"product","2":"type-product","3":"status-publish","5":"product_cat-arastirma","6":"product_cat-arkeoloji","7":"pa_cilt-ciltli","8":"pa_tur-kitap","9":"pa_yayinevi-bilgin-kultur-sanat","10":"pa_yazar-ersin-celikbas","11":"pa_yazar-rabia-aktas","13":"first","14":"instock","15":"sale","16":"shipping-taxable","17":"purchasable","18":"product-type-simple"},"_links":{"self":[{"href":"https:\/\/roveyayinevi.com.tr\/index.php\/wp-json\/wp\/v2\/product\/781784","targetHints":{"allow":["GET"]}}],"collection":[{"href":"https:\/\/roveyayinevi.com.tr\/index.php\/wp-json\/wp\/v2\/product"}],"about":[{"href":"https:\/\/roveyayinevi.com.tr\/index.php\/wp-json\/wp\/v2\/types\/product"}],"wp:attachment":[{"href":"https:\/\/roveyayinevi.com.tr\/index.php\/wp-json\/wp\/v2\/media?parent=781784"}],"wp:term":[{"taxonomy":"product_brand","embeddable":true,"href":"https:\/\/roveyayinevi.com.tr\/index.php\/wp-json\/wp\/v2\/product_brand?post=781784"},{"taxonomy":"product_cat","embeddable":true,"href":"https:\/\/roveyayinevi.com.tr\/index.php\/wp-json\/wp\/v2\/product_cat?post=781784"},{"taxonomy":"product_tag","embeddable":true,"href":"https:\/\/roveyayinevi.com.tr\/index.php\/wp-json\/wp\/v2\/product_tag?post=781784"}],"curies":[{"name":"wp","href":"https:\/\/api.w.org\/{rel}","templated":true}]}}