{"id":781772,"date":"2026-01-29T04:21:48","date_gmt":"2026-01-29T01:21:48","guid":{"rendered":"https:\/\/roveyayinevi.com.tr\/index.php\/urun\/bir-hayat-birkac-semt\/"},"modified":"2026-04-15T03:45:35","modified_gmt":"2026-04-15T00:45:35","slug":"bir-hayat-birkac-semt","status":"publish","type":"product","link":"https:\/\/roveyayinevi.com.tr\/index.php\/urun\/bir-hayat-birkac-semt\/","title":{"rendered":"Bir Hayat Birka\u00e7 Semt"},"content":{"rendered":"<p>Baz\u0131 semtler vard\u0131r; yaln\u0131zca bir adres de\u011fil, bir hayat\u0131n tan\u0131\u011f\u0131d\u0131r. Baz\u0131 sokaklar, insan\u0131n haf\u0131zas\u0131nda y\u0131llar sonra bile ayn\u0131 sesi, ayn\u0131 kokuyu, ayn\u0131 duyguyu ta\u015f\u0131r. Bir Hayat Birka\u00e7 Semt, ya\u015fanm\u0131\u015fl\u0131klar\u0131n mek\u00e2nlarla i\u00e7 i\u00e7e ge\u00e7ti\u011fi, hat\u0131ralar\u0131n zamanla yo\u011fruldu\u011fu bir yolculuk kitab\u0131. Farkl\u0131 semtler \u00fczerinden ilerleyen bu kitap, ge\u00e7mi\u015fe duyulan bir \u00f6zlemden \u00e7ok, ya\u015fananlardan ibret almay\u0131 ve \u015f\u00fckretmeyi merkeze al\u0131yor. Klasik bir hat\u0131rat\u0131n \u00f6tesinde, okuru kendi hat\u0131ralar\u0131yla ba\u015f ba\u015fa b\u0131rakan duraklar sunuyor. Belki bu sat\u0131rlarda bir semt, bir an ya da bir duygu size de tan\u0131d\u0131k gelecektir. \u00c7\u00fcnk\u00fc baz\u0131 hayatlar, baz\u0131 semtlerde daha derin izler b\u0131rak\u0131r.<\/p>\n","protected":false},"excerpt":{"rendered":"<p>Baz\u0131 semtler vard\u0131r; yaln\u0131zca bir adres de\u011fil, bir hayat\u0131n tan\u0131\u011f\u0131d\u0131r. Baz\u0131 sokaklar, insan\u0131n haf\u0131zas\u0131nda y\u0131llar sonra bile ayn\u0131 sesi, ayn\u0131 kokuyu, ayn\u0131 duyguyu ta\u015f\u0131r. Bir Hayat<span class=\"excerpt-hellip\"> [\u2026]<\/span><\/p>\n","protected":false},"featured_media":0,"template":"","meta":{"_monsterinsights_skip_tracking":false,"_monsterinsights_sitenote_active":false,"_monsterinsights_sitenote_note":"","_monsterinsights_sitenote_category":0},"product_brand":[],"product_cat":[13701,12291],"product_tag":[],"class_list":{"0":"post-781772","1":"product","2":"type-product","3":"status-publish","5":"product_cat-ani-mektup-gunluk","6":"product_cat-edebiyat","7":"pa_cilt-ciltsiz","8":"pa_tur-kitap","9":"pa_yayinevi-profil-kitap","10":"pa_yazar-erhan-erken","12":"first","13":"instock","14":"sale","15":"shipping-taxable","16":"purchasable","17":"product-type-simple"},"_links":{"self":[{"href":"https:\/\/roveyayinevi.com.tr\/index.php\/wp-json\/wp\/v2\/product\/781772","targetHints":{"allow":["GET"]}}],"collection":[{"href":"https:\/\/roveyayinevi.com.tr\/index.php\/wp-json\/wp\/v2\/product"}],"about":[{"href":"https:\/\/roveyayinevi.com.tr\/index.php\/wp-json\/wp\/v2\/types\/product"}],"wp:attachment":[{"href":"https:\/\/roveyayinevi.com.tr\/index.php\/wp-json\/wp\/v2\/media?parent=781772"}],"wp:term":[{"taxonomy":"product_brand","embeddable":true,"href":"https:\/\/roveyayinevi.com.tr\/index.php\/wp-json\/wp\/v2\/product_brand?post=781772"},{"taxonomy":"product_cat","embeddable":true,"href":"https:\/\/roveyayinevi.com.tr\/index.php\/wp-json\/wp\/v2\/product_cat?post=781772"},{"taxonomy":"product_tag","embeddable":true,"href":"https:\/\/roveyayinevi.com.tr\/index.php\/wp-json\/wp\/v2\/product_tag?post=781772"}],"curies":[{"name":"wp","href":"https:\/\/api.w.org\/{rel}","templated":true}]}}