{"id":781769,"date":"2026-01-29T04:20:51","date_gmt":"2026-01-29T01:20:51","guid":{"rendered":"https:\/\/roveyayinevi.com.tr\/index.php\/urun\/mezopotamya-eskicag-sanati-ve-mimarisi-ciltli\/"},"modified":"2026-04-15T03:45:27","modified_gmt":"2026-04-15T00:45:27","slug":"mezopotamya-eskicag-sanati-ve-mimarisi-ciltli","status":"publish","type":"product","link":"https:\/\/roveyayinevi.com.tr\/index.php\/urun\/mezopotamya-eskicag-sanati-ve-mimarisi-ciltli\/","title":{"rendered":"Mezopotamya &#8211; Eski\u00e7a\u011f Sanat\u0131 ve Mimarisi (Ciltli)"},"content":{"rendered":"<p>Zainab Bahrani\u2019nin bu e\u015fsiz \u00e7al\u0131\u015fmas\u0131 M\u00d6 8000&#8217;den MS 636&#8217;da \u0130slam&#8217;\u0131n geli\u015fine kadarki d\u00f6nemde Mezopotamya sanat\u0131 ve mimarisinin kapsaml\u0131 bir incelemesini sunuyor. Kitap, farkl\u0131 uygarl\u0131klar\u0131n \u2013Assur, Akad, Babil vb\u2013 sanatsal temsillerinin k\u00f6kenlerini ve kamusal an\u0131tlar\u0131n ilk ortaya \u00e7\u0131k\u0131\u015f\u0131n\u0131 ele al\u0131rken, bu imge ve an\u0131tlar\u0131n d\u00f6nemin insanlar\u0131nca nas\u0131l g\u00f6r\u00fcld\u00fcklerini de a\u00e7\u0131kl\u0131yor. 414 g\u00f6rsel i\u00e7eren Mezopotamya ayr\u0131ca sanat tarihine \u00f6zg\u00fc kavramlar\u0131 ve teknik terimleri de a\u00e7\u0131klayan kapsaml\u0131 bir s\u00f6zl\u00fck i\u00e7eriyor.<\/p>\n","protected":false},"excerpt":{"rendered":"<p>Zainab Bahrani\u2019nin bu e\u015fsiz \u00e7al\u0131\u015fmas\u0131 M\u00d6 8000&#8217;den MS 636&#8217;da \u0130slam&#8217;\u0131n geli\u015fine kadarki d\u00f6nemde Mezopotamya sanat\u0131 ve mimarisinin kapsaml\u0131 bir incelemesini sunuyor. Kitap, farkl\u0131 uygarl\u0131klar\u0131n \u2013Assur, Akad,<span class=\"excerpt-hellip\"> [\u2026]<\/span><\/p>\n","protected":false},"featured_media":0,"template":"","meta":{"_monsterinsights_skip_tracking":false,"_monsterinsights_sitenote_active":false,"_monsterinsights_sitenote_note":"","_monsterinsights_sitenote_category":0},"product_brand":[],"product_cat":[12534,12304],"product_tag":[],"class_list":{"0":"post-781769","1":"product","2":"type-product","3":"status-publish","5":"product_cat-referans-kitaplar","6":"product_cat-tarih","7":"pa_cilt-ciltli","8":"pa_tur-kitap","9":"pa_yayinevi-yapi-kredi-yayinlari","10":"pa_yazar-zainab-bahrani","12":"first","13":"instock","14":"sale","15":"shipping-taxable","16":"purchasable","17":"product-type-simple"},"_links":{"self":[{"href":"https:\/\/roveyayinevi.com.tr\/index.php\/wp-json\/wp\/v2\/product\/781769","targetHints":{"allow":["GET"]}}],"collection":[{"href":"https:\/\/roveyayinevi.com.tr\/index.php\/wp-json\/wp\/v2\/product"}],"about":[{"href":"https:\/\/roveyayinevi.com.tr\/index.php\/wp-json\/wp\/v2\/types\/product"}],"wp:attachment":[{"href":"https:\/\/roveyayinevi.com.tr\/index.php\/wp-json\/wp\/v2\/media?parent=781769"}],"wp:term":[{"taxonomy":"product_brand","embeddable":true,"href":"https:\/\/roveyayinevi.com.tr\/index.php\/wp-json\/wp\/v2\/product_brand?post=781769"},{"taxonomy":"product_cat","embeddable":true,"href":"https:\/\/roveyayinevi.com.tr\/index.php\/wp-json\/wp\/v2\/product_cat?post=781769"},{"taxonomy":"product_tag","embeddable":true,"href":"https:\/\/roveyayinevi.com.tr\/index.php\/wp-json\/wp\/v2\/product_tag?post=781769"}],"curies":[{"name":"wp","href":"https:\/\/api.w.org\/{rel}","templated":true}]}}