{"id":781768,"date":"2026-01-29T04:19:51","date_gmt":"2026-01-29T01:19:51","guid":{"rendered":"https:\/\/roveyayinevi.com.tr\/index.php\/urun\/kusaklar-ve-astroloji\/"},"modified":"2026-04-15T03:44:48","modified_gmt":"2026-04-15T00:44:48","slug":"kusaklar-ve-astroloji","status":"publish","type":"product","link":"https:\/\/roveyayinevi.com.tr\/index.php\/urun\/kusaklar-ve-astroloji\/","title":{"rendered":"Ku\u015faklar ve Astroloji"},"content":{"rendered":"<p>BU K\u0130TAP, ZAMANI DE\u011e\u0130L; ZAMANIN \u0130\u00c7\u0130NDEK\u0130 S\u0130Z\u0130 ANLAMANIZ \u0130\u00c7\u0130N YAZILDI.   Yazar Zeynep Turan, bu kez sizi kendi ku\u015fa\u011f\u0131n\u0131z\u0131n \u015fifrelerini \u00e7\u00f6zmeye davet ediyor, kendi hik\u00e2yenizi farkl\u0131 bir perspektiften okuman\u0131z i\u00e7in size yeni bir kap\u0131 aral\u0131yor.   Do\u011fdu\u011funuz ku\u015fa\u011f\u0131n \u00fczerinizdeki izlerini, bug\u00fcnk\u00fc tepkilerinizin nedenini, hangi zamanda hangi etkilere maruz kald\u0131\u011f\u0131n\u0131z\u0131 ve 2039\u2019a kadar sizi nelerin bekledi\u011fini anla\u015f\u0131l\u0131r bir dilde okuyaca\u011f\u0131n\u0131z bu kitap, \u201cBen neden b\u00f6yleyim?\u201d sorusunun ger\u00e7ek cevab\u0131n\u0131, sizi siz yapan temel kodlarla birlikte veriyor.   2026 y\u0131l\u0131nda Nept\u00fcn s\u0131f\u0131rlan\u0131yor. Bu b\u00fcy\u00fck d\u00f6n\u00fc\u015f\u00fcm\u00fcn kararlar\u0131n\u0131za ve d\u00fc\u015f\u00fcnme bi\u00e7iminize nas\u0131l y\u00f6n verdi\u011fini, 2039\u2019a kadar uzanan yol haritan\u0131zda hangi k\u0131r\u0131lma noktalar\u0131ndan ge\u00e7ece\u011finizi, hangi se\u00e7imlerin sizin i\u00e7in belirleyici olaca\u011f\u0131n\u0131 ad\u0131m ad\u0131m g\u00f6stermekle kalm\u0131yor, zaman\u0131n ak\u0131\u015f\u0131 i\u00e7indeki rol\u00fcn\u00fcz\u00fc de merkeze al\u0131yor.   Her ku\u015fa\u011f\u0131n bir kaderi, her kaderin de bir zaman\u0131 var! <\/p>\n","protected":false},"excerpt":{"rendered":"<p>BU K\u0130TAP, ZAMANI DE\u011e\u0130L; ZAMANIN \u0130\u00c7\u0130NDEK\u0130 S\u0130Z\u0130 ANLAMANIZ \u0130\u00c7\u0130N YAZILDI. Yazar Zeynep Turan, bu kez sizi kendi ku\u015fa\u011f\u0131n\u0131z\u0131n \u015fifrelerini \u00e7\u00f6zmeye davet ediyor, kendi hik\u00e2yenizi farkl\u0131 bir<span class=\"excerpt-hellip\"> [\u2026]<\/span><\/p>\n","protected":false},"featured_media":0,"template":"","meta":{"_monsterinsights_skip_tracking":false,"_monsterinsights_sitenote_active":false,"_monsterinsights_sitenote_note":"","_monsterinsights_sitenote_category":0},"product_brand":[],"product_cat":[13835],"product_tag":[],"class_list":{"0":"post-781768","1":"product","2":"type-product","3":"status-publish","5":"product_cat-cok-satanlar","6":"pa_cilt-ciltsiz","7":"pa_tur-kitap","8":"pa_yayinevi-destek-yayinlari","9":"pa_yazar-zeynep-turan","11":"first","12":"instock","13":"sale","14":"shipping-taxable","15":"purchasable","16":"product-type-simple"},"_links":{"self":[{"href":"https:\/\/roveyayinevi.com.tr\/index.php\/wp-json\/wp\/v2\/product\/781768","targetHints":{"allow":["GET"]}}],"collection":[{"href":"https:\/\/roveyayinevi.com.tr\/index.php\/wp-json\/wp\/v2\/product"}],"about":[{"href":"https:\/\/roveyayinevi.com.tr\/index.php\/wp-json\/wp\/v2\/types\/product"}],"wp:attachment":[{"href":"https:\/\/roveyayinevi.com.tr\/index.php\/wp-json\/wp\/v2\/media?parent=781768"}],"wp:term":[{"taxonomy":"product_brand","embeddable":true,"href":"https:\/\/roveyayinevi.com.tr\/index.php\/wp-json\/wp\/v2\/product_brand?post=781768"},{"taxonomy":"product_cat","embeddable":true,"href":"https:\/\/roveyayinevi.com.tr\/index.php\/wp-json\/wp\/v2\/product_cat?post=781768"},{"taxonomy":"product_tag","embeddable":true,"href":"https:\/\/roveyayinevi.com.tr\/index.php\/wp-json\/wp\/v2\/product_tag?post=781768"}],"curies":[{"name":"wp","href":"https:\/\/api.w.org\/{rel}","templated":true}]}}