{"id":781764,"date":"2026-01-29T04:02:22","date_gmt":"2026-01-29T01:02:22","guid":{"rendered":"https:\/\/roveyayinevi.com.tr\/index.php\/urun\/kizil-kure\/"},"modified":"2026-04-15T03:32:13","modified_gmt":"2026-04-15T00:32:13","slug":"kizil-kure","status":"publish","type":"product","link":"https:\/\/roveyayinevi.com.tr\/index.php\/urun\/kizil-kure\/","title":{"rendered":"K\u0131z\u0131l K\u00fcre"},"content":{"rendered":"<p>Ay\u2019\u0131n so\u011fuk ve sessiz yu\u0308zeyinde birdenbire beliren gizemli bir ku\u0308re; Ceren, Okan ve Mu\u0308ge\u2019nin hayat\u0131n\u0131 de\u011fi\u015ftirecek bir maceran\u0131n habercisidir. Du\u0308nya art\u0131k ya\u015fanmaz hale gelmi\u015f ve insanl\u0131k Ay\u2019da \u015fehirler in\u015fa ederek yeni bir du\u0308zen kurmu\u015ftur. \u00dc\u00e7 kafadar\u0131n pe\u015fini bu yeni du\u0308nyada da b\u0131rakmaz tehditler ve s\u0131rlar&#8230; Robot dostlar\u0131 Mavi\u2019nin kaybolmas\u0131yla daha da derinle\u015fen bu gizemi \u00e7\u00f6zmek i\u00e7in yola koyulurlar. Ve Ay gecelerinin karanl\u0131klar\u0131nda onlar\u0131 izleyen esrarengiz bir G\u00f6lge\u2019yle ve K\u0131z\u0131l Ku\u0308re\u2019nin ta\u015f\u0131d\u0131\u011f\u0131 s\u0131rlarla nihayet yu\u0308zle\u015firler&#8230; Bilim ve hayallerin i\u00e7 i\u00e7e ge\u00e7ti\u011fi bir macera! Ay\u2019da soluksuz bir yolculu\u011fa \u00e7\u0131kmaya haz\u0131r olun!<\/p>\n","protected":false},"excerpt":{"rendered":"<p>Ay\u2019\u0131n so\u011fuk ve sessiz yu\u0308zeyinde birdenbire beliren gizemli bir ku\u0308re; Ceren, Okan ve Mu\u0308ge\u2019nin hayat\u0131n\u0131 de\u011fi\u015ftirecek bir maceran\u0131n habercisidir. Du\u0308nya art\u0131k ya\u015fanmaz hale gelmi\u015f ve insanl\u0131k<span class=\"excerpt-hellip\"> [\u2026]<\/span><\/p>\n","protected":false},"featured_media":0,"template":"","meta":{"_monsterinsights_skip_tracking":false,"_monsterinsights_sitenote_active":false,"_monsterinsights_sitenote_note":"","_monsterinsights_sitenote_category":0},"product_brand":[],"product_cat":[12291,12711],"product_tag":[],"class_list":{"0":"post-781764","1":"product","2":"type-product","3":"status-publish","5":"product_cat-edebiyat","6":"product_cat-roman-oyku","7":"pa_cilt-ciltsiz","8":"pa_tur-kitap","9":"pa_yayinevi-ketebe-yayinlari","10":"pa_yazar-zubeyir-tokgoz","12":"first","13":"instock","14":"sale","15":"shipping-taxable","16":"purchasable","17":"product-type-simple"},"_links":{"self":[{"href":"https:\/\/roveyayinevi.com.tr\/index.php\/wp-json\/wp\/v2\/product\/781764","targetHints":{"allow":["GET"]}}],"collection":[{"href":"https:\/\/roveyayinevi.com.tr\/index.php\/wp-json\/wp\/v2\/product"}],"about":[{"href":"https:\/\/roveyayinevi.com.tr\/index.php\/wp-json\/wp\/v2\/types\/product"}],"wp:attachment":[{"href":"https:\/\/roveyayinevi.com.tr\/index.php\/wp-json\/wp\/v2\/media?parent=781764"}],"wp:term":[{"taxonomy":"product_brand","embeddable":true,"href":"https:\/\/roveyayinevi.com.tr\/index.php\/wp-json\/wp\/v2\/product_brand?post=781764"},{"taxonomy":"product_cat","embeddable":true,"href":"https:\/\/roveyayinevi.com.tr\/index.php\/wp-json\/wp\/v2\/product_cat?post=781764"},{"taxonomy":"product_tag","embeddable":true,"href":"https:\/\/roveyayinevi.com.tr\/index.php\/wp-json\/wp\/v2\/product_tag?post=781764"}],"curies":[{"name":"wp","href":"https:\/\/api.w.org\/{rel}","templated":true}]}}