{"id":781762,"date":"2026-01-29T03:29:16","date_gmt":"2026-01-29T00:29:16","guid":{"rendered":"https:\/\/roveyayinevi.com.tr\/index.php\/urun\/savasin-gelecegi-2\/"},"modified":"2026-04-16T02:58:25","modified_gmt":"2026-04-15T23:58:25","slug":"savasin-gelecegi-2","status":"publish","type":"product","link":"https:\/\/roveyayinevi.com.tr\/index.php\/urun\/savasin-gelecegi-2\/","title":{"rendered":"Sava\u015f\u0131n Gelece\u011fi"},"content":{"rendered":"<p>\u00d6d\u00fcll\u00fc bir askeri tarih\u00e7i, profes\u00f6r ve siyasi dan\u0131\u015fman olan Lawrence Freedman bu benzersiz insani \u015fiddet bi\u00e7imini neyin y\u00f6nlendirdi\u011fini ve s\u00fcrd\u00fcrd\u00fc\u011f\u00fcn\u00fc g\u00f6stererek sava\u015f\u0131n hik\u00e2yesini t\u00fcm \u00e7\u0131plakl\u0131\u011f\u0131yla g\u00f6zler \u00f6n\u00fcne seriyor. Sava\u015f\u0131n gelece\u011fi ile ilgili sorular siyasi tart\u0131\u015fmalar\u0131n, stratejik analizlerin ve pop\u00fcler kurgunun \u00f6zelli\u011fidir. Yeni tehlikeleri nerede aramal\u0131y\u0131z? Bir sald\u0131rgan\u0131n akl\u0131nda hangi kurnaz planlar olabilir? En iyi savunma bi\u00e7imleri nelerdir? Bar\u0131\u015f nas\u0131l korunabilir? Freedman 1870\u2019te Fransa\u2019n\u0131n Sedan\u2019da ya\u015fad\u0131\u011f\u0131 yenilgiden, Afganistan ve Irak sava\u015flar\u0131na kadar \u00e7o\u011fu sava\u015fta sava\u015f\u0131n gelece\u011fine y\u00f6nelik tahminlerde bulunanlar\u0131n nas\u0131l yan\u0131ld\u0131klar\u0131n\u0131 anlat\u0131rken ayn\u0131 zamanda 1990\u2019lardan itibaren say\u0131lar\u0131 artan i\u00e7 sava\u015flara yeterince ilgi g\u00f6sterilmedi\u011fini ve bar\u0131\u015f ile sava\u015f, ordu ile sivil aras\u0131ndaki ayr\u0131mlar\u0131n nas\u0131l bulan\u0131kla\u015ft\u0131\u011f\u0131n\u0131 da a\u00e7\u0131kl\u0131yor. <\/p>\n","protected":false},"excerpt":{"rendered":"<p>\u00d6d\u00fcll\u00fc bir askeri tarih\u00e7i, profes\u00f6r ve siyasi dan\u0131\u015fman olan Lawrence Freedman bu benzersiz insani \u015fiddet bi\u00e7imini neyin y\u00f6nlendirdi\u011fini ve s\u00fcrd\u00fcrd\u00fc\u011f\u00fcn\u00fc g\u00f6stererek sava\u015f\u0131n hik\u00e2yesini t\u00fcm \u00e7\u0131plakl\u0131\u011f\u0131yla g\u00f6zler<span class=\"excerpt-hellip\"> [\u2026]<\/span><\/p>\n","protected":false},"featured_media":0,"template":"","meta":{"_monsterinsights_skip_tracking":false,"_monsterinsights_sitenote_active":false,"_monsterinsights_sitenote_note":"","_monsterinsights_sitenote_category":0},"product_brand":[],"product_cat":[12312,12304],"product_tag":[],"class_list":{"0":"post-781762","1":"product","2":"type-product","3":"status-publish","5":"product_cat-diger","6":"product_cat-tarih","7":"pa_cilt-ciltsiz","8":"pa_tur-kitap","9":"pa_yayinevi-say-yayinlari","10":"pa_yazar-lawrence-freedman","12":"first","13":"instock","14":"sale","15":"shipping-taxable","16":"purchasable","17":"product-type-simple"},"_links":{"self":[{"href":"https:\/\/roveyayinevi.com.tr\/index.php\/wp-json\/wp\/v2\/product\/781762","targetHints":{"allow":["GET"]}}],"collection":[{"href":"https:\/\/roveyayinevi.com.tr\/index.php\/wp-json\/wp\/v2\/product"}],"about":[{"href":"https:\/\/roveyayinevi.com.tr\/index.php\/wp-json\/wp\/v2\/types\/product"}],"wp:attachment":[{"href":"https:\/\/roveyayinevi.com.tr\/index.php\/wp-json\/wp\/v2\/media?parent=781762"}],"wp:term":[{"taxonomy":"product_brand","embeddable":true,"href":"https:\/\/roveyayinevi.com.tr\/index.php\/wp-json\/wp\/v2\/product_brand?post=781762"},{"taxonomy":"product_cat","embeddable":true,"href":"https:\/\/roveyayinevi.com.tr\/index.php\/wp-json\/wp\/v2\/product_cat?post=781762"},{"taxonomy":"product_tag","embeddable":true,"href":"https:\/\/roveyayinevi.com.tr\/index.php\/wp-json\/wp\/v2\/product_tag?post=781762"}],"curies":[{"name":"wp","href":"https:\/\/api.w.org\/{rel}","templated":true}]}}