{"id":781758,"date":"2026-01-29T03:06:41","date_gmt":"2026-01-29T00:06:41","guid":{"rendered":"https:\/\/roveyayinevi.com.tr\/index.php\/urun\/doga-asigi-leyla-cilgin-kurbaga\/"},"modified":"2026-02-03T02:53:35","modified_gmt":"2026-02-02T23:53:35","slug":"doga-asigi-leyla-cilgin-kurbaga","status":"publish","type":"product","link":"https:\/\/roveyayinevi.com.tr\/index.php\/urun\/doga-asigi-leyla-cilgin-kurbaga\/","title":{"rendered":"Do\u011fa A\u015f\u0131\u011f\u0131 Leyla &#8211; \u00c7\u0131lg\u0131n Kurba\u011fa"},"content":{"rendered":"<p>LEYLA ETRAFTAYKEN LEYLA ETRAFTAYKEN MACERA EKS\u0130K OLMAZ! Leyla\u2019n\u0131n golf merakl\u0131s\u0131 kom\u015fusu, bah\u00e7esindeki b\u00fct\u00fcn kar\u0131ncalardan kurtulmay\u0131 kafas\u0131na koymu\u015ftu. Ayr\u0131ca kurba\u011falar\u0131n ya\u015fad\u0131\u011f\u0131 g\u00f6leti de golf egzersiz sahas\u0131na \u00e7evirdi&#8230; ZIP ZIP KARGA\u015eA! B\u00f6ylece yaban hayat\u0131 koruma i\u015fi Leyla\u2019ya kald\u0131. Bu kitapta do\u011fa, yaban hayat\u0131 ve D\u00fcnyam\u0131z ile ilgili bir s\u00fcr\u00fc harika bilgiyi ve do\u011fay\u0131 korumak i\u00e7in SENiN ne yapabilece\u011fini bulabilirsin.<\/p>\n","protected":false},"excerpt":{"rendered":"<p>LEYLA ETRAFTAYKEN LEYLA ETRAFTAYKEN MACERA EKS\u0130K OLMAZ! Leyla\u2019n\u0131n golf merakl\u0131s\u0131 kom\u015fusu, bah\u00e7esindeki b\u00fct\u00fcn kar\u0131ncalardan kurtulmay\u0131 kafas\u0131na koymu\u015ftu. Ayr\u0131ca kurba\u011falar\u0131n ya\u015fad\u0131\u011f\u0131 g\u00f6leti de golf egzersiz sahas\u0131na \u00e7evirdi&#8230;<span class=\"excerpt-hellip\"> [\u2026]<\/span><\/p>\n","protected":false},"featured_media":0,"template":"","meta":{"_monsterinsights_skip_tracking":false,"_monsterinsights_sitenote_active":false,"_monsterinsights_sitenote_note":"","_monsterinsights_sitenote_category":0},"product_brand":[],"product_cat":[12275,12274],"product_tag":[],"class_list":{"0":"post-781758","1":"product","2":"type-product","3":"status-publish","5":"product_cat-6-12-yas-kitaplari","6":"product_cat-cocuk-ve-genclik-kitaplari","7":"pa_cilt-ciltsiz","8":"pa_tur-kitap","9":"pa_yayinevi-is-bankasi-kultur-yayinlari","10":"pa_yazar-jane-clarke","12":"first","13":"instock","14":"sale","15":"shipping-taxable","16":"purchasable","17":"product-type-simple"},"_links":{"self":[{"href":"https:\/\/roveyayinevi.com.tr\/index.php\/wp-json\/wp\/v2\/product\/781758","targetHints":{"allow":["GET"]}}],"collection":[{"href":"https:\/\/roveyayinevi.com.tr\/index.php\/wp-json\/wp\/v2\/product"}],"about":[{"href":"https:\/\/roveyayinevi.com.tr\/index.php\/wp-json\/wp\/v2\/types\/product"}],"wp:attachment":[{"href":"https:\/\/roveyayinevi.com.tr\/index.php\/wp-json\/wp\/v2\/media?parent=781758"}],"wp:term":[{"taxonomy":"product_brand","embeddable":true,"href":"https:\/\/roveyayinevi.com.tr\/index.php\/wp-json\/wp\/v2\/product_brand?post=781758"},{"taxonomy":"product_cat","embeddable":true,"href":"https:\/\/roveyayinevi.com.tr\/index.php\/wp-json\/wp\/v2\/product_cat?post=781758"},{"taxonomy":"product_tag","embeddable":true,"href":"https:\/\/roveyayinevi.com.tr\/index.php\/wp-json\/wp\/v2\/product_tag?post=781758"}],"curies":[{"name":"wp","href":"https:\/\/api.w.org\/{rel}","templated":true}]}}