{"id":781755,"date":"2026-01-29T03:04:34","date_gmt":"2026-01-29T00:04:34","guid":{"rendered":"https:\/\/roveyayinevi.com.tr\/index.php\/urun\/vahsi-dogaya-girmeye-hazir-misiniz\/"},"modified":"2026-03-24T02:40:00","modified_gmt":"2026-03-23T23:40:00","slug":"vahsi-dogaya-girmeye-hazir-misiniz","status":"publish","type":"product","link":"https:\/\/roveyayinevi.com.tr\/index.php\/urun\/vahsi-dogaya-girmeye-hazir-misiniz\/","title":{"rendered":"Vah\u015fi Do\u011faya Girmeye Haz\u0131r M\u0131s\u0131n\u0131z?"},"content":{"rendered":"<p>Danny\u2019nin her \u00e7ocu\u011fun sahip olmak isteyece\u011fi HAR\u0130KA arkada\u015flar\u0131 var. Okulun onlar\u0131 SIRA DI\u015eI bir do\u011fa gezisine g\u00f6t\u00fcrece\u011fini \u00f6\u011frenince \u00e7ok heycanlan\u0131rlar. Bu geziye Danny\u2019nin asker olmak isteyen a\u011fabeyi de gelecektir. (HAYIR) \u00dcstelik rehberleri de en az 132 ya\u015f\u0131nda. (NASIL YAN\u0130?!) \u0130\u015eLER ger\u00e7ekten k\u00f6t\u00fcye gitmek \u00fczere\u2026 \u00c7IKARIN BEN\u0130 BURADAN! <\/p>\n","protected":false},"excerpt":{"rendered":"<p>Danny\u2019nin her \u00e7ocu\u011fun sahip olmak isteyece\u011fi HAR\u0130KA arkada\u015flar\u0131 var. Okulun onlar\u0131 SIRA DI\u015eI bir do\u011fa gezisine g\u00f6t\u00fcrece\u011fini \u00f6\u011frenince \u00e7ok heycanlan\u0131rlar. Bu geziye Danny\u2019nin asker olmak isteyen<span class=\"excerpt-hellip\"> [\u2026]<\/span><\/p>\n","protected":false},"featured_media":0,"template":"","meta":{"_monsterinsights_skip_tracking":false,"_monsterinsights_sitenote_active":false,"_monsterinsights_sitenote_note":"","_monsterinsights_sitenote_category":0},"product_brand":[],"product_cat":[12275,12274],"product_tag":[],"class_list":{"0":"post-781755","1":"product","2":"type-product","3":"status-publish","5":"product_cat-6-12-yas-kitaplari","6":"product_cat-cocuk-ve-genclik-kitaplari","7":"pa_cilt-ciltsiz","8":"pa_tur-kitap","9":"pa_yayinevi-is-bankasi-kultur-yayinlari","10":"pa_yazar-andy-mcnab-phil-earle","12":"first","13":"instock","14":"sale","15":"shipping-taxable","16":"purchasable","17":"product-type-simple"},"_links":{"self":[{"href":"https:\/\/roveyayinevi.com.tr\/index.php\/wp-json\/wp\/v2\/product\/781755","targetHints":{"allow":["GET"]}}],"collection":[{"href":"https:\/\/roveyayinevi.com.tr\/index.php\/wp-json\/wp\/v2\/product"}],"about":[{"href":"https:\/\/roveyayinevi.com.tr\/index.php\/wp-json\/wp\/v2\/types\/product"}],"wp:attachment":[{"href":"https:\/\/roveyayinevi.com.tr\/index.php\/wp-json\/wp\/v2\/media?parent=781755"}],"wp:term":[{"taxonomy":"product_brand","embeddable":true,"href":"https:\/\/roveyayinevi.com.tr\/index.php\/wp-json\/wp\/v2\/product_brand?post=781755"},{"taxonomy":"product_cat","embeddable":true,"href":"https:\/\/roveyayinevi.com.tr\/index.php\/wp-json\/wp\/v2\/product_cat?post=781755"},{"taxonomy":"product_tag","embeddable":true,"href":"https:\/\/roveyayinevi.com.tr\/index.php\/wp-json\/wp\/v2\/product_tag?post=781755"}],"curies":[{"name":"wp","href":"https:\/\/api.w.org\/{rel}","templated":true}]}}