{"id":781754,"date":"2026-01-29T03:02:56","date_gmt":"2026-01-29T00:02:56","guid":{"rendered":"https:\/\/roveyayinevi.com.tr\/index.php\/urun\/konusan-kopek-koko-3-bir-karadeniz-macerasi\/"},"modified":"2026-02-03T02:49:43","modified_gmt":"2026-02-02T23:49:43","slug":"konusan-kopek-koko-3-bir-karadeniz-macerasi","status":"publish","type":"product","link":"https:\/\/roveyayinevi.com.tr\/index.php\/urun\/konusan-kopek-koko-3-bir-karadeniz-macerasi\/","title":{"rendered":"Konu\u015fan K\u00f6pek Koko 3 &#8211; Bir Karadeniz Maceras\u0131"},"content":{"rendered":"<p>Konu\u015fan K\u00f6pek Koko ve dostu Can\u2019\u0131n maceralar\u0131 devam ediyor! Can, cep telefonuyla film \u00e7ekmeye merak sard\u0131. Yak\u0131nda ailece Karadeniz\u2019e gidecekler ve Can orada harika bir belgesel \u00e7ekmeyi d\u00fc\u015f\u00fcn\u00fcyor. Koko, Karadeniz gezisini duyunca \u00e7ok heyecanland\u0131 ama ailenin onu g\u00f6t\u00fcrmeyece\u011fini \u00f6\u011frendi\u011finde hayalleri suya d\u00fc\u015ft\u00fc. Ama Koko hi\u00e7 \u00f6yle hemen pes eder mi? Hemen zekice bir fikir buldu. Ah Koko ah\u2026 Karadeniz maceran\u0131zda sizi bekleyen inan\u0131lmaz olaylar\u0131 bir bilsen! <\/p>\n","protected":false},"excerpt":{"rendered":"<p>Konu\u015fan K\u00f6pek Koko ve dostu Can\u2019\u0131n maceralar\u0131 devam ediyor! Can, cep telefonuyla film \u00e7ekmeye merak sard\u0131. Yak\u0131nda ailece Karadeniz\u2019e gidecekler ve Can orada harika bir belgesel<span class=\"excerpt-hellip\"> [\u2026]<\/span><\/p>\n","protected":false},"featured_media":0,"template":"","meta":{"_monsterinsights_skip_tracking":false,"_monsterinsights_sitenote_active":false,"_monsterinsights_sitenote_note":"","_monsterinsights_sitenote_category":0},"product_brand":[],"product_cat":[12274,12518],"product_tag":[],"class_list":{"0":"post-781754","1":"product","2":"type-product","3":"status-publish","5":"product_cat-cocuk-ve-genclik-kitaplari","6":"product_cat-okul-oncesi-kitaplar","7":"pa_cilt-ciltsiz","8":"pa_tur-kitap","9":"pa_yayinevi-is-bankasi-kultur-yayinlari","10":"pa_yazar-turgut-yasalar","12":"first","13":"instock","14":"sale","15":"shipping-taxable","16":"purchasable","17":"product-type-simple"},"_links":{"self":[{"href":"https:\/\/roveyayinevi.com.tr\/index.php\/wp-json\/wp\/v2\/product\/781754","targetHints":{"allow":["GET"]}}],"collection":[{"href":"https:\/\/roveyayinevi.com.tr\/index.php\/wp-json\/wp\/v2\/product"}],"about":[{"href":"https:\/\/roveyayinevi.com.tr\/index.php\/wp-json\/wp\/v2\/types\/product"}],"wp:attachment":[{"href":"https:\/\/roveyayinevi.com.tr\/index.php\/wp-json\/wp\/v2\/media?parent=781754"}],"wp:term":[{"taxonomy":"product_brand","embeddable":true,"href":"https:\/\/roveyayinevi.com.tr\/index.php\/wp-json\/wp\/v2\/product_brand?post=781754"},{"taxonomy":"product_cat","embeddable":true,"href":"https:\/\/roveyayinevi.com.tr\/index.php\/wp-json\/wp\/v2\/product_cat?post=781754"},{"taxonomy":"product_tag","embeddable":true,"href":"https:\/\/roveyayinevi.com.tr\/index.php\/wp-json\/wp\/v2\/product_tag?post=781754"}],"curies":[{"name":"wp","href":"https:\/\/api.w.org\/{rel}","templated":true}]}}