{"id":781753,"date":"2026-01-29T03:00:49","date_gmt":"2026-01-29T00:00:49","guid":{"rendered":"https:\/\/roveyayinevi.com.tr\/index.php\/urun\/konusan-kopek-koko-2-esrarengiz-kuyu\/"},"modified":"2026-02-03T02:49:06","modified_gmt":"2026-02-02T23:49:06","slug":"konusan-kopek-koko-2-esrarengiz-kuyu","status":"publish","type":"product","link":"https:\/\/roveyayinevi.com.tr\/index.php\/urun\/konusan-kopek-koko-2-esrarengiz-kuyu\/","title":{"rendered":"Konu\u015fan K\u00f6pek Koko 2 Esrarengiz Kuyu"},"content":{"rendered":"<p>Konu\u015fan K\u00f6pek Koko\u2019nun maceralar\u0131 devam ediyor! Koko ve Can birbirlerine iyice ba\u011fland\u0131lar. Onlar art\u0131k birbirinin can dostuydu. G\u00fcnler oyun oynamakla, y\u00fczmekle, yani t\u00fcrl\u00fc t\u00fcrl\u00fc e\u011flenceyle ge\u00e7iyordu. Koko\u2019nun k\u00f6pek arkada\u015f\u0131 Boncuk ve yeni d\u00fcnyaya gelen yavrular da onlar\u0131 b\u00fcsb\u00fct\u00fcn keyiflendirmi\u015fti. G\u00fcnlerden bir g\u00fcn, \u00e7ok ama \u00e7ok acayip bir \u015fey oldu: Can ve Koko\u2019nun kom\u015fular\u0131n\u0131n evinde gizemli olaylar ya\u015fanmaya ba\u015flad\u0131 ve bunlar Koko\u2019nun g\u00f6z\u00fcnden ka\u00e7mad\u0131! Koko, bu gizemi ayd\u0131nlatmaya kararl\u0131yd\u0131. Onlar\u0131 inan\u0131lmaz bir macera ve bir s\u00fcrpriz bekliyordu.<\/p>\n","protected":false},"excerpt":{"rendered":"<p>Konu\u015fan K\u00f6pek Koko\u2019nun maceralar\u0131 devam ediyor! Koko ve Can birbirlerine iyice ba\u011fland\u0131lar. Onlar art\u0131k birbirinin can dostuydu. G\u00fcnler oyun oynamakla, y\u00fczmekle, yani t\u00fcrl\u00fc t\u00fcrl\u00fc e\u011flenceyle ge\u00e7iyordu.<span class=\"excerpt-hellip\"> [\u2026]<\/span><\/p>\n","protected":false},"featured_media":0,"template":"","meta":{"_monsterinsights_skip_tracking":false,"_monsterinsights_sitenote_active":false,"_monsterinsights_sitenote_note":"","_monsterinsights_sitenote_category":0},"product_brand":[],"product_cat":[12275,12274],"product_tag":[],"class_list":{"0":"post-781753","1":"product","2":"type-product","3":"status-publish","5":"product_cat-6-12-yas-kitaplari","6":"product_cat-cocuk-ve-genclik-kitaplari","7":"pa_cilt-ciltsiz","8":"pa_tur-kitap","9":"pa_yayinevi-is-bankasi-kultur-yayinlari","10":"pa_yazar-turgut-yasalar","12":"first","13":"instock","14":"sale","15":"shipping-taxable","16":"purchasable","17":"product-type-simple"},"_links":{"self":[{"href":"https:\/\/roveyayinevi.com.tr\/index.php\/wp-json\/wp\/v2\/product\/781753","targetHints":{"allow":["GET"]}}],"collection":[{"href":"https:\/\/roveyayinevi.com.tr\/index.php\/wp-json\/wp\/v2\/product"}],"about":[{"href":"https:\/\/roveyayinevi.com.tr\/index.php\/wp-json\/wp\/v2\/types\/product"}],"wp:attachment":[{"href":"https:\/\/roveyayinevi.com.tr\/index.php\/wp-json\/wp\/v2\/media?parent=781753"}],"wp:term":[{"taxonomy":"product_brand","embeddable":true,"href":"https:\/\/roveyayinevi.com.tr\/index.php\/wp-json\/wp\/v2\/product_brand?post=781753"},{"taxonomy":"product_cat","embeddable":true,"href":"https:\/\/roveyayinevi.com.tr\/index.php\/wp-json\/wp\/v2\/product_cat?post=781753"},{"taxonomy":"product_tag","embeddable":true,"href":"https:\/\/roveyayinevi.com.tr\/index.php\/wp-json\/wp\/v2\/product_tag?post=781753"}],"curies":[{"name":"wp","href":"https:\/\/api.w.org\/{rel}","templated":true}]}}