{"id":781752,"date":"2026-01-29T02:47:25","date_gmt":"2026-01-28T23:47:25","guid":{"rendered":"https:\/\/roveyayinevi.com.tr\/index.php\/urun\/dikanka-yakinlarinda-bir-ciftlikte-aksam-toplantilari\/"},"modified":"2026-01-29T02:47:25","modified_gmt":"2026-01-28T23:47:25","slug":"dikanka-yakinlarinda-bir-ciftlikte-aksam-toplantilari","status":"publish","type":"product","link":"https:\/\/roveyayinevi.com.tr\/index.php\/urun\/dikanka-yakinlarinda-bir-ciftlikte-aksam-toplantilari\/","title":{"rendered":"Dikanka Yak\u0131nlar\u0131nda Bir \u00c7iftlikte Ak\u015fam Toplant\u0131lar\u0131"},"content":{"rendered":"<p>Televizyonun ve di\u011fer ileti\u015fim ara\u00e7lar\u0131n\u0131n hen\u00fcz ke\u015ffedilmedi\u011fi d\u00f6nemlerde, insanlar\u0131n en b\u00fcy\u00fck e\u011flencesi \u00f6yk\u00fcler ve masallard\u0131. Havalar so\u011fuyup tarlalardaki i\u015fler bitince, ta\u015fra ahalisi sobalar\u0131n ba\u015f\u0131na toplan\u0131r ve b\u00fcy\u00fcklerin anlatt\u0131klar\u0131 \u00f6yk\u00fc ve masallarla e\u011flenirdi. Bu eserde yazar, Ukrayna halk \u00f6yk\u00fclerini, e\u011flenceli bir mizansen i\u00e7erisinde anlatmaktad\u0131r.Karadeniz\u2019in kar\u015f\u0131 yakas\u0131nda bir \u00e7iftlikte yap\u0131lan ak\u015fam toplant\u0131lar\u0131nda anlat\u0131lan \u00f6yk\u00fclerin baz\u0131lar\u0131 komik, baz\u0131lar\u0131 ise \u00fcrk\u00fct\u00fcc\u00fcd\u00fcr. \u00d6yk\u00fcler g\u00fczel k\u0131zlar, yi\u011fit delikanl\u0131lar, komplolar, cad\u0131lar, tekinsiz ormanlar, boyutlar aras\u0131 yolculuklar ve b\u00fcy\u00fcl\u00fc define avlar\u0131 gibi ilgi \u00e7ekici \u00f6\u011felerle doludur. Ayr\u0131ca yazar\u0131n, bat\u0131l inan\u00e7lardan yarat\u0131lm\u0131\u015f masallar\u0131n yan\u0131 s\u0131ra bat\u0131la inanan insanlara yap\u0131lan komik oyunlar\u0131n da anlat\u0131ld\u0131\u011f\u0131 \u00f6yk\u00fclere yer vermesi, bu eseri e\u015fsiz k\u0131lmaktad\u0131r.<\/p>\n","protected":false},"excerpt":{"rendered":"<p>Televizyonun ve di\u011fer ileti\u015fim ara\u00e7lar\u0131n\u0131n hen\u00fcz ke\u015ffedilmedi\u011fi d\u00f6nemlerde, insanlar\u0131n en b\u00fcy\u00fck e\u011flencesi \u00f6yk\u00fcler ve masallard\u0131. Havalar so\u011fuyup tarlalardaki i\u015fler bitince, ta\u015fra ahalisi sobalar\u0131n ba\u015f\u0131na toplan\u0131r ve<span class=\"excerpt-hellip\"> [\u2026]<\/span><\/p>\n","protected":false},"featured_media":0,"template":"","meta":{"_monsterinsights_skip_tracking":false,"_monsterinsights_sitenote_active":false,"_monsterinsights_sitenote_note":"","_monsterinsights_sitenote_category":0},"product_brand":[],"product_cat":[12274,12284],"product_tag":[],"class_list":{"0":"post-781752","1":"product","2":"type-product","3":"status-publish","5":"product_cat-cocuk-ve-genclik-kitaplari","6":"product_cat-hikayeler","7":"pa_cilt-ciltsiz","8":"pa_tur-kitap","9":"pa_yayinevi-is-bankasi-kultur-yayinlari","10":"pa_yazar-nikolay-vasilyevic-gogol","12":"first","13":"instock","14":"sale","15":"shipping-taxable","16":"purchasable","17":"product-type-simple"},"_links":{"self":[{"href":"https:\/\/roveyayinevi.com.tr\/index.php\/wp-json\/wp\/v2\/product\/781752","targetHints":{"allow":["GET"]}}],"collection":[{"href":"https:\/\/roveyayinevi.com.tr\/index.php\/wp-json\/wp\/v2\/product"}],"about":[{"href":"https:\/\/roveyayinevi.com.tr\/index.php\/wp-json\/wp\/v2\/types\/product"}],"wp:attachment":[{"href":"https:\/\/roveyayinevi.com.tr\/index.php\/wp-json\/wp\/v2\/media?parent=781752"}],"wp:term":[{"taxonomy":"product_brand","embeddable":true,"href":"https:\/\/roveyayinevi.com.tr\/index.php\/wp-json\/wp\/v2\/product_brand?post=781752"},{"taxonomy":"product_cat","embeddable":true,"href":"https:\/\/roveyayinevi.com.tr\/index.php\/wp-json\/wp\/v2\/product_cat?post=781752"},{"taxonomy":"product_tag","embeddable":true,"href":"https:\/\/roveyayinevi.com.tr\/index.php\/wp-json\/wp\/v2\/product_tag?post=781752"}],"curies":[{"name":"wp","href":"https:\/\/api.w.org\/{rel}","templated":true}]}}