{"id":781751,"date":"2026-01-29T02:45:14","date_gmt":"2026-01-28T23:45:14","guid":{"rendered":"https:\/\/roveyayinevi.com.tr\/index.php\/urun\/kizilderili-masallari\/"},"modified":"2026-04-16T02:24:58","modified_gmt":"2026-04-15T23:24:58","slug":"kizilderili-masallari","status":"publish","type":"product","link":"https:\/\/roveyayinevi.com.tr\/index.php\/urun\/kizilderili-masallari\/","title":{"rendered":"K\u0131z\u0131lderili Masallar\u0131"},"content":{"rendered":"<p>B\u00fcy\u00fck Ay\u0131 tak\u0131my\u0131ld\u0131z\u0131n\u0131n g\u00f6zleri dolduracak kadar sevimli, \u00e7ocuksu hik\u00e2yesini dinlemi\u015f miydiniz? Topra\u011f\u0131n, g\u00f6ky\u00fcz\u00fcn\u00fcn, suyun ve f\u0131rt\u0131nan\u0131n ruhuyla konu\u015fan K\u0131z\u0131lderili, do\u011faya kar\u015f\u0131 ya\u015fam m\u00fccadelesi vermiyor, do\u011fan\u0131n bir par\u00e7as\u0131 olarak, halkadaki yerini minnetle, h\u00fcrmetle, ne\u015feyle al\u0131yordu. Avlanmadan ekip bi\u00e7meye, beslenmeden s\u00fcslenmeye, tart\u0131\u015fmaktan dans etmeye kadar en s\u0131radan edimleri bile ayinle\u015ftirerek hayat\u0131 kutlayan K\u0131z\u0131lderili\u2019nin hik\u00e2yeleri de i\u015fte \u00f6yle ya\u015famc\u0131l, ne\u015feli, ritmik ve \u00e7ocuksu. <\/p>\n","protected":false},"excerpt":{"rendered":"<p>B\u00fcy\u00fck Ay\u0131 tak\u0131my\u0131ld\u0131z\u0131n\u0131n g\u00f6zleri dolduracak kadar sevimli, \u00e7ocuksu hik\u00e2yesini dinlemi\u015f miydiniz? Topra\u011f\u0131n, g\u00f6ky\u00fcz\u00fcn\u00fcn, suyun ve f\u0131rt\u0131nan\u0131n ruhuyla konu\u015fan K\u0131z\u0131lderili, do\u011faya kar\u015f\u0131 ya\u015fam m\u00fccadelesi vermiyor, do\u011fan\u0131n bir<span class=\"excerpt-hellip\"> [\u2026]<\/span><\/p>\n","protected":false},"featured_media":0,"template":"","meta":{"_monsterinsights_skip_tracking":false,"_monsterinsights_sitenote_active":false,"_monsterinsights_sitenote_note":"","_monsterinsights_sitenote_category":0},"product_brand":[],"product_cat":[12291,12711],"product_tag":[],"class_list":{"0":"post-781751","1":"product","2":"type-product","3":"status-publish","5":"product_cat-edebiyat","6":"product_cat-roman-oyku","7":"pa_cilt-ciltsiz","8":"pa_tur-kitap","9":"pa_yayinevi-kara-karga-yayinlari","10":"pa_yazar-kolektif","12":"first","13":"instock","14":"sale","15":"shipping-taxable","16":"purchasable","17":"product-type-simple"},"_links":{"self":[{"href":"https:\/\/roveyayinevi.com.tr\/index.php\/wp-json\/wp\/v2\/product\/781751","targetHints":{"allow":["GET"]}}],"collection":[{"href":"https:\/\/roveyayinevi.com.tr\/index.php\/wp-json\/wp\/v2\/product"}],"about":[{"href":"https:\/\/roveyayinevi.com.tr\/index.php\/wp-json\/wp\/v2\/types\/product"}],"wp:attachment":[{"href":"https:\/\/roveyayinevi.com.tr\/index.php\/wp-json\/wp\/v2\/media?parent=781751"}],"wp:term":[{"taxonomy":"product_brand","embeddable":true,"href":"https:\/\/roveyayinevi.com.tr\/index.php\/wp-json\/wp\/v2\/product_brand?post=781751"},{"taxonomy":"product_cat","embeddable":true,"href":"https:\/\/roveyayinevi.com.tr\/index.php\/wp-json\/wp\/v2\/product_cat?post=781751"},{"taxonomy":"product_tag","embeddable":true,"href":"https:\/\/roveyayinevi.com.tr\/index.php\/wp-json\/wp\/v2\/product_tag?post=781751"}],"curies":[{"name":"wp","href":"https:\/\/api.w.org\/{rel}","templated":true}]}}