{"id":781749,"date":"2026-01-29T02:40:42","date_gmt":"2026-01-28T23:40:42","guid":{"rendered":"https:\/\/roveyayinevi.com.tr\/index.php\/urun\/wolfgang-amadeus-mozart-kimdi\/"},"modified":"2026-02-03T02:35:48","modified_gmt":"2026-02-02T23:35:48","slug":"wolfgang-amadeus-mozart-kimdi","status":"publish","type":"product","link":"https:\/\/roveyayinevi.com.tr\/index.php\/urun\/wolfgang-amadeus-mozart-kimdi\/","title":{"rendered":"Wolfgang Amadeus Mozart Kimdi?"},"content":{"rendered":"<p>Piyano yetene\u011fiyle Avusturya \u0130mparatori\u00e7esi&#8217;ni kendine hayran b\u0131rakan alt\u0131 ya\u015f\u0131nda bir \u00e7ocuk. Otuz be\u015f y\u0131ll\u0131k \u00f6mr\u00fcnde 600&#8217;den fazla kon\u00e7erto, sonat, senfoni ve opera yazan bir besteci. Sa\u00e7ma \u015fakalar yapmaya bay\u0131lan ciddi bir m\u00fczisyen.Ger\u00e7ek Mozart&#8217;\u0131, bu e\u011flenceli, heyecanl\u0131 ve resimli biyografisinde \u00e7ok daha yak\u0131ndan tan\u0131y\u0131n!<\/p>\n","protected":false},"excerpt":{"rendered":"<p>Piyano yetene\u011fiyle Avusturya \u0130mparatori\u00e7esi&#8217;ni kendine hayran b\u0131rakan alt\u0131 ya\u015f\u0131nda bir \u00e7ocuk. Otuz be\u015f y\u0131ll\u0131k \u00f6mr\u00fcnde 600&#8217;den fazla kon\u00e7erto, sonat, senfoni ve opera yazan bir besteci. Sa\u00e7ma<span class=\"excerpt-hellip\"> [\u2026]<\/span><\/p>\n","protected":false},"featured_media":0,"template":"","meta":{"_monsterinsights_skip_tracking":false,"_monsterinsights_sitenote_active":false,"_monsterinsights_sitenote_note":"","_monsterinsights_sitenote_category":0},"product_brand":[],"product_cat":[12274,12284],"product_tag":[],"class_list":{"0":"post-781749","1":"product","2":"type-product","3":"status-publish","5":"product_cat-cocuk-ve-genclik-kitaplari","6":"product_cat-hikayeler","7":"pa_cilt-ciltsiz","8":"pa_tur-kitap","9":"pa_yayinevi-beyaz-balina-yayinlari","10":"pa_yazar-yona-zeldis-mcdonough","12":"first","13":"instock","14":"sale","15":"shipping-taxable","16":"purchasable","17":"product-type-simple"},"_links":{"self":[{"href":"https:\/\/roveyayinevi.com.tr\/index.php\/wp-json\/wp\/v2\/product\/781749","targetHints":{"allow":["GET"]}}],"collection":[{"href":"https:\/\/roveyayinevi.com.tr\/index.php\/wp-json\/wp\/v2\/product"}],"about":[{"href":"https:\/\/roveyayinevi.com.tr\/index.php\/wp-json\/wp\/v2\/types\/product"}],"wp:attachment":[{"href":"https:\/\/roveyayinevi.com.tr\/index.php\/wp-json\/wp\/v2\/media?parent=781749"}],"wp:term":[{"taxonomy":"product_brand","embeddable":true,"href":"https:\/\/roveyayinevi.com.tr\/index.php\/wp-json\/wp\/v2\/product_brand?post=781749"},{"taxonomy":"product_cat","embeddable":true,"href":"https:\/\/roveyayinevi.com.tr\/index.php\/wp-json\/wp\/v2\/product_cat?post=781749"},{"taxonomy":"product_tag","embeddable":true,"href":"https:\/\/roveyayinevi.com.tr\/index.php\/wp-json\/wp\/v2\/product_tag?post=781749"}],"curies":[{"name":"wp","href":"https:\/\/api.w.org\/{rel}","templated":true}]}}