{"id":781748,"date":"2026-01-29T02:38:00","date_gmt":"2026-01-28T23:38:00","guid":{"rendered":"https:\/\/roveyayinevi.com.tr\/index.php\/urun\/vucudumda-neler-oluyor-merak-ediyorum-da\/"},"modified":"2026-04-16T02:21:05","modified_gmt":"2026-04-15T23:21:05","slug":"vucudumda-neler-oluyor-merak-ediyorum-da","status":"publish","type":"product","link":"https:\/\/roveyayinevi.com.tr\/index.php\/urun\/vucudumda-neler-oluyor-merak-ediyorum-da\/","title":{"rendered":"V\u00fccudumda Neler Oluyor? &#8211; Merak Ediyorum da"},"content":{"rendered":"<p>Gen\u00e7 zihinleri me\u015fgul eden binlerce soru, renkli \u00e7izimler, karikat\u00fcrler ve sade anlat\u0131mlarla \u201cMerak Ediyorum da\u201d serisinin kitaplar\u0131nda yan\u0131tlan\u0131yor.Kemiklerinizden derinize, kaslar\u0131n\u0131zdan kalbinize, kulaklar\u0131n\u0131z\u0131n \u015feklinden g\u00f6bek deli\u011finize kadar v\u00fccudunuzla ilgili merak etti\u011finiz pek \u00e7ok sorunun yan\u0131t\u0131n\u0131 bu kitapta bulabilirsiniz. <\/p>\n","protected":false},"excerpt":{"rendered":"<p>Gen\u00e7 zihinleri me\u015fgul eden binlerce soru, renkli \u00e7izimler, karikat\u00fcrler ve sade anlat\u0131mlarla \u201cMerak Ediyorum da\u201d serisinin kitaplar\u0131nda yan\u0131tlan\u0131yor.Kemiklerinizden derinize, kaslar\u0131n\u0131zdan kalbinize, kulaklar\u0131n\u0131z\u0131n \u015feklinden g\u00f6bek deli\u011finize kadar<span class=\"excerpt-hellip\"> [\u2026]<\/span><\/p>\n","protected":false},"featured_media":0,"template":"","meta":{"_monsterinsights_skip_tracking":false,"_monsterinsights_sitenote_active":false,"_monsterinsights_sitenote_note":"","_monsterinsights_sitenote_category":0},"product_brand":[],"product_cat":[13829,12274],"product_tag":[],"class_list":{"0":"post-781748","1":"product","2":"type-product","3":"status-publish","5":"product_cat-bilimsel-kitaplar","6":"product_cat-cocuk-ve-genclik-kitaplari","7":"pa_cilt-ciltli","8":"pa_tur-kitap","9":"pa_yayinevi-beyaz-balina-yayinlari","10":"pa_yazar-brigid-avison","12":"first","13":"instock","14":"sale","15":"shipping-taxable","16":"purchasable","17":"product-type-simple"},"_links":{"self":[{"href":"https:\/\/roveyayinevi.com.tr\/index.php\/wp-json\/wp\/v2\/product\/781748","targetHints":{"allow":["GET"]}}],"collection":[{"href":"https:\/\/roveyayinevi.com.tr\/index.php\/wp-json\/wp\/v2\/product"}],"about":[{"href":"https:\/\/roveyayinevi.com.tr\/index.php\/wp-json\/wp\/v2\/types\/product"}],"wp:attachment":[{"href":"https:\/\/roveyayinevi.com.tr\/index.php\/wp-json\/wp\/v2\/media?parent=781748"}],"wp:term":[{"taxonomy":"product_brand","embeddable":true,"href":"https:\/\/roveyayinevi.com.tr\/index.php\/wp-json\/wp\/v2\/product_brand?post=781748"},{"taxonomy":"product_cat","embeddable":true,"href":"https:\/\/roveyayinevi.com.tr\/index.php\/wp-json\/wp\/v2\/product_cat?post=781748"},{"taxonomy":"product_tag","embeddable":true,"href":"https:\/\/roveyayinevi.com.tr\/index.php\/wp-json\/wp\/v2\/product_tag?post=781748"}],"curies":[{"name":"wp","href":"https:\/\/api.w.org\/{rel}","templated":true}]}}