{"id":781747,"date":"2026-01-29T02:36:45","date_gmt":"2026-01-28T23:36:45","guid":{"rendered":"https:\/\/roveyayinevi.com.tr\/index.php\/urun\/garibin-horozu\/"},"modified":"2026-04-16T02:20:57","modified_gmt":"2026-04-15T23:20:57","slug":"garibin-horozu","status":"publish","type":"product","link":"https:\/\/roveyayinevi.com.tr\/index.php\/urun\/garibin-horozu\/","title":{"rendered":"Garibin Horozu"},"content":{"rendered":"<p>R\u0131fat Ilgaz, Garibin Horozu\u2019nda toplumdaki \u00e7eli\u015fkileri o kendine has \u00fcslubuyla anlat\u0131yor. \u0130nsan\u0131 bir yandan hafif hafif g\u00fcld\u00fcr\u00fcrken, bir yandan da ac\u0131 ac\u0131 d\u00fc\u015f\u00fcnd\u00fcren \u00f6yk\u00fcler&#8230; Bu \u00fclkenin \u00f6yk\u00fcleri\u2026 R\u0131fat Ilgaz, e\u011fitimsiz bir toplumda ya\u015fayan bireylerin \u015fiddet ve bask\u0131 kullanarak hedeflerine varmak isteyeceklerini vurgulard\u0131 her zaman. Sanata, k\u00fclt\u00fcre ve e\u011fitime \u00f6nem veren toplumlar\u0131n \u00e7a\u011fda\u015f olabilece\u011fine inan\u0131rd\u0131. Sanat\u00e7\u0131 onun i\u00e7in toplumun yol g\u00f6stericisiydi. Bu y\u00fczden, kendi deyimiyle, \u2018g\u00f6z\u00fc toplumda, kula\u011f\u0131 halkta\u2019yd\u0131. Ayd\u0131n Ilgaz <\/p>\n","protected":false},"excerpt":{"rendered":"<p>R\u0131fat Ilgaz, Garibin Horozu\u2019nda toplumdaki \u00e7eli\u015fkileri o kendine has \u00fcslubuyla anlat\u0131yor. \u0130nsan\u0131 bir yandan hafif hafif g\u00fcld\u00fcr\u00fcrken, bir yandan da ac\u0131 ac\u0131 d\u00fc\u015f\u00fcnd\u00fcren \u00f6yk\u00fcler&#8230; Bu \u00fclkenin<span class=\"excerpt-hellip\"> [\u2026]<\/span><\/p>\n","protected":false},"featured_media":0,"template":"","meta":{"_monsterinsights_skip_tracking":false,"_monsterinsights_sitenote_active":false,"_monsterinsights_sitenote_note":"","_monsterinsights_sitenote_category":0},"product_brand":[],"product_cat":[12291,12711],"product_tag":[],"class_list":{"0":"post-781747","1":"product","2":"type-product","3":"status-publish","5":"product_cat-edebiyat","6":"product_cat-roman-oyku","7":"pa_cilt-ciltsiz","8":"pa_tur-kitap","9":"pa_yayinevi-cinar-yayinlari","10":"pa_yazar-rifat-ilgaz","12":"first","13":"instock","14":"sale","15":"shipping-taxable","16":"purchasable","17":"product-type-simple"},"_links":{"self":[{"href":"https:\/\/roveyayinevi.com.tr\/index.php\/wp-json\/wp\/v2\/product\/781747","targetHints":{"allow":["GET"]}}],"collection":[{"href":"https:\/\/roveyayinevi.com.tr\/index.php\/wp-json\/wp\/v2\/product"}],"about":[{"href":"https:\/\/roveyayinevi.com.tr\/index.php\/wp-json\/wp\/v2\/types\/product"}],"wp:attachment":[{"href":"https:\/\/roveyayinevi.com.tr\/index.php\/wp-json\/wp\/v2\/media?parent=781747"}],"wp:term":[{"taxonomy":"product_brand","embeddable":true,"href":"https:\/\/roveyayinevi.com.tr\/index.php\/wp-json\/wp\/v2\/product_brand?post=781747"},{"taxonomy":"product_cat","embeddable":true,"href":"https:\/\/roveyayinevi.com.tr\/index.php\/wp-json\/wp\/v2\/product_cat?post=781747"},{"taxonomy":"product_tag","embeddable":true,"href":"https:\/\/roveyayinevi.com.tr\/index.php\/wp-json\/wp\/v2\/product_tag?post=781747"}],"curies":[{"name":"wp","href":"https:\/\/api.w.org\/{rel}","templated":true}]}}