{"id":781745,"date":"2026-01-29T02:35:13","date_gmt":"2026-01-28T23:35:13","guid":{"rendered":"https:\/\/roveyayinevi.com.tr\/index.php\/urun\/aklinizi-basina-alin-can-korkmazla-beyinde-yolculuklar\/"},"modified":"2026-04-16T02:19:28","modified_gmt":"2026-04-15T23:19:28","slug":"aklinizi-basina-alin-can-korkmazla-beyinde-yolculuklar","status":"publish","type":"product","link":"https:\/\/roveyayinevi.com.tr\/index.php\/urun\/aklinizi-basina-alin-can-korkmazla-beyinde-yolculuklar\/","title":{"rendered":"Akl\u0131n\u0131z\u0131 Ba\u015f\u0131na Al\u0131n (Can Korkmaz&#8217;la Beyinde yolculuklar)"},"content":{"rendered":"<p>Profes\u00f6r Sabri Korkmaz, \u00e7ok \u00f6nemli deneyler yapan ba\u015far\u0131l\u0131 bir biliminsan\u0131d\u0131r. Ancak bir deney s\u0131ras\u0131nda kaza ge\u00e7irir ve komaya girer. Onu kurtarmaksa asistan\u0131 Kerem ve o\u011flu Can\u2019a d\u00fc\u015fecektir. Bu ikilinin hemen bir yolculu\u011fa \u00e7\u0131kmalar\u0131 gerekmektedir! Nereye mi? Profes\u00f6r\u00fcn beynine tabii ki! <\/p>\n","protected":false},"excerpt":{"rendered":"<p>Profes\u00f6r Sabri Korkmaz, \u00e7ok \u00f6nemli deneyler yapan ba\u015far\u0131l\u0131 bir biliminsan\u0131d\u0131r. Ancak bir deney s\u0131ras\u0131nda kaza ge\u00e7irir ve komaya girer. Onu kurtarmaksa asistan\u0131 Kerem ve o\u011flu Can\u2019a<span class=\"excerpt-hellip\"> [\u2026]<\/span><\/p>\n","protected":false},"featured_media":0,"template":"","meta":{"_monsterinsights_skip_tracking":false,"_monsterinsights_sitenote_active":false,"_monsterinsights_sitenote_note":"","_monsterinsights_sitenote_category":0},"product_brand":[],"product_cat":[12274,12284],"product_tag":[],"class_list":{"0":"post-781745","1":"product","2":"type-product","3":"status-publish","5":"product_cat-cocuk-ve-genclik-kitaplari","6":"product_cat-hikayeler","7":"pa_cilt-ciltsiz","8":"pa_tur-kitap","9":"pa_yayinevi-kirmizi-kedi-yayinevi","10":"pa_yazar-hamit-annak","12":"first","13":"instock","14":"sale","15":"shipping-taxable","16":"purchasable","17":"product-type-simple"},"_links":{"self":[{"href":"https:\/\/roveyayinevi.com.tr\/index.php\/wp-json\/wp\/v2\/product\/781745","targetHints":{"allow":["GET"]}}],"collection":[{"href":"https:\/\/roveyayinevi.com.tr\/index.php\/wp-json\/wp\/v2\/product"}],"about":[{"href":"https:\/\/roveyayinevi.com.tr\/index.php\/wp-json\/wp\/v2\/types\/product"}],"wp:attachment":[{"href":"https:\/\/roveyayinevi.com.tr\/index.php\/wp-json\/wp\/v2\/media?parent=781745"}],"wp:term":[{"taxonomy":"product_brand","embeddable":true,"href":"https:\/\/roveyayinevi.com.tr\/index.php\/wp-json\/wp\/v2\/product_brand?post=781745"},{"taxonomy":"product_cat","embeddable":true,"href":"https:\/\/roveyayinevi.com.tr\/index.php\/wp-json\/wp\/v2\/product_cat?post=781745"},{"taxonomy":"product_tag","embeddable":true,"href":"https:\/\/roveyayinevi.com.tr\/index.php\/wp-json\/wp\/v2\/product_tag?post=781745"}],"curies":[{"name":"wp","href":"https:\/\/api.w.org\/{rel}","templated":true}]}}