{"id":781742,"date":"2026-01-29T02:18:44","date_gmt":"2026-01-28T23:18:44","guid":{"rendered":"https:\/\/roveyayinevi.com.tr\/index.php\/urun\/boncuk-adasi\/"},"modified":"2026-04-05T02:12:26","modified_gmt":"2026-04-04T23:12:26","slug":"boncuk-adasi","status":"publish","type":"product","link":"https:\/\/roveyayinevi.com.tr\/index.php\/urun\/boncuk-adasi\/","title":{"rendered":"Boncuk Adas\u0131"},"content":{"rendered":"<p>Babalar\u0131 orman bek\u00e7isi olan Orhan\u2019la Burhan, ormanda ya\u015famaya ba\u015flarlar. Orman\u0131 ve orada ya\u015fayan canl\u0131lar\u0131 ke\u015ffettik\u00e7e \u00e7ok keyifli g\u00fcnler ge\u00e7irirler. Ancak okula giderken, bir ay\u0131yla kar\u015f\u0131la\u015f\u0131rlar. Sonras\u0131nda neler mi oluyor? Okudu\u011funuzda \u00f6\u011freneceksiniz ve \u00e7ok seveceksiniz.\ufffcTan\u0131t\u0131m Metni<\/p>\n","protected":false},"excerpt":{"rendered":"<p>Babalar\u0131 orman bek\u00e7isi olan Orhan\u2019la Burhan, ormanda ya\u015famaya ba\u015flarlar. Orman\u0131 ve orada ya\u015fayan canl\u0131lar\u0131 ke\u015ffettik\u00e7e \u00e7ok keyifli g\u00fcnler ge\u00e7irirler. Ancak okula giderken, bir ay\u0131yla kar\u015f\u0131la\u015f\u0131rlar. Sonras\u0131nda<span class=\"excerpt-hellip\"> [\u2026]<\/span><\/p>\n","protected":false},"featured_media":0,"template":"","meta":{"_monsterinsights_skip_tracking":false,"_monsterinsights_sitenote_active":false,"_monsterinsights_sitenote_note":"","_monsterinsights_sitenote_category":0},"product_brand":[],"product_cat":[12275,12274],"product_tag":[],"class_list":{"0":"post-781742","1":"product","2":"type-product","3":"status-publish","5":"product_cat-6-12-yas-kitaplari","6":"product_cat-cocuk-ve-genclik-kitaplari","7":"pa_cilt-ciltsiz","8":"pa_tur-kitap","9":"pa_yayinevi-bilgi-yayinevi-cocuk","10":"pa_yazar-ulker-koksal","12":"first","13":"instock","14":"sale","15":"shipping-taxable","16":"purchasable","17":"product-type-simple"},"_links":{"self":[{"href":"https:\/\/roveyayinevi.com.tr\/index.php\/wp-json\/wp\/v2\/product\/781742","targetHints":{"allow":["GET"]}}],"collection":[{"href":"https:\/\/roveyayinevi.com.tr\/index.php\/wp-json\/wp\/v2\/product"}],"about":[{"href":"https:\/\/roveyayinevi.com.tr\/index.php\/wp-json\/wp\/v2\/types\/product"}],"wp:attachment":[{"href":"https:\/\/roveyayinevi.com.tr\/index.php\/wp-json\/wp\/v2\/media?parent=781742"}],"wp:term":[{"taxonomy":"product_brand","embeddable":true,"href":"https:\/\/roveyayinevi.com.tr\/index.php\/wp-json\/wp\/v2\/product_brand?post=781742"},{"taxonomy":"product_cat","embeddable":true,"href":"https:\/\/roveyayinevi.com.tr\/index.php\/wp-json\/wp\/v2\/product_cat?post=781742"},{"taxonomy":"product_tag","embeddable":true,"href":"https:\/\/roveyayinevi.com.tr\/index.php\/wp-json\/wp\/v2\/product_tag?post=781742"}],"curies":[{"name":"wp","href":"https:\/\/api.w.org\/{rel}","templated":true}]}}