{"id":781741,"date":"2026-01-29T02:12:49","date_gmt":"2026-01-28T23:12:49","guid":{"rendered":"https:\/\/roveyayinevi.com.tr\/index.php\/urun\/basi-kuslu-cocuk\/"},"modified":"2026-02-03T02:11:43","modified_gmt":"2026-02-02T23:11:43","slug":"basi-kuslu-cocuk","status":"publish","type":"product","link":"https:\/\/roveyayinevi.com.tr\/index.php\/urun\/basi-kuslu-cocuk\/","title":{"rendered":"Ba\u015f\u0131 Ku\u015flu \u00c7ocuk"},"content":{"rendered":"<p>Her zamanki gibi g\u00fc\u00e7l\u00fckle uyanan \u00dcmit\u00b4i o sabah bir s\u00fcrpriz bekliyordu: Ba\u015f\u0131n\u0131n \u00fcst\u00fcnde bir ku\u015f vard\u0131 ve art\u0131k birlikte ya\u015fayacaklar\u0131n\u0131 s\u00f6yl\u00fcyordu. Bir s\u00fcr\u00fc \u00f6zel yetene\u011fi olan bu geveze ama yard\u0131msever ku\u015fu yaln\u0131zca \u00dcmit g\u00f6rebiliyordu. \u00dcmit ba\u015flang\u0131\u00e7ta bu i\u015ften hi\u00e7 ho\u015flanmad\u0131 ama&#8230;<\/p>\n","protected":false},"excerpt":{"rendered":"<p>Her zamanki gibi g\u00fc\u00e7l\u00fckle uyanan \u00dcmit\u00b4i o sabah bir s\u00fcrpriz bekliyordu: Ba\u015f\u0131n\u0131n \u00fcst\u00fcnde bir ku\u015f vard\u0131 ve art\u0131k birlikte ya\u015fayacaklar\u0131n\u0131 s\u00f6yl\u00fcyordu. Bir s\u00fcr\u00fc \u00f6zel yetene\u011fi olan<span class=\"excerpt-hellip\"> [\u2026]<\/span><\/p>\n","protected":false},"featured_media":0,"template":"","meta":{"_monsterinsights_skip_tracking":false,"_monsterinsights_sitenote_active":false,"_monsterinsights_sitenote_note":"","_monsterinsights_sitenote_category":0},"product_brand":[],"product_cat":[12274,12284],"product_tag":[],"class_list":{"0":"post-781741","1":"product","2":"type-product","3":"status-publish","5":"product_cat-cocuk-ve-genclik-kitaplari","6":"product_cat-hikayeler","7":"pa_cilt-ciltsiz","8":"pa_tur-kitap","9":"pa_yayinevi-bilgi-yayinevi-cocuk","10":"pa_yazar-ayla-kutlu","12":"first","13":"instock","14":"sale","15":"shipping-taxable","16":"purchasable","17":"product-type-simple"},"_links":{"self":[{"href":"https:\/\/roveyayinevi.com.tr\/index.php\/wp-json\/wp\/v2\/product\/781741","targetHints":{"allow":["GET"]}}],"collection":[{"href":"https:\/\/roveyayinevi.com.tr\/index.php\/wp-json\/wp\/v2\/product"}],"about":[{"href":"https:\/\/roveyayinevi.com.tr\/index.php\/wp-json\/wp\/v2\/types\/product"}],"wp:attachment":[{"href":"https:\/\/roveyayinevi.com.tr\/index.php\/wp-json\/wp\/v2\/media?parent=781741"}],"wp:term":[{"taxonomy":"product_brand","embeddable":true,"href":"https:\/\/roveyayinevi.com.tr\/index.php\/wp-json\/wp\/v2\/product_brand?post=781741"},{"taxonomy":"product_cat","embeddable":true,"href":"https:\/\/roveyayinevi.com.tr\/index.php\/wp-json\/wp\/v2\/product_cat?post=781741"},{"taxonomy":"product_tag","embeddable":true,"href":"https:\/\/roveyayinevi.com.tr\/index.php\/wp-json\/wp\/v2\/product_tag?post=781741"}],"curies":[{"name":"wp","href":"https:\/\/api.w.org\/{rel}","templated":true}]}}