{"id":781732,"date":"2026-01-28T04:09:20","date_gmt":"2026-01-28T01:09:20","guid":{"rendered":"https:\/\/roveyayinevi.com.tr\/index.php\/urun\/avokado\/"},"modified":"2026-04-15T03:46:06","modified_gmt":"2026-04-15T00:46:06","slug":"avokado","status":"publish","type":"product","link":"https:\/\/roveyayinevi.com.tr\/index.php\/urun\/avokado\/","title":{"rendered":"Avokado"},"content":{"rendered":"<p>Patili dostlar\u0131m\u0131zla payla\u015ft\u0131\u011f\u0131m\u0131z d\u00fcnyam\u0131za dair s\u0131cac\u0131k bir sevgi hikayesi. .. Dokuz ya\u015f\u0131nda bir yazar\u0131n kaleminden minik y\u00fcreklere ve patili dostlar\u0131m\u0131za bir hediye. Milli E\u011fitim Bakanl\u0131\u011f\u0131n\u0131n Dilimizin Zenginlikleri Projesi kapsam\u0131nda hayat bulan Avokadoyu \u00e7ok seveceksiniz.<\/p>\n","protected":false},"excerpt":{"rendered":"<p>Patili dostlar\u0131m\u0131zla payla\u015ft\u0131\u011f\u0131m\u0131z d\u00fcnyam\u0131za dair s\u0131cac\u0131k bir sevgi hikayesi. .. Dokuz ya\u015f\u0131nda bir yazar\u0131n kaleminden minik y\u00fcreklere ve patili dostlar\u0131m\u0131za bir hediye. Milli E\u011fitim Bakanl\u0131\u011f\u0131n\u0131n Dilimizin<span class=\"excerpt-hellip\"> [\u2026]<\/span><\/p>\n","protected":false},"featured_media":0,"template":"","meta":{"_monsterinsights_skip_tracking":false,"_monsterinsights_sitenote_active":false,"_monsterinsights_sitenote_note":"","_monsterinsights_sitenote_category":0},"product_brand":[],"product_cat":[12274,12284],"product_tag":[],"class_list":{"0":"post-781732","1":"product","2":"type-product","3":"status-publish","5":"product_cat-cocuk-ve-genclik-kitaplari","6":"product_cat-hikayeler","7":"pa_cilt-ciltsiz","8":"pa_tur-kitap","9":"pa_yayinevi-soncag","10":"pa_yazar-bulut-gogus","12":"first","13":"instock","14":"sale","15":"shipping-taxable","16":"purchasable","17":"product-type-simple"},"_links":{"self":[{"href":"https:\/\/roveyayinevi.com.tr\/index.php\/wp-json\/wp\/v2\/product\/781732","targetHints":{"allow":["GET"]}}],"collection":[{"href":"https:\/\/roveyayinevi.com.tr\/index.php\/wp-json\/wp\/v2\/product"}],"about":[{"href":"https:\/\/roveyayinevi.com.tr\/index.php\/wp-json\/wp\/v2\/types\/product"}],"wp:attachment":[{"href":"https:\/\/roveyayinevi.com.tr\/index.php\/wp-json\/wp\/v2\/media?parent=781732"}],"wp:term":[{"taxonomy":"product_brand","embeddable":true,"href":"https:\/\/roveyayinevi.com.tr\/index.php\/wp-json\/wp\/v2\/product_brand?post=781732"},{"taxonomy":"product_cat","embeddable":true,"href":"https:\/\/roveyayinevi.com.tr\/index.php\/wp-json\/wp\/v2\/product_cat?post=781732"},{"taxonomy":"product_tag","embeddable":true,"href":"https:\/\/roveyayinevi.com.tr\/index.php\/wp-json\/wp\/v2\/product_tag?post=781732"}],"curies":[{"name":"wp","href":"https:\/\/api.w.org\/{rel}","templated":true}]}}