{"id":781731,"date":"2026-01-28T04:09:18","date_gmt":"2026-01-28T01:09:18","guid":{"rendered":"https:\/\/roveyayinevi.com.tr\/index.php\/urun\/ruhun-kozmik-kontratlari\/"},"modified":"2026-04-15T03:46:06","modified_gmt":"2026-04-15T00:46:06","slug":"ruhun-kozmik-kontratlari","status":"publish","type":"product","link":"https:\/\/roveyayinevi.com.tr\/index.php\/urun\/ruhun-kozmik-kontratlari\/","title":{"rendered":"Ruh&#8217;un Kozmik Kontratlar\u0131"},"content":{"rendered":"<p>Bu kitap senin i\u00e7in\u2026 Kozmik tohumlar\u0131n ve Scolar Cosmic Seed bilincinin a\u00e7\u0131ld\u0131\u011f\u0131, frekans\u0131 y\u00fckselten ruhsal ba\u011flant\u0131lar\u0131n daha g\u00f6r\u00fcn\u00fcr h\u00e2le geldi\u011fi bu evrede; fark\u0131ndal\u0131k ve i\u00e7sel d\u00f6n\u00fc\u015f\u00fcm her zamankinden daha k\u0131ymetli. \u00c7\u00fcnk\u00fc ruhsal ba\u011flant\u0131lar bizi g\u00fc\u00e7lendirir; fakat bu g\u00fc\u00e7, ancak fark edildi\u011finde ve ki\u015finin kendi i\u00e7sel \u00e7al\u0131\u015fmalar\u0131yla derinle\u015fir. \u00c7ok Boyutlu Kuantum MetaKozmik Kristal DNA yap\u0131m\u0131z\u0131 bedenimizde a\u00e7maya ba\u015flar. Ruhsal ba\u011flant\u0131 yaln\u0131zca soyut bir alan de\u011fildir. Enerji a\u00e7\u0131ld\u0131\u011f\u0131nda ve ki\u015fi buna haz\u0131r oldu\u011funda, beden ve duyular da bu frekansa hizalan\u0131r. \u0130lahi olan yaln\u0131zca bir his olarak kalmaz; hayatta, ili\u015fkilerde ve bedende kar\u015f\u0131l\u0131k bulur. Beden ve ruh ayn\u0131 frekansta bulu\u015ftu\u011funda, iki insan aras\u0131nda derin bir alan a\u00e7\u0131l\u0131r; bu alan bazen d\u00f6n\u00fc\u015ft\u00fcr\u00fcr, bazen s\u0131nar. Uyum artt\u0131k\u00e7a ba\u011f g\u00fc\u00e7lenir, araya parazitler girdi\u011finde ise bulan\u0131kla\u015f\u0131r. Bu y\u00fczden ruhsal ba\u011flant\u0131lar, bizi kendimize \u00e7a\u011f\u0131ran aynalard\u0131r. Bu kitap, bu evreleri daha bilin\u00e7li kar\u015f\u0131layabilmen ve ruhsal ba\u011flant\u0131lar\u0131n hayat\u0131na neden girdi\u011fini daha net g\u00f6rebilmen i\u00e7in geldi. Okurken baz\u0131 sat\u0131rlarda i\u00e7inden bir \u2018evet\u2019 ge\u00e7ebilir: \u201cYaln\u0131z de\u011filim.\u201d Ve\u2026 evet. Ger\u00e7ekten yaln\u0131z de\u011filsin. \u00c7\u00fcnk\u00fc ger\u00e7ek ruhsal ba\u011flant\u0131; yaln\u0131zca hissettiren de\u011fil, olgunla\u015ft\u0131ran, b\u00fcy\u00fcten ve d\u00f6n\u00fc\u015ft\u00fcren bir ba\u011fd\u0131r.<\/p>\n","protected":false},"excerpt":{"rendered":"<p>Bu kitap senin i\u00e7in\u2026 Kozmik tohumlar\u0131n ve Scolar Cosmic Seed bilincinin a\u00e7\u0131ld\u0131\u011f\u0131, frekans\u0131 y\u00fckselten ruhsal ba\u011flant\u0131lar\u0131n daha g\u00f6r\u00fcn\u00fcr h\u00e2le geldi\u011fi bu evrede; fark\u0131ndal\u0131k ve i\u00e7sel d\u00f6n\u00fc\u015f\u00fcm<span class=\"excerpt-hellip\"> [\u2026]<\/span><\/p>\n","protected":false},"featured_media":0,"template":"","meta":{"_monsterinsights_skip_tracking":false,"_monsterinsights_sitenote_active":false,"_monsterinsights_sitenote_note":"","_monsterinsights_sitenote_category":0},"product_brand":[],"product_cat":[12364,12376],"product_tag":[],"class_list":{"0":"post-781731","1":"product","2":"type-product","3":"status-publish","5":"product_cat-genel-konular","6":"product_cat-kisisel-gelisim","7":"pa_cilt-ciltli","8":"pa_tur-kitap","9":"pa_yayinevi-sinirsiz-kitap","10":"pa_yazar-burcu-bal","12":"first","13":"instock","14":"sale","15":"shipping-taxable","16":"purchasable","17":"product-type-simple"},"_links":{"self":[{"href":"https:\/\/roveyayinevi.com.tr\/index.php\/wp-json\/wp\/v2\/product\/781731","targetHints":{"allow":["GET"]}}],"collection":[{"href":"https:\/\/roveyayinevi.com.tr\/index.php\/wp-json\/wp\/v2\/product"}],"about":[{"href":"https:\/\/roveyayinevi.com.tr\/index.php\/wp-json\/wp\/v2\/types\/product"}],"wp:attachment":[{"href":"https:\/\/roveyayinevi.com.tr\/index.php\/wp-json\/wp\/v2\/media?parent=781731"}],"wp:term":[{"taxonomy":"product_brand","embeddable":true,"href":"https:\/\/roveyayinevi.com.tr\/index.php\/wp-json\/wp\/v2\/product_brand?post=781731"},{"taxonomy":"product_cat","embeddable":true,"href":"https:\/\/roveyayinevi.com.tr\/index.php\/wp-json\/wp\/v2\/product_cat?post=781731"},{"taxonomy":"product_tag","embeddable":true,"href":"https:\/\/roveyayinevi.com.tr\/index.php\/wp-json\/wp\/v2\/product_tag?post=781731"}],"curies":[{"name":"wp","href":"https:\/\/api.w.org\/{rel}","templated":true}]}}