{"id":781730,"date":"2026-01-28T04:09:14","date_gmt":"2026-01-28T01:09:14","guid":{"rendered":"https:\/\/roveyayinevi.com.tr\/index.php\/urun\/2957den-0a\/"},"modified":"2026-04-15T03:46:05","modified_gmt":"2026-04-15T00:46:05","slug":"2957den-0a","status":"publish","type":"product","link":"https:\/\/roveyayinevi.com.tr\/index.php\/urun\/2957den-0a\/","title":{"rendered":"2957\u2019den 0\u2019a"},"content":{"rendered":"<p>2957 y\u0131l\u0131nda ge\u00e7en bu roman, g\u00fc\u00e7l\u00fc bir distopya-bilimkurgu omurgas\u0131 \u00fczerine kurulmu\u015f; \u00f6zellikle a\u00e7\u0131l\u0131\u015ftaki atmosfer (iklimin tersy\u00fcz olu\u015fu, insanlar\u0131n \u201ck\u00fcl rengi\u201d bir d\u00fcnyada t\u00fckeni\u015fi) ve T\u00fcrk bilim insanlar\u0131n\u0131n \u00e7aresizli\u011fi, okuru daha ilk sayfalardan hik\u00e2yenin ana gerilimine \u00e7ekiyor. 2957\u2019de ge\u00e7en bu karanl\u0131k gelecek kurgusunda \u201cnebootik radyasyon\/bomba\u201d fikriyle topra\u011f\u0131n \u00f6lmesi, yapay g\u00fcne\u015f \u0131\u015f\u0131\u011f\u0131yla \u00fcretim \u00e7abas\u0131, robotlar\u0131n g\u00fcndelik hayata s\u0131zmas\u0131 ve \u201cYeralt\u0131 Orkidesi (Rhizanthella Gardneri)\u201dnin bir umut nesnesi olarak konumland\u0131r\u0131lmas\u0131 olduk\u00e7a dikkat \u00e7ekici; \u00f6zellikle orkidenin \u201cinsanl\u0131k i\u00e7in tek ihtimal\u201de d\u00f6n\u00fc\u015fmesi, dramatik hedefi netle\u015ftiriyor ve anlat\u0131ya y\u00f6n veriyor. Dr. Ahmet\u2013Dr. Sezer ikilisi \u00fczerinden kurulan bilim\/etik\/\u00e7aresizlik \u00e7at\u0131\u015fmas\u0131, \u201cSiyasi Polis\u201d bask\u0131s\u0131yla birle\u015fince hik\u00e2yenin tansiyonu y\u00fckseliyor; bir yandan insanl\u0131\u011f\u0131 kurtarma plan\u0131, di\u011fer yandan otoriter d\u00fczenin g\u00f6zetimi ve cezaland\u0131rmas\u0131, distopya tad\u0131n\u0131 kuvvetlendiriyor. Robot karakterlerin (Robo, Pixel vb.) tekd\u00fcze mekanik diliyle,  insan duygusunun k\u0131r\u0131lganl\u0131\u011f\u0131 aras\u0131ndaki kar\u015f\u0131tl\u0131k da iyi bir dramatik ara\u00e7 olarak kar\u015f\u0131m\u0131za \u00e7\u0131k\u0131yor; ayr\u0131ca ilerleyen b\u00f6l\u00fcmlerde ma\u011fara, \u00e7ocuklar\u0131n b\u00fcy\u00fcmesi ve liderlik dinamikleri gibi  \u201cyeniden ba\u015flang\u0131\u00e7\u201d hissi ta\u015f\u0131yan sahneler, roman\u0131n yaln\u0131zca y\u0131k\u0131m\u0131 de\u011fil, t\u00fcr\u00fcn devam\u0131 ihtimalini de ta\u015f\u0131d\u0131\u011f\u0131n\u0131 g\u00f6steriyor. Genel olarak roman; g\u00fc\u00e7l\u00fc bir d\u00fcnya fikri, sembolik bir \u201cumut nesnesi\u201d, bask\u0131c\u0131 d\u00fczen gerilimi ve insanl\u0131\u011f\u0131n devam\u0131na dair etkili bir soru ta\u015f\u0131yor. \u00d6zetle bu kitap, sizi 1000 y\u0131l sonras\u0131 ya\u015fan\u0131lmas\u0131 olas\u0131 bir distopik-bilimkurgu evrenine davet ediyor.<\/p>\n","protected":false},"excerpt":{"rendered":"<p>2957 y\u0131l\u0131nda ge\u00e7en bu roman, g\u00fc\u00e7l\u00fc bir distopya-bilimkurgu omurgas\u0131 \u00fczerine kurulmu\u015f; \u00f6zellikle a\u00e7\u0131l\u0131\u015ftaki atmosfer (iklimin tersy\u00fcz olu\u015fu, insanlar\u0131n \u201ck\u00fcl rengi\u201d bir d\u00fcnyada t\u00fckeni\u015fi) ve T\u00fcrk bilim<span class=\"excerpt-hellip\"> [\u2026]<\/span><\/p>\n","protected":false},"featured_media":0,"template":"","meta":{"_monsterinsights_skip_tracking":false,"_monsterinsights_sitenote_active":false,"_monsterinsights_sitenote_note":"","_monsterinsights_sitenote_category":0},"product_brand":[],"product_cat":[12291,12711],"product_tag":[],"class_list":{"0":"post-781730","1":"product","2":"type-product","3":"status-publish","5":"product_cat-edebiyat","6":"product_cat-roman-oyku","7":"pa_cilt-ciltsiz","8":"pa_tur-kitap","9":"pa_yayinevi-gulnar-yayinlari","10":"pa_yazar-ebuzer-sahin","12":"first","13":"instock","14":"sale","15":"shipping-taxable","16":"purchasable","17":"product-type-simple"},"_links":{"self":[{"href":"https:\/\/roveyayinevi.com.tr\/index.php\/wp-json\/wp\/v2\/product\/781730","targetHints":{"allow":["GET"]}}],"collection":[{"href":"https:\/\/roveyayinevi.com.tr\/index.php\/wp-json\/wp\/v2\/product"}],"about":[{"href":"https:\/\/roveyayinevi.com.tr\/index.php\/wp-json\/wp\/v2\/types\/product"}],"wp:attachment":[{"href":"https:\/\/roveyayinevi.com.tr\/index.php\/wp-json\/wp\/v2\/media?parent=781730"}],"wp:term":[{"taxonomy":"product_brand","embeddable":true,"href":"https:\/\/roveyayinevi.com.tr\/index.php\/wp-json\/wp\/v2\/product_brand?post=781730"},{"taxonomy":"product_cat","embeddable":true,"href":"https:\/\/roveyayinevi.com.tr\/index.php\/wp-json\/wp\/v2\/product_cat?post=781730"},{"taxonomy":"product_tag","embeddable":true,"href":"https:\/\/roveyayinevi.com.tr\/index.php\/wp-json\/wp\/v2\/product_tag?post=781730"}],"curies":[{"name":"wp","href":"https:\/\/api.w.org\/{rel}","templated":true}]}}