{"id":781729,"date":"2026-01-28T04:09:11","date_gmt":"2026-01-28T01:09:11","guid":{"rendered":"https:\/\/roveyayinevi.com.tr\/index.php\/urun\/tyt-geometri-konu-konu-son-7-yil-cikmis-sorular\/"},"modified":"2026-04-05T03:37:18","modified_gmt":"2026-04-05T00:37:18","slug":"tyt-geometri-konu-konu-son-7-yil-cikmis-sorular","status":"publish","type":"product","link":"https:\/\/roveyayinevi.com.tr\/index.php\/urun\/tyt-geometri-konu-konu-son-7-yil-cikmis-sorular\/","title":{"rendered":"TYT Geometri Konu Konu Son 7 Y\u0131l \u00c7\u0131km\u0131\u015f Sorular"},"content":{"rendered":"<p>TYT Geometri Konu Konu Son 7 Y\u0131l \u00c7\u0131km\u0131\u015f Sorular<\/p>\n","protected":false},"excerpt":{"rendered":"<p>TYT Geometri Konu Konu Son 7 Y\u0131l \u00c7\u0131km\u0131\u015f Sorular<\/p>\n","protected":false},"featured_media":0,"template":"","meta":{"_monsterinsights_skip_tracking":false,"_monsterinsights_sitenote_active":false,"_monsterinsights_sitenote_note":"","_monsterinsights_sitenote_category":0},"product_brand":[],"product_cat":[12566,13473],"product_tag":[],"class_list":{"0":"post-781729","1":"product","2":"type-product","3":"status-publish","5":"product_cat-egitim","6":"product_cat-sinavlara-hazirlik-okula-yardimci-kaynaklar","7":"pa_cilt-ciltsiz","8":"pa_tur-kitap","9":"pa_yayinevi-marka-yayinlari","10":"pa_yazar-yasin-kara","12":"first","13":"instock","14":"sale","15":"shipping-taxable","16":"purchasable","17":"product-type-simple"},"_links":{"self":[{"href":"https:\/\/roveyayinevi.com.tr\/index.php\/wp-json\/wp\/v2\/product\/781729","targetHints":{"allow":["GET"]}}],"collection":[{"href":"https:\/\/roveyayinevi.com.tr\/index.php\/wp-json\/wp\/v2\/product"}],"about":[{"href":"https:\/\/roveyayinevi.com.tr\/index.php\/wp-json\/wp\/v2\/types\/product"}],"wp:attachment":[{"href":"https:\/\/roveyayinevi.com.tr\/index.php\/wp-json\/wp\/v2\/media?parent=781729"}],"wp:term":[{"taxonomy":"product_brand","embeddable":true,"href":"https:\/\/roveyayinevi.com.tr\/index.php\/wp-json\/wp\/v2\/product_brand?post=781729"},{"taxonomy":"product_cat","embeddable":true,"href":"https:\/\/roveyayinevi.com.tr\/index.php\/wp-json\/wp\/v2\/product_cat?post=781729"},{"taxonomy":"product_tag","embeddable":true,"href":"https:\/\/roveyayinevi.com.tr\/index.php\/wp-json\/wp\/v2\/product_tag?post=781729"}],"curies":[{"name":"wp","href":"https:\/\/api.w.org\/{rel}","templated":true}]}}