{"id":781728,"date":"2026-01-28T04:09:09","date_gmt":"2026-01-28T01:09:09","guid":{"rendered":"https:\/\/roveyayinevi.com.tr\/index.php\/urun\/kadinlardan-nefret-eden-erkekler\/"},"modified":"2026-04-15T03:46:04","modified_gmt":"2026-04-15T00:46:04","slug":"kadinlardan-nefret-eden-erkekler","status":"publish","type":"product","link":"https:\/\/roveyayinevi.com.tr\/index.php\/urun\/kadinlardan-nefret-eden-erkekler\/","title":{"rendered":"Kad\u0131nlardan Nefret Eden Erkekler"},"content":{"rendered":"<p>Bir New York Times \u00c7oksatan\u0131Cehenneme d\u00f6nm\u00fc\u015f bir d\u00fcnya hayal edin.Kad\u0131nlara duyulan nefretin k\u00f6r\u00fcklendi\u011fi, bu nefreti beslemek ve b\u00fcy\u00fctmek \u00fczere kurulmu\u015f, gittik\u00e7e kalabal\u0131kla\u015fan erkek topluluklar\u0131n\u0131n oldu\u011fu bir d\u00fcnya&#8230;\u00d6yle bir d\u00fcnya hayal edin ki, baz\u0131 erkekler karanl\u0131k fantezileri yaln\u0131zca d\u00fc\u015f\u00fcnmekle kalm\u0131yor, hayata da ge\u00e7iriyor.Kad\u0131nlar\u0131 kitlesel bi\u00e7imde katlediyor; geride b\u0131rakt\u0131klar\u0131 manifestolarda ise bu ter\u00f6r eylemlerine y\u00f6nlendiren ideolojilerini a\u00e7\u0131k\u00e7a dile getiriyorlar.Zay\u0131f karakterli erkekler, kay\u0131p \u00e7ocuklar, kafas\u0131 kar\u0131\u015f\u0131k, korku i\u00e7indeki gen\u00e7ler bu topluluklarca ele ge\u00e7iriliyor. Korkular\u0131ndan beslenenler, onlar\u0131 \u015fiddete ve sonunda kendi yok olu\u015flar\u0131na s\u00fcr\u00fckl\u00fcyor.Size ac\u0131 bir haberimiz var\u2026Bu d\u00fcnyay\u0131 hayal etmenize gerek yok \u00e7\u00fcnk\u00fc zaten i\u00e7indesiniz.Belki tam fark\u0131nda de\u011filsiniz \u00e7\u00fcnk\u00fc bu konular \u00fczerine konu\u015fmaktan ka\u00e7\u0131n\u0131yoruz.\u015eimdi tam zaman\u0131.Incel\u2019ler, troller, s\u00f6zde erkek haklar\u0131 aktivistleri, &#8220;k\u0131z tavlama ustalar\u0131&#8221;, chad&#8217;ler ve hen\u00fcz ad\u0131 bile konmam\u0131\u015flar&#8230;D\u00fcnyay\u0131 usul usul zehirliyorlar.K\u00f6kleri derinlere ve eskilere dayan\u0131yor. Her g\u00fcn yeni takip\u00e7iler ediniyorlar.H\u0131zla y\u00fckselen bu \u00f6rg\u00fctl\u00fc nefret h\u00e2l\u00e2 g\u00f6rmezden geliniyor.Kad\u0131n d\u00fc\u015fmanl\u0131\u011f\u0131 bi\u00e7im, dil, y\u00f6ntem de\u011fi\u015ftiriyor ama \u00f6z de\u011fi\u015fmiyor.Laura Bates, k\u00fcresel \u00f6l\u00e7ekte kad\u0131nlara zarar veren nefretin, toksik erkekli\u011fin ve cinsiyet\u00e7i \u00f6nyarg\u0131lar\u0131n farkl\u0131 y\u00fczlerini Kad\u0131nlardan Nefret Eden Erkekler\u2019de a\u00e7\u0131\u011fa \u00e7\u0131kar\u0131yor.\u0130statistiklerle, disiplinler aras\u0131 \u00e7al\u0131\u015fmalarla, ger\u00e7ek ya\u015fam \u00f6yk\u00fcleriyle ve kapsaml\u0131 r\u00f6portajlarla bize daha adil, e\u015fit ve kapsay\u0131c\u0131 bir gelecek in\u015fa etmek i\u00e7in vazge\u00e7ilmez bir rehber sunuyor.Bilgiyle, fark\u0131ndal\u0131kla ve en \u00e7ok da umutla donanmak i\u00e7in ilk ad\u0131m\u0131 att\u0131k, art\u0131k ba\u015fl\u0131yoruz.\u201c\u0130yi ara\u015ft\u0131r\u0131lm\u0131\u015f, titizlikle belgelenmi\u015f\u2026Bu kitap,toksik erkekli\u011fin g\u00fcc\u00fc ve tehlikeleri \u00fczerine herkesin, hepimizin okumas\u0131 gereken bir eser.\u201dLibrary Journal\u201cLaura Bates, bize hem \u00f6zel hem de toplumsal \u00f6l\u00e7ekte hayatta kalman\u0131n yollar\u0131n\u0131 g\u00f6steriyor.\u201dGloria Steinem\u201cOkuyun! Kad\u0131nlardan Nefret Eden Erkekler, toplumsal de\u011fi\u015fimi tetikleme g\u00fcc\u00fcne sahip bir kitap.\u201dSunday Times<\/p>\n","protected":false},"excerpt":{"rendered":"<p>Bir New York Times \u00c7oksatan\u0131Cehenneme d\u00f6nm\u00fc\u015f bir d\u00fcnya hayal edin.Kad\u0131nlara duyulan nefretin k\u00f6r\u00fcklendi\u011fi, bu nefreti beslemek ve b\u00fcy\u00fctmek \u00fczere kurulmu\u015f, gittik\u00e7e kalabal\u0131kla\u015fan erkek topluluklar\u0131n\u0131n oldu\u011fu bir<span class=\"excerpt-hellip\"> [\u2026]<\/span><\/p>\n","protected":false},"featured_media":0,"template":"","meta":{"_monsterinsights_skip_tracking":false,"_monsterinsights_sitenote_active":false,"_monsterinsights_sitenote_note":"","_monsterinsights_sitenote_category":0},"product_brand":[],"product_cat":[26396,13488],"product_tag":[],"class_list":{"0":"post-781728","1":"product","2":"type-product","3":"status-publish","5":"product_cat-kadin-erkek-iliskileri","6":"product_cat-toplum-ve-insan","7":"pa_cilt-ciltsiz","8":"pa_tur-kitap","9":"pa_yayinevi-april-yayincilik","10":"pa_yazar-laura-bates","12":"first","13":"instock","14":"sale","15":"shipping-taxable","16":"purchasable","17":"product-type-simple"},"_links":{"self":[{"href":"https:\/\/roveyayinevi.com.tr\/index.php\/wp-json\/wp\/v2\/product\/781728","targetHints":{"allow":["GET"]}}],"collection":[{"href":"https:\/\/roveyayinevi.com.tr\/index.php\/wp-json\/wp\/v2\/product"}],"about":[{"href":"https:\/\/roveyayinevi.com.tr\/index.php\/wp-json\/wp\/v2\/types\/product"}],"wp:attachment":[{"href":"https:\/\/roveyayinevi.com.tr\/index.php\/wp-json\/wp\/v2\/media?parent=781728"}],"wp:term":[{"taxonomy":"product_brand","embeddable":true,"href":"https:\/\/roveyayinevi.com.tr\/index.php\/wp-json\/wp\/v2\/product_brand?post=781728"},{"taxonomy":"product_cat","embeddable":true,"href":"https:\/\/roveyayinevi.com.tr\/index.php\/wp-json\/wp\/v2\/product_cat?post=781728"},{"taxonomy":"product_tag","embeddable":true,"href":"https:\/\/roveyayinevi.com.tr\/index.php\/wp-json\/wp\/v2\/product_tag?post=781728"}],"curies":[{"name":"wp","href":"https:\/\/api.w.org\/{rel}","templated":true}]}}