{"id":781726,"date":"2026-01-28T04:09:04","date_gmt":"2026-01-28T01:09:04","guid":{"rendered":"https:\/\/roveyayinevi.com.tr\/index.php\/urun\/nutukun-satir-aralari-i-19-mayis-1919-23-nisan-1920-bir-analiz-denemesi\/"},"modified":"2026-04-15T03:46:04","modified_gmt":"2026-04-15T00:46:04","slug":"nutukun-satir-aralari-i-19-mayis-1919-23-nisan-1920-bir-analiz-denemesi","status":"publish","type":"product","link":"https:\/\/roveyayinevi.com.tr\/index.php\/urun\/nutukun-satir-aralari-i-19-mayis-1919-23-nisan-1920-bir-analiz-denemesi\/","title":{"rendered":"Nutuk\u2019un Sat\u0131r Aralar\u0131 I (19 May\u0131s 1919 \u2013 23 Nisan 1920)  Bir Analiz Denemesi"},"content":{"rendered":"<p>Mustafa Kemal Pa\u015fa\u2019n\u0131n 19 May\u0131s 1919\u2019da Samsun\u2019a \u00e7\u0131k\u0131\u015f\u0131ndan 29 Ekim 1923\u2019te cumhuriyetin ilan edili\u015fine kadar ge\u00e7en 4 y\u0131l 5 ay 10 g\u00fcnl\u00fck s\u00fcrede meydana gelen olaylar\u0131n genel ideolojik yorumlar\u0131 an\u0131lan tarihler aras\u0131nda Anadolu\u2019da yeni bir T\u00fcrk devletinin kurulmas\u0131 m\u00fccadelesinin verildi\u011fi \u015feklinde tezah\u00fcr etmi\u015ftir. Bu s\u00fcre\u00e7te meydana gelen olaylar\u0131n resmi aktar\u0131l\u0131\u015f ve yorumlan\u0131\u015f bi\u00e7imi milletimizin tarih alg\u0131s\u0131nda bir kopukluk meydana getirmi\u015ftir. Bu durum tarihi haf\u0131zam\u0131z\u0131 sisler arkas\u0131na itmi\u015f, onu bizim a\u00e7\u0131m\u0131zdan bir enerji kayna\u011f\u0131 olmaktan adeta uzakla\u015ft\u0131rm\u0131\u015ft\u0131r. Mevcut tarih anlay\u0131\u015f\u0131na ait s\u00f6ylemin olu\u015fturdu\u011fu ortamda millet, tarihimizi, kimli\u011fimizi, k\u00fclt\u00fcr\u00fcm\u00fcz\u00fc ve de\u011ferlerimizi alg\u0131lama noktas\u0131nda ciddi ve k\u00f6kl\u00fc problemler ya\u015famaktad\u0131r. Y\u0131llard\u0131r bu alg\u0131 problemini gidermek i\u00e7in gerek muhafazak\u00e2r ve milliyet\u00e7i gerekse Atat\u00fcrk\u00e7\u00fc ve sol tabanl\u0131 \u00e7evrelerden her birinin, tarihimizin bu aral\u0131\u011f\u0131 ile ilgili olarak yapa geldi\u011fi yorumlar, \u00fcretti\u011fi s\u00f6ylemler kar\u015f\u0131 tarafca kabul edilmemektedir. Bu konudaki farkl\u0131 alg\u0131lama problemini giderme noktas\u0131nda ba\u015fvurulacak en sa\u011flam kaynak bu d\u00f6nemi ya\u015fayan akt\u00f6rlerin ba\u015f\u0131nda gelen Cumhuriyet d\u00f6nemimizin ilk lideri Mustafa Kemal Atat\u00fcrk ve onun bu s\u00fcreci anlatan Nutuk adl\u0131 eseri olmal\u0131d\u0131r.<\/p>\n","protected":false},"excerpt":{"rendered":"<p>Mustafa Kemal Pa\u015fa\u2019n\u0131n 19 May\u0131s 1919\u2019da Samsun\u2019a \u00e7\u0131k\u0131\u015f\u0131ndan 29 Ekim 1923\u2019te cumhuriyetin ilan edili\u015fine kadar ge\u00e7en 4 y\u0131l 5 ay 10 g\u00fcnl\u00fck s\u00fcrede meydana gelen olaylar\u0131n<span class=\"excerpt-hellip\"> [\u2026]<\/span><\/p>\n","protected":false},"featured_media":0,"template":"","meta":{"_monsterinsights_skip_tracking":false,"_monsterinsights_sitenote_active":false,"_monsterinsights_sitenote_note":"","_monsterinsights_sitenote_category":0},"product_brand":[],"product_cat":[12777,12291],"product_tag":[],"class_list":{"0":"post-781726","1":"product","2":"type-product","3":"status-publish","5":"product_cat-deneme","6":"product_cat-edebiyat","7":"pa_cilt-ciltsiz","8":"pa_tur-kitap","9":"pa_yayinevi-gulnar-yayinlari","10":"pa_yazar-mat-ogrt-vehbi-yahsi-doc-dr-halil-altuntas","12":"first","13":"instock","14":"sale","15":"shipping-taxable","16":"purchasable","17":"product-type-simple"},"_links":{"self":[{"href":"https:\/\/roveyayinevi.com.tr\/index.php\/wp-json\/wp\/v2\/product\/781726","targetHints":{"allow":["GET"]}}],"collection":[{"href":"https:\/\/roveyayinevi.com.tr\/index.php\/wp-json\/wp\/v2\/product"}],"about":[{"href":"https:\/\/roveyayinevi.com.tr\/index.php\/wp-json\/wp\/v2\/types\/product"}],"wp:attachment":[{"href":"https:\/\/roveyayinevi.com.tr\/index.php\/wp-json\/wp\/v2\/media?parent=781726"}],"wp:term":[{"taxonomy":"product_brand","embeddable":true,"href":"https:\/\/roveyayinevi.com.tr\/index.php\/wp-json\/wp\/v2\/product_brand?post=781726"},{"taxonomy":"product_cat","embeddable":true,"href":"https:\/\/roveyayinevi.com.tr\/index.php\/wp-json\/wp\/v2\/product_cat?post=781726"},{"taxonomy":"product_tag","embeddable":true,"href":"https:\/\/roveyayinevi.com.tr\/index.php\/wp-json\/wp\/v2\/product_tag?post=781726"}],"curies":[{"name":"wp","href":"https:\/\/api.w.org\/{rel}","templated":true}]}}