{"id":781722,"date":"2026-01-28T04:08:54","date_gmt":"2026-01-28T01:08:54","guid":{"rendered":"https:\/\/roveyayinevi.com.tr\/index.php\/urun\/hayatin-ruzgarinda-bulusmak\/"},"modified":"2026-04-15T03:46:03","modified_gmt":"2026-04-15T00:46:03","slug":"hayatin-ruzgarinda-bulusmak","status":"publish","type":"product","link":"https:\/\/roveyayinevi.com.tr\/index.php\/urun\/hayatin-ruzgarinda-bulusmak\/","title":{"rendered":"Hayat\u0131n R\u00fczgar\u0131nda Bulu\u015fmak"},"content":{"rendered":"<p>M\u00fcbadele y\u0131llar\u0131ndan y\u00fczy\u0131l\u0131n ortalar\u0131na kadar uzanan bir aile hik\u00e2yesi&#8230; 1924 y\u0131l\u0131nda m\u00fcbadeleyle kar\u015f\u0131l\u0131kl\u0131 g\u00f6\u00e7 eden M\u00fcsl\u00fcman ve Hristiyan iki ailenin gen\u00e7leri aras\u0131nda ya\u015fanan imk\u00e2ns\u0131z a\u015fk\u0131n istenmeyen meyvesidir Eleana. Hayata yapt\u0131\u011f\u0131 bu zorlu ba\u015flang\u0131\u00e7, bamba\u015fka ya\u015famlar\u0131n kesi\u015fti\u011fi bir yolculu\u011fa s\u00fcr\u00fckler onu. Eleana bu yolculukta, farkl\u0131 hik\u00e2yeleri olan \u00fc\u00e7 ki\u015fiyle daha kar\u015f\u0131la\u015facakt\u0131r. Bu kar\u015f\u0131la\u015fmalar\u0131n sonunda acaba \u00e7aresizlik ve yaln\u0131zl\u0131ktan kurtulup umuda yelken a\u00e7abilecek midir? Mediha Selda Avc\u0131, m\u00fcbadele y\u0131llar\u0131ndan y\u00fczy\u0131l\u0131n ortalar\u0131na kadar uzanan bir d\u00f6nemi g\u00f6\u00e7men bir ailenin oda\u011f\u0131nda ele al\u0131yor<\/p>\n","protected":false},"excerpt":{"rendered":"<p>M\u00fcbadele y\u0131llar\u0131ndan y\u00fczy\u0131l\u0131n ortalar\u0131na kadar uzanan bir aile hik\u00e2yesi&#8230; 1924 y\u0131l\u0131nda m\u00fcbadeleyle kar\u015f\u0131l\u0131kl\u0131 g\u00f6\u00e7 eden M\u00fcsl\u00fcman ve Hristiyan iki ailenin gen\u00e7leri aras\u0131nda ya\u015fanan imk\u00e2ns\u0131z a\u015fk\u0131n istenmeyen<span class=\"excerpt-hellip\"> [\u2026]<\/span><\/p>\n","protected":false},"featured_media":0,"template":"","meta":{"_monsterinsights_skip_tracking":false,"_monsterinsights_sitenote_active":false,"_monsterinsights_sitenote_note":"","_monsterinsights_sitenote_category":0},"product_brand":[],"product_cat":[12291,12711],"product_tag":[],"class_list":{"0":"post-781722","1":"product","2":"type-product","3":"status-publish","5":"product_cat-edebiyat","6":"product_cat-roman-oyku","7":"pa_cilt-ciltsiz","8":"pa_tur-kitap","9":"pa_yayinevi-remzi-kitabevi","10":"pa_yazar-mediha-selda-avci","12":"first","13":"instock","14":"sale","15":"shipping-taxable","16":"purchasable","17":"product-type-simple"},"_links":{"self":[{"href":"https:\/\/roveyayinevi.com.tr\/index.php\/wp-json\/wp\/v2\/product\/781722","targetHints":{"allow":["GET"]}}],"collection":[{"href":"https:\/\/roveyayinevi.com.tr\/index.php\/wp-json\/wp\/v2\/product"}],"about":[{"href":"https:\/\/roveyayinevi.com.tr\/index.php\/wp-json\/wp\/v2\/types\/product"}],"wp:attachment":[{"href":"https:\/\/roveyayinevi.com.tr\/index.php\/wp-json\/wp\/v2\/media?parent=781722"}],"wp:term":[{"taxonomy":"product_brand","embeddable":true,"href":"https:\/\/roveyayinevi.com.tr\/index.php\/wp-json\/wp\/v2\/product_brand?post=781722"},{"taxonomy":"product_cat","embeddable":true,"href":"https:\/\/roveyayinevi.com.tr\/index.php\/wp-json\/wp\/v2\/product_cat?post=781722"},{"taxonomy":"product_tag","embeddable":true,"href":"https:\/\/roveyayinevi.com.tr\/index.php\/wp-json\/wp\/v2\/product_tag?post=781722"}],"curies":[{"name":"wp","href":"https:\/\/api.w.org\/{rel}","templated":true}]}}