{"id":781721,"date":"2026-01-28T04:08:50","date_gmt":"2026-01-28T01:08:50","guid":{"rendered":"https:\/\/roveyayinevi.com.tr\/index.php\/urun\/istanbulun-hayaletleri\/"},"modified":"2026-04-15T03:46:03","modified_gmt":"2026-04-15T00:46:03","slug":"istanbulun-hayaletleri","status":"publish","type":"product","link":"https:\/\/roveyayinevi.com.tr\/index.php\/urun\/istanbulun-hayaletleri\/","title":{"rendered":"\u0130stanbul&#8217;un Hayaletleri"},"content":{"rendered":"<p>\u0130stanbul&#8217;un HayaletleriEsra\u2019n\u0131n kocas\u0131 \u0130stanbul B\u00fcy\u00fck\u015fehir Belediyesi Ba\u015fkan aday\u0131d\u0131r. Se\u00e7imlere bir ay kala Esra, kocas\u0131n\u0131n cebinde bir y\u00fcz\u00fck bulur. Bunu kocas\u0131n\u0131n eski kar\u0131s\u0131 i\u00e7in ald\u0131\u011f\u0131n\u0131 d\u00fc\u015f\u00fcn\u00fcp \u00f6fkeyle parma\u011f\u0131na takar ancak y\u00fcz\u00fck, k\u0131sa s\u00fcre sonra beklenmedik bir bi\u00e7imde \u00e7al\u0131n\u0131r. Y\u00fcz\u00fc\u011f\u00fcn izini s\u00fcren Esra, onun ger\u00e7ek sahibinin Kapal\u0131\u00e7ar\u015f\u0131\u2019da nesillerdir kuyumculuk yapan bir aileden gelen Gabriel ad\u0131nda bir S\u00fcryani oldu\u011funu \u00f6\u011frenir. Uzak durmaya \u00e7al\u0131\u015fsa da Gabriel bir \u015fekilde hayat\u0131na girer; Esra\u2019y\u0131, \u0130stanbul\u2019un yer alt\u0131nda ve yer \u00fcst\u00fcnde, parlak mek\u00e2nlar\u0131ndan k\u00f6hne sokaklar\u0131na ve dehlizlerine uzanan bir yolculu\u011fa s\u00fcr\u00fckler. Gen\u00e7 kad\u0131n, kentin g\u00f6r\u00fcnen y\u00fcz\u00fcn\u00fcn ard\u0131ndaki kirli oyunlara tan\u0131k olur \u2014 ve bizi de tan\u0131k eder. \u0130stanbul\u2019un Hayaletleri, bu kadim \u015fehrin b\u00fct\u00fcn y\u00fczlerini, ya\u015fayan ya\u015famayan karakterlerini, binlerce y\u0131ll\u0131k hik\u00e2yelerini bize soluk solu\u011fa bir kurguyla anlat\u0131yor. Bu hik\u00e2yeler hep oldu, hep olacak. \u0130stanbul ise o g\u00f6rkemli tarihine yenilerini eklemekten geri durmayacak\u2026<\/p>\n","protected":false},"excerpt":{"rendered":"<p>\u0130stanbul&#8217;un HayaletleriEsra\u2019n\u0131n kocas\u0131 \u0130stanbul B\u00fcy\u00fck\u015fehir Belediyesi Ba\u015fkan aday\u0131d\u0131r. Se\u00e7imlere bir ay kala Esra, kocas\u0131n\u0131n cebinde bir y\u00fcz\u00fck bulur. Bunu kocas\u0131n\u0131n eski kar\u0131s\u0131 i\u00e7in ald\u0131\u011f\u0131n\u0131 d\u00fc\u015f\u00fcn\u00fcp \u00f6fkeyle<span class=\"excerpt-hellip\"> [\u2026]<\/span><\/p>\n","protected":false},"featured_media":0,"template":"","meta":{"_monsterinsights_skip_tracking":false,"_monsterinsights_sitenote_active":false,"_monsterinsights_sitenote_note":"","_monsterinsights_sitenote_category":0},"product_brand":[],"product_cat":[12291,12711],"product_tag":[],"class_list":{"0":"post-781721","1":"product","2":"type-product","3":"status-publish","5":"product_cat-edebiyat","6":"product_cat-roman-oyku","7":"pa_cilt-ciltsiz","8":"pa_tur-kitap","9":"pa_yayinevi-remzi-kitabevi","10":"pa_yazar-yonca-eldener","12":"first","13":"instock","14":"sale","15":"shipping-taxable","16":"purchasable","17":"product-type-simple"},"_links":{"self":[{"href":"https:\/\/roveyayinevi.com.tr\/index.php\/wp-json\/wp\/v2\/product\/781721","targetHints":{"allow":["GET"]}}],"collection":[{"href":"https:\/\/roveyayinevi.com.tr\/index.php\/wp-json\/wp\/v2\/product"}],"about":[{"href":"https:\/\/roveyayinevi.com.tr\/index.php\/wp-json\/wp\/v2\/types\/product"}],"wp:attachment":[{"href":"https:\/\/roveyayinevi.com.tr\/index.php\/wp-json\/wp\/v2\/media?parent=781721"}],"wp:term":[{"taxonomy":"product_brand","embeddable":true,"href":"https:\/\/roveyayinevi.com.tr\/index.php\/wp-json\/wp\/v2\/product_brand?post=781721"},{"taxonomy":"product_cat","embeddable":true,"href":"https:\/\/roveyayinevi.com.tr\/index.php\/wp-json\/wp\/v2\/product_cat?post=781721"},{"taxonomy":"product_tag","embeddable":true,"href":"https:\/\/roveyayinevi.com.tr\/index.php\/wp-json\/wp\/v2\/product_tag?post=781721"}],"curies":[{"name":"wp","href":"https:\/\/api.w.org\/{rel}","templated":true}]}}