{"id":781719,"date":"2026-01-28T04:08:46","date_gmt":"2026-01-28T01:08:46","guid":{"rendered":"https:\/\/roveyayinevi.com.tr\/index.php\/urun\/corap-dedektifi\/"},"modified":"2026-04-15T03:46:01","modified_gmt":"2026-04-15T00:46:01","slug":"corap-dedektifi","status":"publish","type":"product","link":"https:\/\/roveyayinevi.com.tr\/index.php\/urun\/corap-dedektifi\/","title":{"rendered":"\u00c7orap Dedektifi"},"content":{"rendered":"<p>2025 NEWBERY ONUR \u00d6D\u00dcL\u00dc ARTIK \u00c7ORAPLAR TEK KALMAYACAK!   Magnolia Wu yaz tatilini ailesinin i\u015fletti\u011fi \u00e7ama\u015f\u0131rhanede ge\u00e7irmek zorunda. S\u0131k\u0131nt\u0131dan patlarken kendine bir u\u011fra\u015f buluyor: Teki unutulmu\u015f \u00e7oraplar\u0131, sahipleri gelip al\u0131r diye panoya i\u011fnelemek&#8230; ama kimseler gelmiyor. Yak\u0131na ta\u015f\u0131nan Iris\u2019le arkada\u015f olunca ikili y\u00f6ntem de\u011fi\u015ftiriyor: Sokak sokak \u2013pardon \u00e7orap \u00e7orap\u2013 gezip kay\u0131p \u00e7oraplar\u0131n sahiplerini arayacaklar.   \u00c7oraplar\u0131n \u00fcst\u00fcndeki her desen bir ipucu. Mahallenin t\u00fcm ilgin\u00e7 sakinleri ise birer \u015f\u00fcpheli!   Metropolde \u00e7ocuk olmay\u0131, aile ve arkada\u015fl\u0131k ili\u015fkilerini e\u011flenceli bir dille anlatan, kendimizi oldu\u011fumuz gibi kabul etme se\u00e7ene\u011fini vurgulayan bol \u00f6d\u00fcll\u00fc bir kitap.<\/p>\n","protected":false},"excerpt":{"rendered":"<p>2025 NEWBERY ONUR \u00d6D\u00dcL\u00dc ARTIK \u00c7ORAPLAR TEK KALMAYACAK! Magnolia Wu yaz tatilini ailesinin i\u015fletti\u011fi \u00e7ama\u015f\u0131rhanede ge\u00e7irmek zorunda. S\u0131k\u0131nt\u0131dan patlarken kendine bir u\u011fra\u015f buluyor: Teki unutulmu\u015f \u00e7oraplar\u0131,<span class=\"excerpt-hellip\"> [\u2026]<\/span><\/p>\n","protected":false},"featured_media":0,"template":"","meta":{"_monsterinsights_skip_tracking":false,"_monsterinsights_sitenote_active":false,"_monsterinsights_sitenote_note":"","_monsterinsights_sitenote_category":0},"product_brand":[],"product_cat":[141304],"product_tag":[],"class_list":{"0":"post-781719","1":"product","2":"type-product","3":"status-publish","5":"product_cat-yeni-cikanlar","6":"pa_cilt-ciltsiz","7":"pa_tur-kitap","8":"pa_yayinevi-domingo-yayinevi","9":"pa_yazar-magnolia-wu","11":"first","12":"instock","13":"sale","14":"shipping-taxable","15":"purchasable","16":"product-type-simple"},"_links":{"self":[{"href":"https:\/\/roveyayinevi.com.tr\/index.php\/wp-json\/wp\/v2\/product\/781719","targetHints":{"allow":["GET"]}}],"collection":[{"href":"https:\/\/roveyayinevi.com.tr\/index.php\/wp-json\/wp\/v2\/product"}],"about":[{"href":"https:\/\/roveyayinevi.com.tr\/index.php\/wp-json\/wp\/v2\/types\/product"}],"wp:attachment":[{"href":"https:\/\/roveyayinevi.com.tr\/index.php\/wp-json\/wp\/v2\/media?parent=781719"}],"wp:term":[{"taxonomy":"product_brand","embeddable":true,"href":"https:\/\/roveyayinevi.com.tr\/index.php\/wp-json\/wp\/v2\/product_brand?post=781719"},{"taxonomy":"product_cat","embeddable":true,"href":"https:\/\/roveyayinevi.com.tr\/index.php\/wp-json\/wp\/v2\/product_cat?post=781719"},{"taxonomy":"product_tag","embeddable":true,"href":"https:\/\/roveyayinevi.com.tr\/index.php\/wp-json\/wp\/v2\/product_tag?post=781719"}],"curies":[{"name":"wp","href":"https:\/\/api.w.org\/{rel}","templated":true}]}}