{"id":781718,"date":"2026-01-28T04:08:45","date_gmt":"2026-01-28T01:08:45","guid":{"rendered":"https:\/\/roveyayinevi.com.tr\/index.php\/urun\/bitkiler-hayvanlar-ve-insanlar\/"},"modified":"2026-04-15T03:45:59","modified_gmt":"2026-04-15T00:45:59","slug":"bitkiler-hayvanlar-ve-insanlar","status":"publish","type":"product","link":"https:\/\/roveyayinevi.com.tr\/index.php\/urun\/bitkiler-hayvanlar-ve-insanlar\/","title":{"rendered":"Bitkiler, Hayvanlar ve \u0130nsanlar"},"content":{"rendered":"<p>Bitkiler, d\u00fcnyada \u00e7o\u011falman\u0131n ve hayatta kalman\u0131n s\u0131rlar\u0131n\u0131 ilk \u00f6\u011frenen canl\u0131 kabul edilir, insanlar\u0131n duyamad\u0131\u011f\u0131 sesler \u00e7\u0131kar\u0131rlar, hareketleri, beyinleri olmasa da en ak\u0131ll\u0131 bilgisayar\u0131n bilemeyece\u011fi teknikleri kullan\u0131rlar. Ku\u015f, ar\u0131, b\u00f6cek yard\u0131m\u0131 ile d\u00f6llenenleri onlar\u0131 kendilerine \u00e7ekmek i\u00e7in g\u00fczel kokular yayar, tatl\u0131 nektar \u00fcretir, tuzak kurar. Baz\u0131lar\u0131n\u0131n d\u00f6llenmesine r\u00fczg\u00e2r yeter. Gece a\u00e7an \u00e7i\u00e7ekler gece u\u00e7an kelebeklere g\u00f6r\u00fcnmek i\u00e7in beyaz renkte a\u00e7ar. Kozala\u011f\u0131n i\u00e7inde erkek organ\u0131n \u00fcretti\u011fi polenler tohum taslaklar\u0131yla temas ederek d\u00f6llenir. Meyve, tohumu muhafaza eder, tohum olgunla\u015f\u0131nca hayvanlar\u0131 cezbetmek i\u00e7in meyveler renklenir, tatlan\u0131r.<\/p>\n","protected":false},"excerpt":{"rendered":"<p>Bitkiler, d\u00fcnyada \u00e7o\u011falman\u0131n ve hayatta kalman\u0131n s\u0131rlar\u0131n\u0131 ilk \u00f6\u011frenen canl\u0131 kabul edilir, insanlar\u0131n duyamad\u0131\u011f\u0131 sesler \u00e7\u0131kar\u0131rlar, hareketleri, beyinleri olmasa da en ak\u0131ll\u0131 bilgisayar\u0131n bilemeyece\u011fi teknikleri kullan\u0131rlar.<span class=\"excerpt-hellip\"> [\u2026]<\/span><\/p>\n","protected":false},"featured_media":0,"template":"","meta":{"_monsterinsights_skip_tracking":false,"_monsterinsights_sitenote_active":false,"_monsterinsights_sitenote_note":"","_monsterinsights_sitenote_category":0},"product_brand":[],"product_cat":[141304],"product_tag":[],"class_list":{"0":"post-781718","1":"product","2":"type-product","3":"status-publish","5":"product_cat-yeni-cikanlar","6":"pa_cilt-ciltsiz","7":"pa_tur-kitap","8":"pa_yayinevi-imbik-yayinlari","9":"pa_yazar-uygun-ahmet-aker","11":"first","12":"instock","13":"sale","14":"shipping-taxable","15":"purchasable","16":"product-type-simple"},"_links":{"self":[{"href":"https:\/\/roveyayinevi.com.tr\/index.php\/wp-json\/wp\/v2\/product\/781718","targetHints":{"allow":["GET"]}}],"collection":[{"href":"https:\/\/roveyayinevi.com.tr\/index.php\/wp-json\/wp\/v2\/product"}],"about":[{"href":"https:\/\/roveyayinevi.com.tr\/index.php\/wp-json\/wp\/v2\/types\/product"}],"wp:attachment":[{"href":"https:\/\/roveyayinevi.com.tr\/index.php\/wp-json\/wp\/v2\/media?parent=781718"}],"wp:term":[{"taxonomy":"product_brand","embeddable":true,"href":"https:\/\/roveyayinevi.com.tr\/index.php\/wp-json\/wp\/v2\/product_brand?post=781718"},{"taxonomy":"product_cat","embeddable":true,"href":"https:\/\/roveyayinevi.com.tr\/index.php\/wp-json\/wp\/v2\/product_cat?post=781718"},{"taxonomy":"product_tag","embeddable":true,"href":"https:\/\/roveyayinevi.com.tr\/index.php\/wp-json\/wp\/v2\/product_tag?post=781718"}],"curies":[{"name":"wp","href":"https:\/\/api.w.org\/{rel}","templated":true}]}}