{"id":781715,"date":"2026-01-28T04:08:03","date_gmt":"2026-01-28T01:08:03","guid":{"rendered":"https:\/\/roveyayinevi.com.tr\/index.php\/urun\/yapay-zeka-uygulamalarinin-muhasebeye-yansimalari\/"},"modified":"2026-04-15T03:44:53","modified_gmt":"2026-04-15T00:44:53","slug":"yapay-zeka-uygulamalarinin-muhasebeye-yansimalari","status":"publish","type":"product","link":"https:\/\/roveyayinevi.com.tr\/index.php\/urun\/yapay-zeka-uygulamalarinin-muhasebeye-yansimalari\/","title":{"rendered":"Yapay Zeka Uygulamalar\u0131n\u0131n Muhasebeye Yans\u0131malar\u0131"},"content":{"rendered":"<p>\u0130\u00e7indekiler :   1.B\u00d6L\u00dcM: YAPAY ZEK\u00c2 ve MUHASEBE Giri\u015f ve Temel Kavramlar   2. B\u00d6L\u00dcM: YAPAY ZEK\u00c2 \u0130LE MUHASEBE OTOMASYONU   3.B\u00d6L\u00dcM: YAPAY ZEK\u00c2 VE MUHASEBEN\u0130N GELECEK PERSPEKT\u0130F\u0130   4. B\u00d6L\u00dcM: B\u00dcY\u00dcK VER\u0130 VE MUHASEBE VER\u0130 ANAL\u0130T\u0130\u011e\u0130   5.B\u00d6L\u00dcM: DO\u011eAL D\u0130L \u0130\u015eLEMEN\u0130N MUHASEBE ALANINDAK\u0130 ROL\u00dc: TEOR\u0130K \u00c7ER\u00c7EVE VE UYGULAMA ALANLARI   6.B\u00d6L\u00dcM: DER\u0130N \u00d6\u011eRENME \u0130LE R\u0130SK TESP\u0130T\u0130 VE DENET\u0130M   7.B\u00d6L\u00dcM: MUHASEBEDE TAHM\u0130N VE SINIFLANDIRMADA MAK\u0130NE \u00d6\u011eRENMES\u0130: MARKET \u0130\u015eLETMES\u0130NDE B\u0130R UYGULAMA <\/p>\n","protected":false},"excerpt":{"rendered":"<p>\u0130\u00e7indekiler : 1.B\u00d6L\u00dcM: YAPAY ZEK\u00c2 ve MUHASEBE Giri\u015f ve Temel Kavramlar 2. B\u00d6L\u00dcM: YAPAY ZEK\u00c2 \u0130LE MUHASEBE OTOMASYONU 3.B\u00d6L\u00dcM: YAPAY ZEK\u00c2 VE MUHASEBEN\u0130N GELECEK PERSPEKT\u0130F\u0130 4.<span class=\"excerpt-hellip\"> [\u2026]<\/span><\/p>\n","protected":false},"featured_media":0,"template":"","meta":{"_monsterinsights_skip_tracking":false,"_monsterinsights_sitenote_active":false,"_monsterinsights_sitenote_note":"","_monsterinsights_sitenote_category":0},"product_brand":[],"product_cat":[13043,14381],"product_tag":[],"class_list":{"0":"post-781715","1":"product","2":"type-product","3":"status-publish","5":"product_cat-ekonomi","6":"product_cat-isletme-muhasebe-maliye","7":"pa_cilt-ciltsiz","8":"pa_tur-kitap","9":"pa_yayinevi-gazi-kitabevi","10":"pa_yazar-kolektif","12":"first","13":"instock","14":"sale","15":"shipping-taxable","16":"purchasable","17":"product-type-simple"},"_links":{"self":[{"href":"https:\/\/roveyayinevi.com.tr\/index.php\/wp-json\/wp\/v2\/product\/781715","targetHints":{"allow":["GET"]}}],"collection":[{"href":"https:\/\/roveyayinevi.com.tr\/index.php\/wp-json\/wp\/v2\/product"}],"about":[{"href":"https:\/\/roveyayinevi.com.tr\/index.php\/wp-json\/wp\/v2\/types\/product"}],"wp:attachment":[{"href":"https:\/\/roveyayinevi.com.tr\/index.php\/wp-json\/wp\/v2\/media?parent=781715"}],"wp:term":[{"taxonomy":"product_brand","embeddable":true,"href":"https:\/\/roveyayinevi.com.tr\/index.php\/wp-json\/wp\/v2\/product_brand?post=781715"},{"taxonomy":"product_cat","embeddable":true,"href":"https:\/\/roveyayinevi.com.tr\/index.php\/wp-json\/wp\/v2\/product_cat?post=781715"},{"taxonomy":"product_tag","embeddable":true,"href":"https:\/\/roveyayinevi.com.tr\/index.php\/wp-json\/wp\/v2\/product_tag?post=781715"}],"curies":[{"name":"wp","href":"https:\/\/api.w.org\/{rel}","templated":true}]}}