{"id":781712,"date":"2026-01-28T04:06:53","date_gmt":"2026-01-28T01:06:53","guid":{"rendered":"https:\/\/roveyayinevi.com.tr\/index.php\/urun\/ceviride-yapay-zeka-ve-etik\/"},"modified":"2026-04-15T03:44:09","modified_gmt":"2026-04-15T00:44:09","slug":"ceviride-yapay-zeka-ve-etik","status":"publish","type":"product","link":"https:\/\/roveyayinevi.com.tr\/index.php\/urun\/ceviride-yapay-zeka-ve-etik\/","title":{"rendered":"\u00c7eviride Yapay Zeka Ve Etik"},"content":{"rendered":"<p>\u0130\u00e7indekiler :            1. B\u00d6L\u00dcM \u00c7EV\u0130R\u0130 \u00dcZER\u0130NE          2. B\u00d6L\u00dcM \u00c7EV\u0130R\u0130 TEKNOLOJ\u0130LER\u0130          3. B\u00d6L\u00dcM YAPAY ZEKA          4. B\u00d6L\u00dcM YAPAY ZEKA VE \u00c7EV\u0130R\u0130          5. B\u00d6L\u00dcM ET\u0130K <\/p>\n","protected":false},"excerpt":{"rendered":"<p>\u0130\u00e7indekiler : 1. B\u00d6L\u00dcM \u00c7EV\u0130R\u0130 \u00dcZER\u0130NE 2. B\u00d6L\u00dcM \u00c7EV\u0130R\u0130 TEKNOLOJ\u0130LER\u0130 3. B\u00d6L\u00dcM YAPAY ZEKA 4. B\u00d6L\u00dcM YAPAY ZEKA VE \u00c7EV\u0130R\u0130 5. B\u00d6L\u00dcM ET\u0130K<\/p>\n","protected":false},"featured_media":0,"template":"","meta":{"_monsterinsights_skip_tracking":false,"_monsterinsights_sitenote_active":false,"_monsterinsights_sitenote_note":"","_monsterinsights_sitenote_category":0},"product_brand":[],"product_cat":[12291],"product_tag":[],"class_list":{"0":"post-781712","1":"product","2":"type-product","3":"status-publish","5":"product_cat-edebiyat","6":"pa_cilt-ciltsiz","7":"pa_tur-kitap","8":"pa_yayinevi-gazi-kitabevi","9":"pa_yazar-ziya-tok","11":"first","12":"instock","13":"sale","14":"shipping-taxable","15":"purchasable","16":"product-type-simple"},"_links":{"self":[{"href":"https:\/\/roveyayinevi.com.tr\/index.php\/wp-json\/wp\/v2\/product\/781712","targetHints":{"allow":["GET"]}}],"collection":[{"href":"https:\/\/roveyayinevi.com.tr\/index.php\/wp-json\/wp\/v2\/product"}],"about":[{"href":"https:\/\/roveyayinevi.com.tr\/index.php\/wp-json\/wp\/v2\/types\/product"}],"wp:attachment":[{"href":"https:\/\/roveyayinevi.com.tr\/index.php\/wp-json\/wp\/v2\/media?parent=781712"}],"wp:term":[{"taxonomy":"product_brand","embeddable":true,"href":"https:\/\/roveyayinevi.com.tr\/index.php\/wp-json\/wp\/v2\/product_brand?post=781712"},{"taxonomy":"product_cat","embeddable":true,"href":"https:\/\/roveyayinevi.com.tr\/index.php\/wp-json\/wp\/v2\/product_cat?post=781712"},{"taxonomy":"product_tag","embeddable":true,"href":"https:\/\/roveyayinevi.com.tr\/index.php\/wp-json\/wp\/v2\/product_tag?post=781712"}],"curies":[{"name":"wp","href":"https:\/\/api.w.org\/{rel}","templated":true}]}}