{"id":781709,"date":"2026-01-28T04:03:13","date_gmt":"2026-01-28T01:03:13","guid":{"rendered":"https:\/\/roveyayinevi.com.tr\/index.php\/urun\/bak-bul-kaydir-sehirde-ciltli\/"},"modified":"2026-04-15T03:39:54","modified_gmt":"2026-04-15T00:39:54","slug":"bak-bul-kaydir-sehirde-ciltli","status":"publish","type":"product","link":"https:\/\/roveyayinevi.com.tr\/index.php\/urun\/bak-bul-kaydir-sehirde-ciltli\/","title":{"rendered":"Bak, Bul, Kayd\u0131r &#8211; \u015eehirde (Ciltli)"},"content":{"rendered":"<p>Bak, Bul, Kayd\u0131r &#8211; \u015eehirde     Her sayfada kayd\u0131rabilece\u011fin 6 ek sayfa!   Kayd\u0131rmal\u0131 sayfalarla heyecan dolu bir maceraya haz\u0131r m\u0131s\u0131n?   Bu muhte\u015fem \u015fehri ba\u015ftan sona ke\u015ffederken marketten \u00e7\u0131k\u0131p m\u00fczeyi gezeceksin. Kayd\u0131racak, bulacak ve alt\u0131nda neyin sakl\u0131 oldu\u011funa bakacaks\u0131n. Kayd\u0131rd\u0131\u011f\u0131n her sayfada ke\u015ffetmeni bekleyen bir s\u00fcrpriz var. Hadi, ba\u015flayal\u0131m! <\/p>\n","protected":false},"excerpt":{"rendered":"<p>Bak, Bul, Kayd\u0131r &#8211; \u015eehirde Her sayfada kayd\u0131rabilece\u011fin 6 ek sayfa! Kayd\u0131rmal\u0131 sayfalarla heyecan dolu bir maceraya haz\u0131r m\u0131s\u0131n? Bu muhte\u015fem \u015fehri ba\u015ftan sona ke\u015ffederken marketten<span class=\"excerpt-hellip\"> [\u2026]<\/span><\/p>\n","protected":false},"featured_media":0,"template":"","meta":{"_monsterinsights_skip_tracking":false,"_monsterinsights_sitenote_active":false,"_monsterinsights_sitenote_note":"","_monsterinsights_sitenote_category":0},"product_brand":[],"product_cat":[12274,12284],"product_tag":[],"class_list":{"0":"post-781709","1":"product","2":"type-product","3":"status-publish","5":"product_cat-cocuk-ve-genclik-kitaplari","6":"product_cat-hikayeler","7":"pa_cilt-ciltli","8":"pa_tur-kitap","9":"pa_yayinevi-indigo-cocuk","10":"pa_yazar-kolektif","12":"first","13":"instock","14":"sale","15":"shipping-taxable","16":"purchasable","17":"product-type-simple"},"_links":{"self":[{"href":"https:\/\/roveyayinevi.com.tr\/index.php\/wp-json\/wp\/v2\/product\/781709","targetHints":{"allow":["GET"]}}],"collection":[{"href":"https:\/\/roveyayinevi.com.tr\/index.php\/wp-json\/wp\/v2\/product"}],"about":[{"href":"https:\/\/roveyayinevi.com.tr\/index.php\/wp-json\/wp\/v2\/types\/product"}],"wp:attachment":[{"href":"https:\/\/roveyayinevi.com.tr\/index.php\/wp-json\/wp\/v2\/media?parent=781709"}],"wp:term":[{"taxonomy":"product_brand","embeddable":true,"href":"https:\/\/roveyayinevi.com.tr\/index.php\/wp-json\/wp\/v2\/product_brand?post=781709"},{"taxonomy":"product_cat","embeddable":true,"href":"https:\/\/roveyayinevi.com.tr\/index.php\/wp-json\/wp\/v2\/product_cat?post=781709"},{"taxonomy":"product_tag","embeddable":true,"href":"https:\/\/roveyayinevi.com.tr\/index.php\/wp-json\/wp\/v2\/product_tag?post=781709"}],"curies":[{"name":"wp","href":"https:\/\/api.w.org\/{rel}","templated":true}]}}