{"id":781700,"date":"2026-01-28T03:30:38","date_gmt":"2026-01-28T00:30:38","guid":{"rendered":"https:\/\/roveyayinevi.com.tr\/index.php\/urun\/ada-bale-gosterisinde-uyuyan-guzel\/"},"modified":"2026-04-16T02:58:51","modified_gmt":"2026-04-15T23:58:51","slug":"ada-bale-gosterisinde-uyuyan-guzel","status":"publish","type":"product","link":"https:\/\/roveyayinevi.com.tr\/index.php\/urun\/ada-bale-gosterisinde-uyuyan-guzel\/","title":{"rendered":"Ada Bale G\u00f6sterisinde &#8211; Uyuyan G\u00fczel"},"content":{"rendered":"<p>Ada Bale G\u00f6sterisinde dizisi, Tan Sa\u011ft\u00fcrk&#8217;\u00fcn koreografl\u0131\u011f\u0131nda sizleri F\u0131nd\u0131kk\u0131ran ve Uyuyan G\u00fczel gibi klasik balenin b\u00fcy\u00fcl\u00fc eserleriyle tan\u0131\u015ft\u0131r\u0131yor.Her kitapta perde a\u00e7\u0131l\u0131yor; rengarenk \u00e7izimler, sesli \u00f6yk\u00fcler ve m\u00fczik e\u015fli\u011finde ba\u015fyap\u0131tlar bir kez daha hayat buluyor. (Tan\u0131t\u0131m B\u00fclteninden) <\/p>\n","protected":false},"excerpt":{"rendered":"<p>Ada Bale G\u00f6sterisinde dizisi, Tan Sa\u011ft\u00fcrk&#8217;\u00fcn koreografl\u0131\u011f\u0131nda sizleri F\u0131nd\u0131kk\u0131ran ve Uyuyan G\u00fczel gibi klasik balenin b\u00fcy\u00fcl\u00fc eserleriyle tan\u0131\u015ft\u0131r\u0131yor.Her kitapta perde a\u00e7\u0131l\u0131yor; rengarenk \u00e7izimler, sesli \u00f6yk\u00fcler ve<span class=\"excerpt-hellip\"> [\u2026]<\/span><\/p>\n","protected":false},"featured_media":0,"template":"","meta":{"_monsterinsights_skip_tracking":false,"_monsterinsights_sitenote_active":false,"_monsterinsights_sitenote_note":"","_monsterinsights_sitenote_category":0},"product_brand":[],"product_cat":[12275,12274],"product_tag":[],"class_list":{"0":"post-781700","1":"product","2":"type-product","3":"status-publish","5":"product_cat-6-12-yas-kitaplari","6":"product_cat-cocuk-ve-genclik-kitaplari","7":"pa_cilt-ciltsiz","8":"pa_tur-kitap","9":"pa_yayinevi-dogan-egmont-yayincilik","10":"pa_yazar-tan-sagturk","12":"first","13":"instock","14":"sale","15":"shipping-taxable","16":"purchasable","17":"product-type-simple"},"_links":{"self":[{"href":"https:\/\/roveyayinevi.com.tr\/index.php\/wp-json\/wp\/v2\/product\/781700","targetHints":{"allow":["GET"]}}],"collection":[{"href":"https:\/\/roveyayinevi.com.tr\/index.php\/wp-json\/wp\/v2\/product"}],"about":[{"href":"https:\/\/roveyayinevi.com.tr\/index.php\/wp-json\/wp\/v2\/types\/product"}],"wp:attachment":[{"href":"https:\/\/roveyayinevi.com.tr\/index.php\/wp-json\/wp\/v2\/media?parent=781700"}],"wp:term":[{"taxonomy":"product_brand","embeddable":true,"href":"https:\/\/roveyayinevi.com.tr\/index.php\/wp-json\/wp\/v2\/product_brand?post=781700"},{"taxonomy":"product_cat","embeddable":true,"href":"https:\/\/roveyayinevi.com.tr\/index.php\/wp-json\/wp\/v2\/product_cat?post=781700"},{"taxonomy":"product_tag","embeddable":true,"href":"https:\/\/roveyayinevi.com.tr\/index.php\/wp-json\/wp\/v2\/product_tag?post=781700"}],"curies":[{"name":"wp","href":"https:\/\/api.w.org\/{rel}","templated":true}]}}