{"id":781698,"date":"2026-01-28T03:13:05","date_gmt":"2026-01-28T00:13:05","guid":{"rendered":"https:\/\/roveyayinevi.com.tr\/index.php\/urun\/cok-ilginc-bir-haberim-var-sen-de-oku\/"},"modified":"2026-02-03T02:59:31","modified_gmt":"2026-02-02T23:59:31","slug":"cok-ilginc-bir-haberim-var-sen-de-oku","status":"publish","type":"product","link":"https:\/\/roveyayinevi.com.tr\/index.php\/urun\/cok-ilginc-bir-haberim-var-sen-de-oku\/","title":{"rendered":"\u00c7ok \u0130lgin\u00e7 Bir Haberim Var &#8211; Sen de Oku"},"content":{"rendered":"<p>\u201cUzayl\u0131lar geldi!\u201d diye bir haber okusan\u0131z, ne kadar \u015fa\u015f\u0131r\u0131rs\u0131n\u0131z? Hanzade Servi&#8217;nin \u201cSen de Oku\u201d koleksiyonu i\u00e7in kaleme ald\u0131\u011f\u0131 \u00c7ok \u0130lgin\u00e7 Bir Haberim Var, haber ve habercilik kavramlar\u0131n\u0131 dijital medya \u00e7a\u011f\u0131ndaki \u00e7ocuklar\u0131n daha kolay kavrayabilmeleri i\u00e7in sade bir dille anlat\u0131yor; haber de\u011feri \u00f6l\u00e7\u00fctlerini g\u00fcnl\u00fck ya\u015famdan \u00f6rnekler e\u015fli\u011finde tart\u0131\u015fmaya a\u00e7\u0131yor. Okurlara haber toplama ve yazma s\u00fcreci hakk\u0131nda k\u00fc\u00e7\u00fck ipu\u00e7lar\u0131 sunan bu sevimli hik\u00e2ye, bir habere konu olan olay, durum ya da ki\u015finin \u201cnormal\u201d mi yoksa \u201cilgin\u00e7\u201d mi oldu\u011fu \u00fczerine d\u00fc\u015f\u00fcnd\u00fcr\u00fcyor. G\u00fcn\u00fcm\u00fcz insan\u0131n\u0131n \u00e2n\u0131 yakalayamama sorununa da temas eden yazar, bakmakla g\u00f6rmek aras\u0131ndaki fark\u0131 hem e\u011flenceli hem de \u00f6\u011fretici bir metinde a\u00e7\u0131kl\u0131\u011fa kavu\u015fturuyor.  Seksen be\u015f ya\u015f\u0131nda bir \u00e7ocu\u011fun(!) sal\u0131ncakta sallanmas\u0131 m\u0131, yoksa \u00e7i\u00e7eklerine \u015fark\u0131 s\u00f6yleyen bir kad\u0131n m\u0131 kula\u011fa daha ilgin\u00e7 geliyor? Peki, m\u00fczik olmadan dans eden adama ne demeli? \u0130pek&#8217;in ba\u015f\u0131, ev \u00f6deviyle dertte. \u00c7\u00fcnk\u00fc \u00f6\u011fretmeni \u00e7ok ilgin\u00e7 bir haber yazmalar\u0131n\u0131 istiyor. Ama kolay bir i\u015f de\u011fil ki bu! Hangi haber merak uyand\u0131r\u0131c\u0131? Hangisi s\u0131radan? Acaba \u0130pek, o \u00e7ok ilgin\u00e7 haberi yakalay\u0131p \u00f6devinden \u201c\u00e7i\u00e7ekli 100\u201d almay\u0131 ba\u015farabilecek mi?.. K\u00fc\u00e7\u00fck okurlar\u0131n i\u00e7indeki gizli haberciyi uyand\u0131rarak etraf\u0131na bamba\u015fka g\u00f6zlerle bakmas\u0131n\u0131 sa\u011flayan \u00c7ok \u0130lgin\u00e7 Bir Haberim Var, do\u011fru bildi\u011fimiz ve hatta gayet normal sayd\u0131\u011f\u0131m\u0131z kimi olay ve durumlar\u0131n ger\u00e7e\u011fi ne denli yans\u0131tt\u0131\u011f\u0131n\u0131 tekrar tekrar sorgulat\u0131yor. <\/p>\n","protected":false},"excerpt":{"rendered":"<p>\u201cUzayl\u0131lar geldi!\u201d diye bir haber okusan\u0131z, ne kadar \u015fa\u015f\u0131r\u0131rs\u0131n\u0131z? Hanzade Servi&#8217;nin \u201cSen de Oku\u201d koleksiyonu i\u00e7in kaleme ald\u0131\u011f\u0131 \u00c7ok \u0130lgin\u00e7 Bir Haberim Var, haber ve habercilik<span class=\"excerpt-hellip\"> [\u2026]<\/span><\/p>\n","protected":false},"featured_media":0,"template":"","meta":{"_monsterinsights_skip_tracking":false,"_monsterinsights_sitenote_active":false,"_monsterinsights_sitenote_note":"","_monsterinsights_sitenote_category":0},"product_brand":[],"product_cat":[12274,12284],"product_tag":[],"class_list":{"0":"post-781698","1":"product","2":"type-product","3":"status-publish","5":"product_cat-cocuk-ve-genclik-kitaplari","6":"product_cat-hikayeler","7":"pa_cilt-ciltsiz","8":"pa_tur-kitap","9":"pa_yayinevi-tudem-yayinlari","10":"pa_yazar-hanzade-servi","12":"first","13":"instock","14":"sale","15":"shipping-taxable","16":"purchasable","17":"product-type-simple"},"_links":{"self":[{"href":"https:\/\/roveyayinevi.com.tr\/index.php\/wp-json\/wp\/v2\/product\/781698","targetHints":{"allow":["GET"]}}],"collection":[{"href":"https:\/\/roveyayinevi.com.tr\/index.php\/wp-json\/wp\/v2\/product"}],"about":[{"href":"https:\/\/roveyayinevi.com.tr\/index.php\/wp-json\/wp\/v2\/types\/product"}],"wp:attachment":[{"href":"https:\/\/roveyayinevi.com.tr\/index.php\/wp-json\/wp\/v2\/media?parent=781698"}],"wp:term":[{"taxonomy":"product_brand","embeddable":true,"href":"https:\/\/roveyayinevi.com.tr\/index.php\/wp-json\/wp\/v2\/product_brand?post=781698"},{"taxonomy":"product_cat","embeddable":true,"href":"https:\/\/roveyayinevi.com.tr\/index.php\/wp-json\/wp\/v2\/product_cat?post=781698"},{"taxonomy":"product_tag","embeddable":true,"href":"https:\/\/roveyayinevi.com.tr\/index.php\/wp-json\/wp\/v2\/product_tag?post=781698"}],"curies":[{"name":"wp","href":"https:\/\/api.w.org\/{rel}","templated":true}]}}