{"id":781695,"date":"2026-01-28T03:09:43","date_gmt":"2026-01-28T00:09:43","guid":{"rendered":"https:\/\/roveyayinevi.com.tr\/index.php\/urun\/ayicik-ve-sihirli-ay\/"},"modified":"2026-02-03T02:57:53","modified_gmt":"2026-02-02T23:57:53","slug":"ayicik-ve-sihirli-ay","status":"publish","type":"product","link":"https:\/\/roveyayinevi.com.tr\/index.php\/urun\/ayicik-ve-sihirli-ay\/","title":{"rendered":"Ay\u0131c\u0131k ve Sihirli Ay"},"content":{"rendered":"<p>Minik kutup ay\u0131s\u0131 arkada\u015flar\u0131yla oynamay\u0131 seviyor, bembeyaz karlar\u0131n \u00fczerinde yuvarlanmaya bay\u0131l\u0131yordu.G\u00fcnlerden bir g\u00fcn babas\u0131 dolunay kutlamalar\u0131na kat\u0131lacaklar\u0131n\u0131 s\u00f6yledi\u011finde minik kutup ay\u0131s\u0131 \u00f6ylece kalakald\u0131. Minik kutup ay\u0131s\u0131 kutlamalara neden kat\u0131lmak istemiyordu acaba?<\/p>\n","protected":false},"excerpt":{"rendered":"<p>Minik kutup ay\u0131s\u0131 arkada\u015flar\u0131yla oynamay\u0131 seviyor, bembeyaz karlar\u0131n \u00fczerinde yuvarlanmaya bay\u0131l\u0131yordu.G\u00fcnlerden bir g\u00fcn babas\u0131 dolunay kutlamalar\u0131na kat\u0131lacaklar\u0131n\u0131 s\u00f6yledi\u011finde minik kutup ay\u0131s\u0131 \u00f6ylece kalakald\u0131. Minik kutup ay\u0131s\u0131<span class=\"excerpt-hellip\"> [\u2026]<\/span><\/p>\n","protected":false},"featured_media":0,"template":"","meta":{"_monsterinsights_skip_tracking":false,"_monsterinsights_sitenote_active":false,"_monsterinsights_sitenote_note":"","_monsterinsights_sitenote_category":0},"product_brand":[],"product_cat":[12274,12518],"product_tag":[],"class_list":{"0":"post-781695","1":"product","2":"type-product","3":"status-publish","5":"product_cat-cocuk-ve-genclik-kitaplari","6":"product_cat-okul-oncesi-kitaplar","7":"pa_cilt-ciltsiz","8":"pa_tur-kitap","9":"pa_yayinevi-is-bankasi-kultur-yayinlari","10":"pa_yazar-suzanne-pinner","12":"first","13":"instock","14":"sale","15":"shipping-taxable","16":"purchasable","17":"product-type-simple"},"_links":{"self":[{"href":"https:\/\/roveyayinevi.com.tr\/index.php\/wp-json\/wp\/v2\/product\/781695","targetHints":{"allow":["GET"]}}],"collection":[{"href":"https:\/\/roveyayinevi.com.tr\/index.php\/wp-json\/wp\/v2\/product"}],"about":[{"href":"https:\/\/roveyayinevi.com.tr\/index.php\/wp-json\/wp\/v2\/types\/product"}],"wp:attachment":[{"href":"https:\/\/roveyayinevi.com.tr\/index.php\/wp-json\/wp\/v2\/media?parent=781695"}],"wp:term":[{"taxonomy":"product_brand","embeddable":true,"href":"https:\/\/roveyayinevi.com.tr\/index.php\/wp-json\/wp\/v2\/product_brand?post=781695"},{"taxonomy":"product_cat","embeddable":true,"href":"https:\/\/roveyayinevi.com.tr\/index.php\/wp-json\/wp\/v2\/product_cat?post=781695"},{"taxonomy":"product_tag","embeddable":true,"href":"https:\/\/roveyayinevi.com.tr\/index.php\/wp-json\/wp\/v2\/product_tag?post=781695"}],"curies":[{"name":"wp","href":"https:\/\/api.w.org\/{rel}","templated":true}]}}